{"id":12918,"date":"2024-06-21T16:22:22","date_gmt":"2024-06-21T16:22:22","guid":{"rendered":"https:\/\/military-classic-auction.com\/?post_type=product&#038;p=12918"},"modified":"2024-07-06T11:46:52","modified_gmt":"2024-07-06T11:46:52","slug":"container-en-metal-pour-une-douille-de-17-cm-k18-i-mrs-laf","status":"publish","type":"product","link":"https:\/\/military-classic-auction.com\/en\/product\/container-en-metal-pour-une-douille-de-17-cm-k18-i-mrs-laf\/","title":{"rendered":"Container en m\u00e9tal pour une douille de 17 cm \u00ab\u00a0K18.i.Mrs.Laf.\u00a0\u00bb"},"content":{"rendered":"<p>Container en m\u00e9tal pour une douille de 17 cm \u00ab\u00a0K18.i.Mrs.Laf.\u00a0\u00bb<br \/>\nFermeture par deux crochets &#038; deux poign\u00e9es de transport.<br \/>\nTampon waffenamt pr\u00e9sent mais peu visible.<br \/>\nDimension : d24cm x h79cm<br \/>\n(En l&rsquo;\u00e9tat, chocs, oxydation)<br \/>\n&#8211;<br \/>\nMetal container for a 17 cm socket \u00ab\u00a0K18.i.Mrs.Laf.\u00a0\u00bb<br \/>\nClosing with two hooks &#038; two carrying handles.<br \/>\nWaffenamt stamp present but barely visible.<br \/>\nDimensions: d9,4&Prime; x h31,1&Prime;<br \/>\n(As is, shocks, oxidation)<\/p>","protected":false},"excerpt":{"rendered":"<p>Container en m\u00e9tal pour une douille de 17 cm \u00ab\u00a0K18.i.Mrs.Laf.\u00a0\u00bb Fermeture par deux crochets &#038; deux poign\u00e9es de transport. Tampon waffenamt pr\u00e9sent mais peu visible. Dimension : d24cm x h79cm (En l&rsquo;\u00e9tat, chocs, oxydation) &#8211; Metal container for a 17 cm socket \u00ab\u00a0K18.i.Mrs.Laf.\u00a0\u00bb Closing with two hooks &#038; two carrying handles. Waffenamt stamp present but<a class=\"more-link\" href=\"https:\/\/military-classic-auction.com\/en\/product\/container-en-metal-pour-une-douille-de-17-cm-k18-i-mrs-laf\/\">Read more  &#10230;<\/a><\/p>","protected":false},"featured_media":12020,"template":"","meta":[],"product_brand":[],"product_cat":[27],"product_tag":[],"class_list":{"0":"post-12918","1":"product","2":"type-product","3":"status-publish","4":"has-post-thumbnail","6":"product_cat-larmee-des-caisses","8":"first","9":"instock","10":"sold-individually","11":"purchasable","12":"product-type-auction"},"aioseo_notices":[],"_links":{"self":[{"href":"https:\/\/military-classic-auction.com\/en\/wp-json\/wp\/v2\/product\/12918","targetHints":{"allow":["GET"]}}],"collection":[{"href":"https:\/\/military-classic-auction.com\/en\/wp-json\/wp\/v2\/product"}],"about":[{"href":"https:\/\/military-classic-auction.com\/en\/wp-json\/wp\/v2\/types\/product"}],"wp:featuredmedia":[{"embeddable":true,"href":"https:\/\/military-classic-auction.com\/en\/wp-json\/wp\/v2\/media\/12020"}],"wp:attachment":[{"href":"https:\/\/military-classic-auction.com\/en\/wp-json\/wp\/v2\/media?parent=12918"}],"wp:term":[{"taxonomy":"product_brand","embeddable":true,"href":"https:\/\/military-classic-auction.com\/en\/wp-json\/wp\/v2\/product_brand?post=12918"},{"taxonomy":"product_cat","embeddable":true,"href":"https:\/\/military-classic-auction.com\/en\/wp-json\/wp\/v2\/product_cat?post=12918"},{"taxonomy":"product_tag","embeddable":true,"href":"https:\/\/military-classic-auction.com\/en\/wp-json\/wp\/v2\/product_tag?post=12918"}],"curies":[{"name":"wp","href":"https:\/\/api.w.org\/{rel}","templated":true}]}}