{"id":12917,"date":"2024-06-21T16:22:21","date_gmt":"2024-06-21T16:22:21","guid":{"rendered":"https:\/\/military-classic-auction.com\/?post_type=product&#038;p=12917"},"modified":"2024-07-06T11:20:33","modified_gmt":"2024-07-06T11:20:33","slug":"caisse-en-bois-pour-25-fusees-zt-z-s-30-7","status":"publish","type":"product","link":"https:\/\/military-classic-auction.com\/en\/product\/caisse-en-bois-pour-25-fusees-zt-z-s-30-7\/","title":{"rendered":"Caisse en bois pour 25 fus\u00e9es \u00ab\u00a0Zt. Z.S\/30\u00a0\u00bb"},"content":{"rendered":"<p>Caisse en bois pour 25 fus\u00e9es \u00ab\u00a0Zt. Z.S\/30\u00a0\u00bb<br \/>\nFermeture par un crochet &#038; deux poign\u00e9es de transport en cordelette.<br \/>\nMarquage : \u00ab\u00a0Flak Nicht werfen\u00a0\u00bb<br \/>\nCaisson en zinc et r\u00e2telier pr\u00e9sents (incomplet)<br \/>\n\u00c9tiquettes pr\u00e9sentes (incompl\u00e8tes)<br \/>\nDimension : L36,5cm x l40cm x h17,5cm<br \/>\n(En l&rsquo;\u00e9tat, usures)<br \/>\n&#8211;<br \/>\nWooden case for 25 rockets \u00ab\u00a0Zt. Z.S\/30\u00a0\u00bb<br \/>\nClosure with a hook &#038; two cord carrying handles.<br \/>\nMarking: \u00ab\u00a0Flak Nicht werfen\u00a0\u00bb<br \/>\nZinc box and rack present (incomplete)<br \/>\nLabels present (incomplete)<br \/>\nDimensions: L14,3&Prime; x W15,7&Prime; x h6,8&Prime;<br \/>\n(As is, wear)<\/p>","protected":false},"excerpt":{"rendered":"<p>Caisse en bois pour 25 fus\u00e9es \u00ab\u00a0Zt. Z.S\/30\u00a0\u00bb Fermeture par un crochet &#038; deux poign\u00e9es de transport en cordelette. Marquage : \u00ab\u00a0Flak Nicht werfen\u00a0\u00bb Caisson en zinc et r\u00e2telier pr\u00e9sents (incomplet) \u00c9tiquettes pr\u00e9sentes (incompl\u00e8tes) Dimension : L36,5cm x l40cm x h17,5cm (En l&rsquo;\u00e9tat, usures) &#8211; Wooden case for 25 rockets \u00ab\u00a0Zt. Z.S\/30\u00a0\u00bb Closure with a<a class=\"more-link\" href=\"https:\/\/military-classic-auction.com\/en\/product\/caisse-en-bois-pour-25-fusees-zt-z-s-30-7\/\">Read more  &#10230;<\/a><\/p>","protected":false},"featured_media":12014,"template":"","meta":[],"product_brand":[],"product_cat":[27],"product_tag":[],"class_list":{"0":"post-12917","1":"product","2":"type-product","3":"status-publish","4":"has-post-thumbnail","6":"product_cat-larmee-des-caisses","8":"first","9":"instock","10":"sold-individually","11":"purchasable","12":"product-type-auction"},"aioseo_notices":[],"_links":{"self":[{"href":"https:\/\/military-classic-auction.com\/en\/wp-json\/wp\/v2\/product\/12917","targetHints":{"allow":["GET"]}}],"collection":[{"href":"https:\/\/military-classic-auction.com\/en\/wp-json\/wp\/v2\/product"}],"about":[{"href":"https:\/\/military-classic-auction.com\/en\/wp-json\/wp\/v2\/types\/product"}],"wp:featuredmedia":[{"embeddable":true,"href":"https:\/\/military-classic-auction.com\/en\/wp-json\/wp\/v2\/media\/12014"}],"wp:attachment":[{"href":"https:\/\/military-classic-auction.com\/en\/wp-json\/wp\/v2\/media?parent=12917"}],"wp:term":[{"taxonomy":"product_brand","embeddable":true,"href":"https:\/\/military-classic-auction.com\/en\/wp-json\/wp\/v2\/product_brand?post=12917"},{"taxonomy":"product_cat","embeddable":true,"href":"https:\/\/military-classic-auction.com\/en\/wp-json\/wp\/v2\/product_cat?post=12917"},{"taxonomy":"product_tag","embeddable":true,"href":"https:\/\/military-classic-auction.com\/en\/wp-json\/wp\/v2\/product_tag?post=12917"}],"curies":[{"name":"wp","href":"https:\/\/api.w.org\/{rel}","templated":true}]}}