{"id":12913,"date":"2024-06-21T16:22:18","date_gmt":"2024-06-21T16:22:18","guid":{"rendered":"https:\/\/military-classic-auction.com\/?post_type=product&#038;p=12913"},"modified":"2024-07-06T11:08:02","modified_gmt":"2024-07-06T11:08:02","slug":"caisse-en-bois-pour-20-fusees-a-z-c-10-h-u-t","status":"publish","type":"product","link":"https:\/\/military-classic-auction.com\/en\/product\/caisse-en-bois-pour-20-fusees-a-z-c-10-h-u-t\/","title":{"rendered":"Caisse en bois pour 20 fus\u00e9es \u00ab\u00a0A.Z.C. 10 (h.u.t.)\u00a0\u00bb"},"content":{"rendered":"<p>Caisse en bois pour 20 fus\u00e9es \u00ab\u00a0A.Z.C. 10 (h.u.t.)\u00a0\u00bb<br \/>\nFermeture par deux clapets &#038; deux poign\u00e9es de transport en m\u00e9tal.<br \/>\nFabrication : \u00ab\u00a0HSLN\u00a0\u00bb<br \/>\nDat\u00e9e 1937<br \/>\nWaffenamt pr\u00e9sent.<br \/>\nSix \u00e9tiquettes pr\u00e9sentes (certaines incompl\u00e8tes)<br \/>\nCaisson en zinc pr\u00e9sent, r\u00e2telier manquant.<br \/>\nDimension : L41cm x l41cm x h20cm<br \/>\n(En l&rsquo;\u00e9tat, usures, manques)<br \/>\n&#8211;<br \/>\nWooden box for 20 rockets \u00ab\u00a0A.Z.C. 10 (h.u.t.)\u00a0\u00bb<br \/>\nClosing with two flaps &#038; two metal carrying handles.<br \/>\nManufactured: \u00ab\u00a0HSLN\u00a0\u00bb<br \/>\nDated 1937<br \/>\nWaffenamt present.<br \/>\nSix labels present (some incomplete)<br \/>\nZinc box present, rack missing.<br \/>\nDimensions: L16,1&Prime; x w16,1&Prime; x h7,8&Prime;<br \/>\n(As is, wear and tear)<\/p>","protected":false},"excerpt":{"rendered":"<p>Caisse en bois pour 20 fus\u00e9es \u00ab\u00a0A.Z.C. 10 (h.u.t.)\u00a0\u00bb Fermeture par deux clapets &#038; deux poign\u00e9es de transport en m\u00e9tal. Fabrication : \u00ab\u00a0HSLN\u00a0\u00bb Dat\u00e9e 1937 Waffenamt pr\u00e9sent. Six \u00e9tiquettes pr\u00e9sentes (certaines incompl\u00e8tes) Caisson en zinc pr\u00e9sent, r\u00e2telier manquant. Dimension : L41cm x l41cm x h20cm (En l&rsquo;\u00e9tat, usures, manques) &#8211; Wooden box for 20 rockets<a class=\"more-link\" href=\"https:\/\/military-classic-auction.com\/en\/product\/caisse-en-bois-pour-20-fusees-a-z-c-10-h-u-t\/\">Read more  &#10230;<\/a><\/p>","protected":false},"featured_media":11975,"template":"","meta":[],"product_brand":[],"product_cat":[27],"product_tag":[],"class_list":{"0":"post-12913","1":"product","2":"type-product","3":"status-publish","4":"has-post-thumbnail","6":"product_cat-larmee-des-caisses","8":"first","9":"instock","10":"sold-individually","11":"purchasable","12":"product-type-auction"},"aioseo_notices":[],"_links":{"self":[{"href":"https:\/\/military-classic-auction.com\/en\/wp-json\/wp\/v2\/product\/12913","targetHints":{"allow":["GET"]}}],"collection":[{"href":"https:\/\/military-classic-auction.com\/en\/wp-json\/wp\/v2\/product"}],"about":[{"href":"https:\/\/military-classic-auction.com\/en\/wp-json\/wp\/v2\/types\/product"}],"wp:featuredmedia":[{"embeddable":true,"href":"https:\/\/military-classic-auction.com\/en\/wp-json\/wp\/v2\/media\/11975"}],"wp:attachment":[{"href":"https:\/\/military-classic-auction.com\/en\/wp-json\/wp\/v2\/media?parent=12913"}],"wp:term":[{"taxonomy":"product_brand","embeddable":true,"href":"https:\/\/military-classic-auction.com\/en\/wp-json\/wp\/v2\/product_brand?post=12913"},{"taxonomy":"product_cat","embeddable":true,"href":"https:\/\/military-classic-auction.com\/en\/wp-json\/wp\/v2\/product_cat?post=12913"},{"taxonomy":"product_tag","embeddable":true,"href":"https:\/\/military-classic-auction.com\/en\/wp-json\/wp\/v2\/product_tag?post=12913"}],"curies":[{"name":"wp","href":"https:\/\/api.w.org\/{rel}","templated":true}]}}