{"id":12911,"date":"2024-06-21T16:22:13","date_gmt":"2024-06-21T16:22:13","guid":{"rendered":"https:\/\/military-classic-auction.com\/?post_type=product&#038;p=12911"},"modified":"2024-07-06T11:22:45","modified_gmt":"2024-07-06T11:22:45","slug":"caisse-en-bois-pour-25-fusees-zt-z-s-30-2","status":"publish","type":"product","link":"https:\/\/military-classic-auction.com\/en\/product\/caisse-en-bois-pour-25-fusees-zt-z-s-30-2\/","title":{"rendered":"Caisse en bois pour 25 fus\u00e9es \u00ab\u00a0Zt.Z.S\/30\u00a0\u00bb"},"content":{"rendered":"<p>Caisse en bois pour 25 fus\u00e9es \u00ab\u00a0Zt.Z.S\/30\u00a0\u00bb<br \/>\nFermeture par deux crochets &#038; deux poign\u00e9es de transport en m\u00e9tal.<br \/>\nPas de marquage visible.<br \/>\n\u00c9tiquette int\u00e9rieure pr\u00e9sente.<br \/>\nCaisson en zinc et r\u00e2telier manquants.<br \/>\nDimension : L36cm x l36cm x h18cm<br \/>\n(En l&rsquo;\u00e9tat, usures, manques)<br \/>\n&#8211;<br \/>\nWooden case for 25 rockets \u00ab\u00a0Zt.Z.S\/30&Prime;<br \/>\nClosing with two hooks &#038; two metal carrying handles.<br \/>\nNo visible marking.<br \/>\nInterior label present.<br \/>\nMissing zinc box and rack.<br \/>\nDimensions: L14,1&Prime; x w14,1&Prime; x h7\u00a0\u00bb<br \/>\n(As is, wear and tear)<\/p>","protected":false},"excerpt":{"rendered":"<p>Caisse en bois pour 25 fus\u00e9es \u00ab\u00a0Zt.Z.S\/30\u00a0\u00bb Fermeture par deux crochets &#038; deux poign\u00e9es de transport en m\u00e9tal. Pas de marquage visible. \u00c9tiquette int\u00e9rieure pr\u00e9sente. Caisson en zinc et r\u00e2telier manquants. Dimension : L36cm x l36cm x h18cm (En l&rsquo;\u00e9tat, usures, manques) &#8211; Wooden case for 25 rockets \u00ab\u00a0Zt.Z.S\/30&Prime; Closing with two hooks &#038; two<a class=\"more-link\" href=\"https:\/\/military-classic-auction.com\/en\/product\/caisse-en-bois-pour-25-fusees-zt-z-s-30-2\/\">Read more  &#10230;<\/a><\/p>","protected":false},"featured_media":11953,"template":"","meta":[],"product_brand":[],"product_cat":[27],"product_tag":[],"class_list":{"0":"post-12911","1":"product","2":"type-product","3":"status-publish","4":"has-post-thumbnail","6":"product_cat-larmee-des-caisses","8":"first","9":"instock","10":"sold-individually","11":"purchasable","12":"product-type-auction"},"aioseo_notices":[],"_links":{"self":[{"href":"https:\/\/military-classic-auction.com\/en\/wp-json\/wp\/v2\/product\/12911","targetHints":{"allow":["GET"]}}],"collection":[{"href":"https:\/\/military-classic-auction.com\/en\/wp-json\/wp\/v2\/product"}],"about":[{"href":"https:\/\/military-classic-auction.com\/en\/wp-json\/wp\/v2\/types\/product"}],"wp:featuredmedia":[{"embeddable":true,"href":"https:\/\/military-classic-auction.com\/en\/wp-json\/wp\/v2\/media\/11953"}],"wp:attachment":[{"href":"https:\/\/military-classic-auction.com\/en\/wp-json\/wp\/v2\/media?parent=12911"}],"wp:term":[{"taxonomy":"product_brand","embeddable":true,"href":"https:\/\/military-classic-auction.com\/en\/wp-json\/wp\/v2\/product_brand?post=12911"},{"taxonomy":"product_cat","embeddable":true,"href":"https:\/\/military-classic-auction.com\/en\/wp-json\/wp\/v2\/product_cat?post=12911"},{"taxonomy":"product_tag","embeddable":true,"href":"https:\/\/military-classic-auction.com\/en\/wp-json\/wp\/v2\/product_tag?post=12911"}],"curies":[{"name":"wp","href":"https:\/\/api.w.org\/{rel}","templated":true}]}}