{"id":12908,"date":"2024-06-21T16:22:11","date_gmt":"2024-06-21T16:22:11","guid":{"rendered":"https:\/\/military-classic-auction.com\/?post_type=product&#038;p=12908"},"modified":"2024-07-06T11:19:34","modified_gmt":"2024-07-06T11:19:34","slug":"caisse-en-bois-pour-900-cartouches-de-792mm-patronenkasten-900","status":"publish","type":"product","link":"https:\/\/military-classic-auction.com\/en\/product\/caisse-en-bois-pour-900-cartouches-de-792mm-patronenkasten-900\/","title":{"rendered":"Caisse en bois pour 900 cartouches de 7,92mm &#8211; \u00ab\u00a0Patronenkasten 900\u00a0\u00bb"},"content":{"rendered":"<p>Caisse en bois pour 900 cartouches de 7,92mm &#8211; \u00ab\u00a0Patronenkasten 900\u00a0\u00bb<br \/>\nMarquage fabricant pr\u00e9sent.<br \/>\nDat\u00e9e 1944<br \/>\nPlusieurs \u00e9tiquettes pr\u00e9sentes.<br \/>\nUne cordelette manquante.<br \/>\nDimension : L29,5cm x l34,5cm x h16cm<br \/>\n(En l&rsquo;\u00e9tat, usures)<br \/>\n&#8211;<br \/>\nWooden case for 900 7.92mm cartridges &#8211; \u00ab\u00a0Patronenkasten 900&Prime;<br \/>\nManufacturer&rsquo;s marking present.<br \/>\nDated 1944<br \/>\nSeveral labels present.<br \/>\nA missing cord.<br \/>\nDimensions: L11,6&Prime; x w13,58&Prime; x h6,3\u00a0\u00bb<br \/>\n(As is, wear)<\/p>","protected":false},"excerpt":{"rendered":"<p>Caisse en bois pour 900 cartouches de 7,92mm &#8211; \u00ab\u00a0Patronenkasten 900\u00a0\u00bb Marquage fabricant pr\u00e9sent. Dat\u00e9e 1944 Plusieurs \u00e9tiquettes pr\u00e9sentes. Une cordelette manquante. Dimension : L29,5cm x l34,5cm x h16cm (En l&rsquo;\u00e9tat, usures) &#8211; Wooden case for 900 7.92mm cartridges &#8211; \u00ab\u00a0Patronenkasten 900&Prime; Manufacturer&rsquo;s marking present. Dated 1944 Several labels present. A missing cord. Dimensions: L11,6&Prime;<a class=\"more-link\" href=\"https:\/\/military-classic-auction.com\/en\/product\/caisse-en-bois-pour-900-cartouches-de-792mm-patronenkasten-900\/\">Read more  &#10230;<\/a><\/p>","protected":false},"featured_media":11928,"template":"","meta":[],"product_brand":[],"product_cat":[27],"product_tag":[],"class_list":{"0":"post-12908","1":"product","2":"type-product","3":"status-publish","4":"has-post-thumbnail","6":"product_cat-larmee-des-caisses","8":"first","9":"instock","10":"sold-individually","11":"purchasable","12":"product-type-auction"},"aioseo_notices":[],"_links":{"self":[{"href":"https:\/\/military-classic-auction.com\/en\/wp-json\/wp\/v2\/product\/12908","targetHints":{"allow":["GET"]}}],"collection":[{"href":"https:\/\/military-classic-auction.com\/en\/wp-json\/wp\/v2\/product"}],"about":[{"href":"https:\/\/military-classic-auction.com\/en\/wp-json\/wp\/v2\/types\/product"}],"wp:featuredmedia":[{"embeddable":true,"href":"https:\/\/military-classic-auction.com\/en\/wp-json\/wp\/v2\/media\/11928"}],"wp:attachment":[{"href":"https:\/\/military-classic-auction.com\/en\/wp-json\/wp\/v2\/media?parent=12908"}],"wp:term":[{"taxonomy":"product_brand","embeddable":true,"href":"https:\/\/military-classic-auction.com\/en\/wp-json\/wp\/v2\/product_brand?post=12908"},{"taxonomy":"product_cat","embeddable":true,"href":"https:\/\/military-classic-auction.com\/en\/wp-json\/wp\/v2\/product_cat?post=12908"},{"taxonomy":"product_tag","embeddable":true,"href":"https:\/\/military-classic-auction.com\/en\/wp-json\/wp\/v2\/product_tag?post=12908"}],"curies":[{"name":"wp","href":"https:\/\/api.w.org\/{rel}","templated":true}]}}