{"id":12907,"date":"2024-06-21T16:22:10","date_gmt":"2024-06-21T16:22:10","guid":{"rendered":"https:\/\/military-classic-auction.com\/?post_type=product&#038;p=12907"},"modified":"2024-06-21T16:22:11","modified_gmt":"2024-06-21T16:22:11","slug":"caisse-en-bois-pour-1080-cartouches-de-8mm-fusil-mannlicher-m1895","status":"publish","type":"product","link":"https:\/\/military-classic-auction.com\/en\/product\/caisse-en-bois-pour-1080-cartouches-de-8mm-fusil-mannlicher-m1895\/","title":{"rendered":"Caisse en bois pour 1080 cartouches de 8mm &#8211; Fusil Mannlicher M1895"},"content":{"rendered":"<p>Caisse en bois pour 1080 cartouches de 8mm &#8211; Fusil Mannlicher M1895<br \/>\nFermeture &#038; charni\u00e8res en cuir, deux poign\u00e9es de transport en toile.<br \/>\nPlusieurs \u00e9tiquettes pr\u00e9sentes mais incompl\u00e8tes.<br \/>\n\u00ab\u00a01.080 Stuck 8 mm M. 30 scharfe S-Patronen B\u00a0\u00bb<br \/>\n\u00c9tiquettes dat\u00e9es 1939.<br \/>\nDimension : L69cm x l27,5cm x h18,5cm<br \/>\n(En l&rsquo;\u00e9tat, usures, annotations diverses)<br \/>\n&#8211;<br \/>\nWooden case for 1080 8mm cartridges &#8211; Mannlicher M1895 rifle<br \/>\nLeather closure &#038; hinges, two canvas carrying handles.<br \/>\nSeveral labels present but incomplete.<br \/>\n\u00ab\u00a01.080 Stuck 8 mm M. 30 scharfe S-Patronen B\u00a0\u00bb<br \/>\nLabels dated 1939.<br \/>\nDimensions: L27,1&Prime;x w10,8&Prime; x h7,3&Prime;<br \/>\n(As is, wear, various annotations)<\/p>","protected":false},"excerpt":{"rendered":"<p>Caisse en bois pour 1080 cartouches de 8mm &#8211; Fusil Mannlicher M1895 Fermeture &#038; charni\u00e8res en cuir, deux poign\u00e9es de transport en toile. Plusieurs \u00e9tiquettes pr\u00e9sentes mais incompl\u00e8tes. \u00ab\u00a01.080 Stuck 8 mm M. 30 scharfe S-Patronen B\u00a0\u00bb \u00c9tiquettes dat\u00e9es 1939. Dimension : L69cm x l27,5cm x h18,5cm (En l&rsquo;\u00e9tat, usures, annotations diverses) &#8211; Wooden case<a class=\"more-link\" href=\"https:\/\/military-classic-auction.com\/en\/product\/caisse-en-bois-pour-1080-cartouches-de-8mm-fusil-mannlicher-m1895\/\">Read more  &#10230;<\/a><\/p>","protected":false},"featured_media":11919,"template":"","meta":[],"product_brand":[],"product_cat":[27],"product_tag":[],"class_list":{"0":"post-12907","1":"product","2":"type-product","3":"status-publish","4":"has-post-thumbnail","6":"product_cat-larmee-des-caisses","8":"first","9":"instock","10":"sold-individually","11":"purchasable","12":"product-type-auction"},"aioseo_notices":[],"_links":{"self":[{"href":"https:\/\/military-classic-auction.com\/en\/wp-json\/wp\/v2\/product\/12907","targetHints":{"allow":["GET"]}}],"collection":[{"href":"https:\/\/military-classic-auction.com\/en\/wp-json\/wp\/v2\/product"}],"about":[{"href":"https:\/\/military-classic-auction.com\/en\/wp-json\/wp\/v2\/types\/product"}],"wp:featuredmedia":[{"embeddable":true,"href":"https:\/\/military-classic-auction.com\/en\/wp-json\/wp\/v2\/media\/11919"}],"wp:attachment":[{"href":"https:\/\/military-classic-auction.com\/en\/wp-json\/wp\/v2\/media?parent=12907"}],"wp:term":[{"taxonomy":"product_brand","embeddable":true,"href":"https:\/\/military-classic-auction.com\/en\/wp-json\/wp\/v2\/product_brand?post=12907"},{"taxonomy":"product_cat","embeddable":true,"href":"https:\/\/military-classic-auction.com\/en\/wp-json\/wp\/v2\/product_cat?post=12907"},{"taxonomy":"product_tag","embeddable":true,"href":"https:\/\/military-classic-auction.com\/en\/wp-json\/wp\/v2\/product_tag?post=12907"}],"curies":[{"name":"wp","href":"https:\/\/api.w.org\/{rel}","templated":true}]}}