{"id":12906,"date":"2024-06-21T16:22:10","date_gmt":"2024-06-21T16:22:10","guid":{"rendered":"https:\/\/military-classic-auction.com\/?post_type=product&#038;p=12906"},"modified":"2024-07-06T09:34:52","modified_gmt":"2024-07-06T09:34:52","slug":"caisse-en-bois-pour-1000-cartouches-de-762mm","status":"publish","type":"product","link":"https:\/\/military-classic-auction.com\/en\/product\/caisse-en-bois-pour-1000-cartouches-de-762mm\/","title":{"rendered":"Caisse en bois pour 1000 cartouches de 7,62mm"},"content":{"rendered":"<p>Caisse en bois pour 1000 cartouches de 7,62mm<br \/>\nMarqu\u00e9e : \u00ab\u00a0BMVtdg.\u00a0\u00bb<br \/>\n\u00c9tiquette int\u00e9rieure pr\u00e9sente.<br \/>\nDimension : L44,5cm x l36cm x h13,5cm<br \/>\n(En l&rsquo;\u00e9tat, usures, sangle de fermeture accident\u00e9e)<br \/>\n&#8211;<br \/>\nWooden case for 1000 7.62mm cartridges<br \/>\nMarked: \u00ab\u00a0BMVtdg.\u00a0\u00bb<br \/>\nInterior label present.<br \/>\nDimensions: L17,5&Prime; x w14,1&Prime; x h5,3&Prime;<br \/>\n(As is, wear, damaged closing strap)<\/p>","protected":false},"excerpt":{"rendered":"<p>Caisse en bois pour 1000 cartouches de 7,62mm Marqu\u00e9e : \u00ab\u00a0BMVtdg.\u00a0\u00bb \u00c9tiquette int\u00e9rieure pr\u00e9sente. Dimension : L44,5cm x l36cm x h13,5cm (En l&rsquo;\u00e9tat, usures, sangle de fermeture accident\u00e9e) &#8211; Wooden case for 1000 7.62mm cartridges Marked: \u00ab\u00a0BMVtdg.\u00a0\u00bb Interior label present. Dimensions: L17,5&Prime; x w14,1&Prime; x h5,3&Prime; (As is, wear, damaged closing strap)<\/p>","protected":false},"featured_media":11910,"template":"","meta":[],"product_brand":[],"product_cat":[27],"product_tag":[],"class_list":{"0":"post-12906","1":"product","2":"type-product","3":"status-publish","4":"has-post-thumbnail","6":"product_cat-larmee-des-caisses","8":"first","9":"instock","10":"sold-individually","11":"purchasable","12":"product-type-auction"},"aioseo_notices":[],"_links":{"self":[{"href":"https:\/\/military-classic-auction.com\/en\/wp-json\/wp\/v2\/product\/12906","targetHints":{"allow":["GET"]}}],"collection":[{"href":"https:\/\/military-classic-auction.com\/en\/wp-json\/wp\/v2\/product"}],"about":[{"href":"https:\/\/military-classic-auction.com\/en\/wp-json\/wp\/v2\/types\/product"}],"wp:featuredmedia":[{"embeddable":true,"href":"https:\/\/military-classic-auction.com\/en\/wp-json\/wp\/v2\/media\/11910"}],"wp:attachment":[{"href":"https:\/\/military-classic-auction.com\/en\/wp-json\/wp\/v2\/media?parent=12906"}],"wp:term":[{"taxonomy":"product_brand","embeddable":true,"href":"https:\/\/military-classic-auction.com\/en\/wp-json\/wp\/v2\/product_brand?post=12906"},{"taxonomy":"product_cat","embeddable":true,"href":"https:\/\/military-classic-auction.com\/en\/wp-json\/wp\/v2\/product_cat?post=12906"},{"taxonomy":"product_tag","embeddable":true,"href":"https:\/\/military-classic-auction.com\/en\/wp-json\/wp\/v2\/product_tag?post=12906"}],"curies":[{"name":"wp","href":"https:\/\/api.w.org\/{rel}","templated":true}]}}