{"id":12905,"date":"2024-06-21T16:22:09","date_gmt":"2024-06-21T16:22:09","guid":{"rendered":"https:\/\/military-classic-auction.com\/?post_type=product&#038;p=12905"},"modified":"2024-07-06T11:19:17","modified_gmt":"2024-07-06T11:19:17","slug":"caisse-en-bois-pour-4160-cartouches-de-9mm","status":"publish","type":"product","link":"https:\/\/military-classic-auction.com\/en\/product\/caisse-en-bois-pour-4160-cartouches-de-9mm\/","title":{"rendered":"Caisse en bois pour 4160 cartouches de 9mm"},"content":{"rendered":"<p>Caisse en bois pour 4160 cartouches de 9mm<br \/>\nCette caisse comportait donc 260 boites de 16 cartouches.<br \/>\nFabrication : \u00ab\u00a0fwd\u00a0\u00bb<br \/>\nWaffenamt pr\u00e9sent.<br \/>\nCouvercle de type contreplaqu\u00e9\/lamell\u00e9-coll\u00e9.<br \/>\nInt\u00e9rieur en zinc &#038; joint d&rsquo;\u00e9tanch\u00e9it\u00e9.<br \/>\nDimension : L49cm x l36cm x h18,5cm<br \/>\n(En l&rsquo;\u00e9tat, usures)<br \/>\n&#8211;<br \/>\nWooden case for 4160 9mm cartridges<br \/>\nThis box therefore contained 260 boxes of 16 cartridges.<br \/>\nManufacturing: \u00ab\u00a0fwd\u00a0\u00bb<br \/>\nWaffenamt present.<br \/>\nPlywood\/glulam type cover.<br \/>\nZinc interior &#038; seal.<br \/>\nDimensions: L19,3&Prime; x w14,2&Prime; x h7,3&Prime;<br \/>\n(As is, wear)<\/p>","protected":false},"excerpt":{"rendered":"<p>Caisse en bois pour 4160 cartouches de 9mm Cette caisse comportait donc 260 boites de 16 cartouches. Fabrication : \u00ab\u00a0fwd\u00a0\u00bb Waffenamt pr\u00e9sent. Couvercle de type contreplaqu\u00e9\/lamell\u00e9-coll\u00e9. Int\u00e9rieur en zinc &#038; joint d&rsquo;\u00e9tanch\u00e9it\u00e9. Dimension : L49cm x l36cm x h18,5cm (En l&rsquo;\u00e9tat, usures) &#8211; Wooden case for 4160 9mm cartridges This box therefore contained 260 boxes<a class=\"more-link\" href=\"https:\/\/military-classic-auction.com\/en\/product\/caisse-en-bois-pour-4160-cartouches-de-9mm\/\">Read more  &#10230;<\/a><\/p>","protected":false},"featured_media":11901,"template":"","meta":[],"product_brand":[],"product_cat":[27],"product_tag":[],"class_list":{"0":"post-12905","1":"product","2":"type-product","3":"status-publish","4":"has-post-thumbnail","6":"product_cat-larmee-des-caisses","8":"first","9":"instock","10":"sold-individually","11":"purchasable","12":"product-type-auction"},"aioseo_notices":[],"_links":{"self":[{"href":"https:\/\/military-classic-auction.com\/en\/wp-json\/wp\/v2\/product\/12905","targetHints":{"allow":["GET"]}}],"collection":[{"href":"https:\/\/military-classic-auction.com\/en\/wp-json\/wp\/v2\/product"}],"about":[{"href":"https:\/\/military-classic-auction.com\/en\/wp-json\/wp\/v2\/types\/product"}],"wp:featuredmedia":[{"embeddable":true,"href":"https:\/\/military-classic-auction.com\/en\/wp-json\/wp\/v2\/media\/11901"}],"wp:attachment":[{"href":"https:\/\/military-classic-auction.com\/en\/wp-json\/wp\/v2\/media?parent=12905"}],"wp:term":[{"taxonomy":"product_brand","embeddable":true,"href":"https:\/\/military-classic-auction.com\/en\/wp-json\/wp\/v2\/product_brand?post=12905"},{"taxonomy":"product_cat","embeddable":true,"href":"https:\/\/military-classic-auction.com\/en\/wp-json\/wp\/v2\/product_cat?post=12905"},{"taxonomy":"product_tag","embeddable":true,"href":"https:\/\/military-classic-auction.com\/en\/wp-json\/wp\/v2\/product_tag?post=12905"}],"curies":[{"name":"wp","href":"https:\/\/api.w.org\/{rel}","templated":true}]}}