{"id":12904,"date":"2024-06-21T16:22:08","date_gmt":"2024-06-21T16:22:08","guid":{"rendered":"https:\/\/military-classic-auction.com\/?post_type=product&#038;p=12904"},"modified":"2024-07-06T11:23:10","modified_gmt":"2024-07-06T11:23:10","slug":"caisse-en-bois-pour-1500-cartouches-de-792mm-3","status":"publish","type":"product","link":"https:\/\/military-classic-auction.com\/en\/product\/caisse-en-bois-pour-1500-cartouches-de-792mm-3\/","title":{"rendered":"Caisse en bois pour 1500 cartouches de 7,92mm"},"content":{"rendered":"<p>Caisse en bois pour 1500 cartouches de 7,92mm<br \/>\nPas de marquage fabricant visible.<br \/>\nWaffenamt pr\u00e9sent.<br \/>\n\u00c9tiquettes pr\u00e9sentes \u00e0 plusieurs endroits.<br \/>\nInt\u00e9rieur en zinc manquant.<br \/>\nDimension : L49cm x l36cm x h18,5cm<br \/>\n(En l&rsquo;\u00e9tat, usures, oxydation)<br \/>\n&#8211;<br \/>\nWooden case for 1500 7.92mm cartridges<br \/>\nNo visible manufacturer marking.<br \/>\nWaffenamt present.<br \/>\nLabels present in several places.<br \/>\nMissing zinc interior.<br \/>\nDimensions: L19,3&Prime; x w14,2&Prime; x h7,3&Prime;<br \/>\n(As is, wear, oxidation)<\/p>","protected":false},"excerpt":{"rendered":"<p>Caisse en bois pour 1500 cartouches de 7,92mm Pas de marquage fabricant visible. Waffenamt pr\u00e9sent. \u00c9tiquettes pr\u00e9sentes \u00e0 plusieurs endroits. Int\u00e9rieur en zinc manquant. Dimension : L49cm x l36cm x h18,5cm (En l&rsquo;\u00e9tat, usures, oxydation) &#8211; Wooden case for 1500 7.92mm cartridges No visible manufacturer marking. Waffenamt present. Labels present in several places. Missing zinc<a class=\"more-link\" href=\"https:\/\/military-classic-auction.com\/en\/product\/caisse-en-bois-pour-1500-cartouches-de-792mm-3\/\">Read more  &#10230;<\/a><\/p>","protected":false},"featured_media":11892,"template":"","meta":[],"product_brand":[],"product_cat":[27],"product_tag":[],"class_list":{"0":"post-12904","1":"product","2":"type-product","3":"status-publish","4":"has-post-thumbnail","6":"product_cat-larmee-des-caisses","8":"first","9":"instock","10":"sold-individually","11":"purchasable","12":"product-type-auction"},"aioseo_notices":[],"_links":{"self":[{"href":"https:\/\/military-classic-auction.com\/en\/wp-json\/wp\/v2\/product\/12904","targetHints":{"allow":["GET"]}}],"collection":[{"href":"https:\/\/military-classic-auction.com\/en\/wp-json\/wp\/v2\/product"}],"about":[{"href":"https:\/\/military-classic-auction.com\/en\/wp-json\/wp\/v2\/types\/product"}],"wp:featuredmedia":[{"embeddable":true,"href":"https:\/\/military-classic-auction.com\/en\/wp-json\/wp\/v2\/media\/11892"}],"wp:attachment":[{"href":"https:\/\/military-classic-auction.com\/en\/wp-json\/wp\/v2\/media?parent=12904"}],"wp:term":[{"taxonomy":"product_brand","embeddable":true,"href":"https:\/\/military-classic-auction.com\/en\/wp-json\/wp\/v2\/product_brand?post=12904"},{"taxonomy":"product_cat","embeddable":true,"href":"https:\/\/military-classic-auction.com\/en\/wp-json\/wp\/v2\/product_cat?post=12904"},{"taxonomy":"product_tag","embeddable":true,"href":"https:\/\/military-classic-auction.com\/en\/wp-json\/wp\/v2\/product_tag?post=12904"}],"curies":[{"name":"wp","href":"https:\/\/api.w.org\/{rel}","templated":true}]}}