{"id":12903,"date":"2024-06-21T16:22:07","date_gmt":"2024-06-21T16:22:07","guid":{"rendered":"https:\/\/military-classic-auction.com\/?post_type=product&#038;p=12903"},"modified":"2024-07-06T11:14:28","modified_gmt":"2024-07-06T11:14:28","slug":"caisse-en-bois-pour-1500-cartouches-de-792mm-2","status":"publish","type":"product","link":"https:\/\/military-classic-auction.com\/en\/product\/caisse-en-bois-pour-1500-cartouches-de-792mm-2\/","title":{"rendered":"Caisse en bois pour 1500 cartouches de 7,92mm"},"content":{"rendered":"<p>Caisse en bois pour 1500 cartouches de 7,92mm<br \/>\nFabrication : \u00ab\u00a0gfg\u00a0\u00bb<br \/>\nDat\u00e9e 1942<br \/>\nInt\u00e9rieur en zinc &#038; joint d&rsquo;\u00e9tanch\u00e9it\u00e9.<br \/>\nDimension : L49cm x l36cm x h18,5cm<br \/>\n(En l&rsquo;\u00e9tat, usures, une fermeture cass\u00e9e)<br \/>\n&#8211;<br \/>\nWooden case for 1500 7.92mm cartridges<br \/>\nManufacture: \u00ab\u00a0gfg\u00a0\u00bb<br \/>\nDated 1942<br \/>\nZinc interior &#038; seal.<br \/>\nDimensions: L19,3&Prime; x w14,2&Prime; x h7,3&Prime;<br \/>\n(As is, wear, a broken closure)<\/p>","protected":false},"excerpt":{"rendered":"<p>Caisse en bois pour 1500 cartouches de 7,92mm Fabrication : \u00ab\u00a0gfg\u00a0\u00bb Dat\u00e9e 1942 Int\u00e9rieur en zinc &#038; joint d&rsquo;\u00e9tanch\u00e9it\u00e9. Dimension : L49cm x l36cm x h18,5cm (En l&rsquo;\u00e9tat, usures, une fermeture cass\u00e9e) &#8211; Wooden case for 1500 7.92mm cartridges Manufacture: \u00ab\u00a0gfg\u00a0\u00bb Dated 1942 Zinc interior &#038; seal. Dimensions: L19,3&Prime; x w14,2&Prime; x h7,3&Prime; (As is,<a class=\"more-link\" href=\"https:\/\/military-classic-auction.com\/en\/product\/caisse-en-bois-pour-1500-cartouches-de-792mm-2\/\">Read more  &#10230;<\/a><\/p>","protected":false},"featured_media":11880,"template":"","meta":[],"product_brand":[],"product_cat":[27],"product_tag":[],"class_list":{"0":"post-12903","1":"product","2":"type-product","3":"status-publish","4":"has-post-thumbnail","6":"product_cat-larmee-des-caisses","8":"first","9":"instock","10":"sold-individually","11":"purchasable","12":"product-type-auction"},"aioseo_notices":[],"_links":{"self":[{"href":"https:\/\/military-classic-auction.com\/en\/wp-json\/wp\/v2\/product\/12903","targetHints":{"allow":["GET"]}}],"collection":[{"href":"https:\/\/military-classic-auction.com\/en\/wp-json\/wp\/v2\/product"}],"about":[{"href":"https:\/\/military-classic-auction.com\/en\/wp-json\/wp\/v2\/types\/product"}],"wp:featuredmedia":[{"embeddable":true,"href":"https:\/\/military-classic-auction.com\/en\/wp-json\/wp\/v2\/media\/11880"}],"wp:attachment":[{"href":"https:\/\/military-classic-auction.com\/en\/wp-json\/wp\/v2\/media?parent=12903"}],"wp:term":[{"taxonomy":"product_brand","embeddable":true,"href":"https:\/\/military-classic-auction.com\/en\/wp-json\/wp\/v2\/product_brand?post=12903"},{"taxonomy":"product_cat","embeddable":true,"href":"https:\/\/military-classic-auction.com\/en\/wp-json\/wp\/v2\/product_cat?post=12903"},{"taxonomy":"product_tag","embeddable":true,"href":"https:\/\/military-classic-auction.com\/en\/wp-json\/wp\/v2\/product_tag?post=12903"}],"curies":[{"name":"wp","href":"https:\/\/api.w.org\/{rel}","templated":true}]}}