{"id":12902,"date":"2024-06-21T16:22:06","date_gmt":"2024-06-21T16:22:06","guid":{"rendered":"https:\/\/military-classic-auction.com\/?post_type=product&#038;p=12902"},"modified":"2024-07-06T11:14:49","modified_gmt":"2024-07-06T11:14:49","slug":"caisse-en-bois-pour-1500-cartouches-de-792mm","status":"publish","type":"product","link":"https:\/\/military-classic-auction.com\/en\/product\/caisse-en-bois-pour-1500-cartouches-de-792mm\/","title":{"rendered":"Caisse en bois pour 1500 cartouches de 7,92mm"},"content":{"rendered":"<p>Caisse en bois pour 1500 cartouches de 7,92mm<br \/>\nContenu de la caisse modifi\u00e9 pour transporter des cartouches de 2cm.<br \/>\nFabrication : \u00ab\u00a0cht\u00a0\u00bb<br \/>\nDat\u00e9e 1942<br \/>\nWaffenamt pr\u00e9sent.<br \/>\n\u00c9tiquette sur face avant.<br \/>\nInt\u00e9rieur en zinc &#038; joint d&rsquo;\u00e9tanch\u00e9it\u00e9.<br \/>\nDimension : L49cm x l36cm x h18,5cm<br \/>\n(En l&rsquo;\u00e9tat, usures)<br \/>\n&#8211;<br \/>\nWooden case for 1500 7.92mm cartridges<br \/>\nContents of the box modified to carry 2cm cartridges.<br \/>\nManufacturing: \u00ab\u00a0cht\u00a0\u00bb<br \/>\nDated 1942<br \/>\nWaffenamt present.<br \/>\nLabel on the front.<br \/>\nZinc interior &#038; seal.<br \/>\nDimensions: L19,3&Prime; x w14,2&Prime; x h7,3&Prime;<br \/>\n(As is, wear)<\/p>","protected":false},"excerpt":{"rendered":"<p>Caisse en bois pour 1500 cartouches de 7,92mm Contenu de la caisse modifi\u00e9 pour transporter des cartouches de 2cm. Fabrication : \u00ab\u00a0cht\u00a0\u00bb Dat\u00e9e 1942 Waffenamt pr\u00e9sent. \u00c9tiquette sur face avant. Int\u00e9rieur en zinc &#038; joint d&rsquo;\u00e9tanch\u00e9it\u00e9. Dimension : L49cm x l36cm x h18,5cm (En l&rsquo;\u00e9tat, usures) &#8211; Wooden case for 1500 7.92mm cartridges Contents of<a class=\"more-link\" href=\"https:\/\/military-classic-auction.com\/en\/product\/caisse-en-bois-pour-1500-cartouches-de-792mm\/\">Read more  &#10230;<\/a><\/p>","protected":false},"featured_media":11871,"template":"","meta":[],"product_brand":[],"product_cat":[27],"product_tag":[],"class_list":{"0":"post-12902","1":"product","2":"type-product","3":"status-publish","4":"has-post-thumbnail","6":"product_cat-larmee-des-caisses","8":"first","9":"instock","10":"sold-individually","11":"purchasable","12":"product-type-auction"},"aioseo_notices":[],"_links":{"self":[{"href":"https:\/\/military-classic-auction.com\/en\/wp-json\/wp\/v2\/product\/12902","targetHints":{"allow":["GET"]}}],"collection":[{"href":"https:\/\/military-classic-auction.com\/en\/wp-json\/wp\/v2\/product"}],"about":[{"href":"https:\/\/military-classic-auction.com\/en\/wp-json\/wp\/v2\/types\/product"}],"wp:featuredmedia":[{"embeddable":true,"href":"https:\/\/military-classic-auction.com\/en\/wp-json\/wp\/v2\/media\/11871"}],"wp:attachment":[{"href":"https:\/\/military-classic-auction.com\/en\/wp-json\/wp\/v2\/media?parent=12902"}],"wp:term":[{"taxonomy":"product_brand","embeddable":true,"href":"https:\/\/military-classic-auction.com\/en\/wp-json\/wp\/v2\/product_brand?post=12902"},{"taxonomy":"product_cat","embeddable":true,"href":"https:\/\/military-classic-auction.com\/en\/wp-json\/wp\/v2\/product_cat?post=12902"},{"taxonomy":"product_tag","embeddable":true,"href":"https:\/\/military-classic-auction.com\/en\/wp-json\/wp\/v2\/product_tag?post=12902"}],"curies":[{"name":"wp","href":"https:\/\/api.w.org\/{rel}","templated":true}]}}