{"id":12901,"date":"2024-06-21T16:22:04","date_gmt":"2024-06-21T16:22:04","guid":{"rendered":"https:\/\/military-classic-auction.com\/?post_type=product&#038;p=12901"},"modified":"2024-07-06T06:04:20","modified_gmt":"2024-07-06T06:04:20","slug":"caisse-en-bois-pour-1500-cartouches-de-792mm-patronenkasten-88-6","status":"publish","type":"product","link":"https:\/\/military-classic-auction.com\/en\/product\/caisse-en-bois-pour-1500-cartouches-de-792mm-patronenkasten-88-6\/","title":{"rendered":"Caisse en bois pour 1500 cartouches de 7,92mm &#8211; \u00ab\u00a0Patronenkasten 88\u00a0\u00bb"},"content":{"rendered":"<p>Caisse en bois pour 1500 cartouches de 7,92mm &#8211; \u00ab\u00a0Patronenkasten 88\u00a0\u00bb<br \/>\nFermeture par un crochet &#038; deux poign\u00e9es de transport en m\u00e9tal.<br \/>\nFabrication : \u00ab\u00a0fwd\u00a0\u00bb<br \/>\nDat\u00e9e 1943<br \/>\n\u00c9tiquettes pr\u00e9sentes \u00e0 l&rsquo;int\u00e9rieur.<br \/>\nDimension : L36cm x l49cm x h18cm<br \/>\n(En l&rsquo;\u00e9tat, usures)<br \/>\n&#8211;<br \/>\nWooden case for 1500 7.92mm cartridges &#8211; \u00ab\u00a0Patronenkasten 88\u00a0\u00bb<br \/>\nClosing with a hook &#038; two metal carrying handles.<br \/>\nManufacturing: \u00ab\u00a0fwd\u00a0\u00bb<br \/>\nDated 1943<br \/>\nLabels present inside.<br \/>\nDimensions: L14,1&Prime; x W19,3&Prime; x h7&Prime;<br \/>\n(As is, wear)<\/p>","protected":false},"excerpt":{"rendered":"<p>Caisse en bois pour 1500 cartouches de 7,92mm &#8211; \u00ab\u00a0Patronenkasten 88\u00a0\u00bb Fermeture par un crochet &#038; deux poign\u00e9es de transport en m\u00e9tal. Fabrication : \u00ab\u00a0fwd\u00a0\u00bb Dat\u00e9e 1943 \u00c9tiquettes pr\u00e9sentes \u00e0 l&rsquo;int\u00e9rieur. Dimension : L36cm x l49cm x h18cm (En l&rsquo;\u00e9tat, usures) &#8211; Wooden case for 1500 7.92mm cartridges &#8211; \u00ab\u00a0Patronenkasten 88\u00a0\u00bb Closing with a hook<a class=\"more-link\" href=\"https:\/\/military-classic-auction.com\/en\/product\/caisse-en-bois-pour-1500-cartouches-de-792mm-patronenkasten-88-6\/\">Read more  &#10230;<\/a><\/p>","protected":false},"featured_media":11862,"template":"","meta":[],"product_brand":[],"product_cat":[27],"product_tag":[],"class_list":{"0":"post-12901","1":"product","2":"type-product","3":"status-publish","4":"has-post-thumbnail","6":"product_cat-larmee-des-caisses","8":"first","9":"instock","10":"sold-individually","11":"purchasable","12":"product-type-auction"},"aioseo_notices":[],"_links":{"self":[{"href":"https:\/\/military-classic-auction.com\/en\/wp-json\/wp\/v2\/product\/12901","targetHints":{"allow":["GET"]}}],"collection":[{"href":"https:\/\/military-classic-auction.com\/en\/wp-json\/wp\/v2\/product"}],"about":[{"href":"https:\/\/military-classic-auction.com\/en\/wp-json\/wp\/v2\/types\/product"}],"wp:featuredmedia":[{"embeddable":true,"href":"https:\/\/military-classic-auction.com\/en\/wp-json\/wp\/v2\/media\/11862"}],"wp:attachment":[{"href":"https:\/\/military-classic-auction.com\/en\/wp-json\/wp\/v2\/media?parent=12901"}],"wp:term":[{"taxonomy":"product_brand","embeddable":true,"href":"https:\/\/military-classic-auction.com\/en\/wp-json\/wp\/v2\/product_brand?post=12901"},{"taxonomy":"product_cat","embeddable":true,"href":"https:\/\/military-classic-auction.com\/en\/wp-json\/wp\/v2\/product_cat?post=12901"},{"taxonomy":"product_tag","embeddable":true,"href":"https:\/\/military-classic-auction.com\/en\/wp-json\/wp\/v2\/product_tag?post=12901"}],"curies":[{"name":"wp","href":"https:\/\/api.w.org\/{rel}","templated":true}]}}