{"id":12900,"date":"2024-06-21T16:22:03","date_gmt":"2024-06-21T16:22:03","guid":{"rendered":"https:\/\/military-classic-auction.com\/?post_type=product&#038;p=12900"},"modified":"2024-07-06T09:33:02","modified_gmt":"2024-07-06T09:33:02","slug":"caisse-en-bois-patronenkasten-88-variante-80-cartouches-de-2cm","status":"publish","type":"product","link":"https:\/\/military-classic-auction.com\/en\/product\/caisse-en-bois-patronenkasten-88-variante-80-cartouches-de-2cm\/","title":{"rendered":"Caisse en bois \u00ab\u00a0Patronenkasten 88\u00a0\u00bb &#8211; variante 80 cartouches de 2cm"},"content":{"rendered":"<p>Caisse en bois \u00ab\u00a0Patronenkasten 88\u00a0\u00bb &#8211; variante 80 cartouches de 2cm<br \/>\nDeux charni\u00e8res en cuir &#038; deux poign\u00e9es de transport en toile.<br \/>\nFabrication : \u00ab\u00a0RB\u00a0\u00bb<br \/>\nDat\u00e9e 1940<br \/>\n\u00c9tiquette int\u00e9rieure notifiant une utilisation pour 80 cartouches de 2cm.<br \/>\nDimension : L47cm x l34,5cm x h16cm<br \/>\n(En l&rsquo;\u00e9tat, usures, cuir sec, fermeture &#038; charni\u00e8re accident\u00e9es)<br \/>\n&#8211;<br \/>\nWooden case \u00ab\u00a0Patronenkasten 88\u00a0\u00bb &#8211; variant 80 cartridges of 2cm<br \/>\nTwo leather hinges &#038; two canvas carrying handles.<br \/>\nManufacture: \u00ab\u00a0RB\u00a0\u00bb<br \/>\nDated 1940<br \/>\nInterior label notifying use for 80 2cm cartridges.<br \/>\nDimensions: L18,5&Prime; x w13,6&Prime; x h6,3&Prime;<br \/>\n(As is, wear, dry leather, damaged closure &#038; hinge)<\/p>","protected":false},"excerpt":{"rendered":"<p>Caisse en bois \u00ab\u00a0Patronenkasten 88\u00a0\u00bb &#8211; variante 80 cartouches de 2cm Deux charni\u00e8res en cuir &#038; deux poign\u00e9es de transport en toile. Fabrication : \u00ab\u00a0RB\u00a0\u00bb Dat\u00e9e 1940 \u00c9tiquette int\u00e9rieure notifiant une utilisation pour 80 cartouches de 2cm. Dimension : L47cm x l34,5cm x h16cm (En l&rsquo;\u00e9tat, usures, cuir sec, fermeture &#038; charni\u00e8re accident\u00e9es) &#8211; Wooden<a class=\"more-link\" href=\"https:\/\/military-classic-auction.com\/en\/product\/caisse-en-bois-patronenkasten-88-variante-80-cartouches-de-2cm\/\">Read more  &#10230;<\/a><\/p>","protected":false},"featured_media":11852,"template":"","meta":[],"product_brand":[],"product_cat":[27],"product_tag":[],"class_list":{"0":"post-12900","1":"product","2":"type-product","3":"status-publish","4":"has-post-thumbnail","6":"product_cat-larmee-des-caisses","8":"first","9":"instock","10":"sold-individually","11":"purchasable","12":"product-type-auction"},"aioseo_notices":[],"_links":{"self":[{"href":"https:\/\/military-classic-auction.com\/en\/wp-json\/wp\/v2\/product\/12900","targetHints":{"allow":["GET"]}}],"collection":[{"href":"https:\/\/military-classic-auction.com\/en\/wp-json\/wp\/v2\/product"}],"about":[{"href":"https:\/\/military-classic-auction.com\/en\/wp-json\/wp\/v2\/types\/product"}],"wp:featuredmedia":[{"embeddable":true,"href":"https:\/\/military-classic-auction.com\/en\/wp-json\/wp\/v2\/media\/11852"}],"wp:attachment":[{"href":"https:\/\/military-classic-auction.com\/en\/wp-json\/wp\/v2\/media?parent=12900"}],"wp:term":[{"taxonomy":"product_brand","embeddable":true,"href":"https:\/\/military-classic-auction.com\/en\/wp-json\/wp\/v2\/product_brand?post=12900"},{"taxonomy":"product_cat","embeddable":true,"href":"https:\/\/military-classic-auction.com\/en\/wp-json\/wp\/v2\/product_cat?post=12900"},{"taxonomy":"product_tag","embeddable":true,"href":"https:\/\/military-classic-auction.com\/en\/wp-json\/wp\/v2\/product_tag?post=12900"}],"curies":[{"name":"wp","href":"https:\/\/api.w.org\/{rel}","templated":true}]}}