{"id":12898,"date":"2024-06-21T16:22:01","date_gmt":"2024-06-21T16:22:01","guid":{"rendered":"https:\/\/military-classic-auction.com\/?post_type=product&#038;p=12898"},"modified":"2024-07-06T11:18:31","modified_gmt":"2024-07-06T11:18:31","slug":"caisse-en-bois-pour-1500-cartouches-de-792mm-patronenkasten-88-4","status":"publish","type":"product","link":"https:\/\/military-classic-auction.com\/en\/product\/caisse-en-bois-pour-1500-cartouches-de-792mm-patronenkasten-88-4\/","title":{"rendered":"Caisse en bois pour 1500 cartouches de 7,92mm &#8211; \u00ab\u00a0Patronenkasten 88\u00a0\u00bb"},"content":{"rendered":"<p>Caisse en bois pour 1500 cartouches de 7,92mm &#8211; \u00ab\u00a0Patronenkasten 88\u00a0\u00bb<br \/>\nElle contient, \u00e0 l&rsquo;origine,5 boites cartonn\u00e9es (Tragschlaufe) de 300 cartouches chacune.<br \/>\nDeux charni\u00e8res en cuir &#038; deux poign\u00e9es de transport en toile.<br \/>\nFabrication : \u00ab\u00a0LAGO\u00a0\u00bb<br \/>\nDat\u00e9e 1938<br \/>\n\u00c9tiquette sur face avant, un cot\u00e9 et \u00e0 l&rsquo;int\u00e9rieur.<br \/>\nDimension : L47cm x l34,5cm x h16cm<br \/>\n(En l&rsquo;\u00e9tat, usures)<br \/>\n&#8211;<br \/>\nWooden case for 1500 7.92mm cartridges &#8211; \u00ab\u00a0Patronenkasten 88\u00a0\u00bb<br \/>\nIt originally contained 5 cardboard boxes (Tragschlaufe) of 300 cartridges each.<br \/>\nTwo leather hinges &#038; two canvas carrying handles.<br \/>\nManufactured: \u00ab\u00a0LAGO\u00a0\u00bb<br \/>\nDated 1938<br \/>\nLabel on the front, one side and inside.<br \/>\nDimensions: L18,5&Prime; x w13,6&Prime; x h6,3&Prime;<br \/>\n(As is, wear)<\/p>","protected":false},"excerpt":{"rendered":"<p>Caisse en bois pour 1500 cartouches de 7,92mm &#8211; \u00ab\u00a0Patronenkasten 88\u00a0\u00bb Elle contient, \u00e0 l&rsquo;origine,5 boites cartonn\u00e9es (Tragschlaufe) de 300 cartouches chacune. Deux charni\u00e8res en cuir &#038; deux poign\u00e9es de transport en toile. Fabrication : \u00ab\u00a0LAGO\u00a0\u00bb Dat\u00e9e 1938 \u00c9tiquette sur face avant, un cot\u00e9 et \u00e0 l&rsquo;int\u00e9rieur. Dimension : L47cm x l34,5cm x h16cm (En<a class=\"more-link\" href=\"https:\/\/military-classic-auction.com\/en\/product\/caisse-en-bois-pour-1500-cartouches-de-792mm-patronenkasten-88-4\/\">Read more  &#10230;<\/a><\/p>","protected":false},"featured_media":11833,"template":"","meta":[],"product_brand":[],"product_cat":[27],"product_tag":[],"class_list":{"0":"post-12898","1":"product","2":"type-product","3":"status-publish","4":"has-post-thumbnail","6":"product_cat-larmee-des-caisses","8":"first","9":"instock","10":"sold-individually","11":"purchasable","12":"product-type-auction"},"aioseo_notices":[],"_links":{"self":[{"href":"https:\/\/military-classic-auction.com\/en\/wp-json\/wp\/v2\/product\/12898","targetHints":{"allow":["GET"]}}],"collection":[{"href":"https:\/\/military-classic-auction.com\/en\/wp-json\/wp\/v2\/product"}],"about":[{"href":"https:\/\/military-classic-auction.com\/en\/wp-json\/wp\/v2\/types\/product"}],"wp:featuredmedia":[{"embeddable":true,"href":"https:\/\/military-classic-auction.com\/en\/wp-json\/wp\/v2\/media\/11833"}],"wp:attachment":[{"href":"https:\/\/military-classic-auction.com\/en\/wp-json\/wp\/v2\/media?parent=12898"}],"wp:term":[{"taxonomy":"product_brand","embeddable":true,"href":"https:\/\/military-classic-auction.com\/en\/wp-json\/wp\/v2\/product_brand?post=12898"},{"taxonomy":"product_cat","embeddable":true,"href":"https:\/\/military-classic-auction.com\/en\/wp-json\/wp\/v2\/product_cat?post=12898"},{"taxonomy":"product_tag","embeddable":true,"href":"https:\/\/military-classic-auction.com\/en\/wp-json\/wp\/v2\/product_tag?post=12898"}],"curies":[{"name":"wp","href":"https:\/\/api.w.org\/{rel}","templated":true}]}}