{"id":12896,"date":"2024-06-21T16:22:00","date_gmt":"2024-06-21T16:22:00","guid":{"rendered":"https:\/\/military-classic-auction.com\/?post_type=product&#038;p=12896"},"modified":"2024-07-06T09:31:42","modified_gmt":"2024-07-06T09:31:42","slug":"caisse-en-bois-pour-1500-cartouches-de-792mm-patronenkasten-88-2","status":"publish","type":"product","link":"https:\/\/military-classic-auction.com\/en\/product\/caisse-en-bois-pour-1500-cartouches-de-792mm-patronenkasten-88-2\/","title":{"rendered":"Caisse en bois pour 1500 cartouches de 7,92mm &#8211; \u00ab\u00a0Patronenkasten 88\u00a0\u00bb"},"content":{"rendered":"<p>Caisse en bois pour 1500 cartouches de 7,92mm &#8211; \u00ab\u00a0Patronenkasten 88\u00a0\u00bb<br \/>\nElle contient, \u00e0 l&rsquo;origine, 5 boites cartonn\u00e9es (Tragschlaufe) de 300 cartouches chacune.<br \/>\nDeux charni\u00e8res en cuir.<br \/>\n\u00c9tiquette \u00e0 l&rsquo;int\u00e9rieur notifiant une caisse pour \u00ab\u00a01450 Platzpatronen 33 Sorte 1\u00a0\u00bb<br \/>\nDimension : L47cm x l34,5cm x h16cm<br \/>\n(En l&rsquo;\u00e9tat, usures, poign\u00e9e de transport manquante)<br \/>\n&#8211;<br \/>\nWooden case for 1500 7.92mm cartridges &#8211; \u00ab\u00a0Patronenkasten 88\u00a0\u00bb<br \/>\nIt originally contained 5 cardboard boxes (Tragschlaufe) of 300 cartridges each.<br \/>\nTwo leather hinges.<br \/>\nLabel inside notifying a crate for \u00ab\u00a01450 Platzpatronen 33 Sorte 1&Prime;<br \/>\nDimensions: L18,5&Prime; x w13,6&Prime; x h6,3\u00a0\u00bb<br \/>\n(As is, wear, carrying handle missing.)<\/p>","protected":false},"excerpt":{"rendered":"<p>Caisse en bois pour 1500 cartouches de 7,92mm &#8211; \u00ab\u00a0Patronenkasten 88\u00a0\u00bb Elle contient, \u00e0 l&rsquo;origine, 5 boites cartonn\u00e9es (Tragschlaufe) de 300 cartouches chacune. Deux charni\u00e8res en cuir. \u00c9tiquette \u00e0 l&rsquo;int\u00e9rieur notifiant une caisse pour \u00ab\u00a01450 Platzpatronen 33 Sorte 1\u00a0\u00bb Dimension : L47cm x l34,5cm x h16cm (En l&rsquo;\u00e9tat, usures, poign\u00e9e de transport manquante) &#8211; Wooden<a class=\"more-link\" href=\"https:\/\/military-classic-auction.com\/en\/product\/caisse-en-bois-pour-1500-cartouches-de-792mm-patronenkasten-88-2\/\">Read more  &#10230;<\/a><\/p>","protected":false},"featured_media":11816,"template":"","meta":[],"product_brand":[],"product_cat":[27],"product_tag":[],"class_list":{"0":"post-12896","1":"product","2":"type-product","3":"status-publish","4":"has-post-thumbnail","6":"product_cat-larmee-des-caisses","8":"first","9":"instock","10":"sold-individually","11":"purchasable","12":"product-type-auction"},"aioseo_notices":[],"_links":{"self":[{"href":"https:\/\/military-classic-auction.com\/en\/wp-json\/wp\/v2\/product\/12896","targetHints":{"allow":["GET"]}}],"collection":[{"href":"https:\/\/military-classic-auction.com\/en\/wp-json\/wp\/v2\/product"}],"about":[{"href":"https:\/\/military-classic-auction.com\/en\/wp-json\/wp\/v2\/types\/product"}],"wp:featuredmedia":[{"embeddable":true,"href":"https:\/\/military-classic-auction.com\/en\/wp-json\/wp\/v2\/media\/11816"}],"wp:attachment":[{"href":"https:\/\/military-classic-auction.com\/en\/wp-json\/wp\/v2\/media?parent=12896"}],"wp:term":[{"taxonomy":"product_brand","embeddable":true,"href":"https:\/\/military-classic-auction.com\/en\/wp-json\/wp\/v2\/product_brand?post=12896"},{"taxonomy":"product_cat","embeddable":true,"href":"https:\/\/military-classic-auction.com\/en\/wp-json\/wp\/v2\/product_cat?post=12896"},{"taxonomy":"product_tag","embeddable":true,"href":"https:\/\/military-classic-auction.com\/en\/wp-json\/wp\/v2\/product_tag?post=12896"}],"curies":[{"name":"wp","href":"https:\/\/api.w.org\/{rel}","templated":true}]}}