{"id":12887,"date":"2024-06-21T16:21:48","date_gmt":"2024-06-21T16:21:48","guid":{"rendered":"https:\/\/military-classic-auction.com\/?post_type=product&#038;p=12887"},"modified":"2024-07-06T09:42:21","modified_gmt":"2024-07-06T09:42:21","slug":"caisse-a-munitions-mg34-42-33","status":"publish","type":"product","link":"https:\/\/military-classic-auction.com\/en\/product\/caisse-a-munitions-mg34-42-33\/","title":{"rendered":"Caisse \u00e0 munitions &#8211; MG34\/42"},"content":{"rendered":"<p>Caisse \u00e0 munitions &#8211; MG34\/42<br \/>\nCaisse en aluminium pour 300 cartouches de 7,92 mm en bandes.<br \/>\nMarquage fabricant &#038; waffenamt pr\u00e9sents.<br \/>\nDat\u00e9e 1940<br \/>\n4 languettes cuir pr\u00e9sentes.<br \/>\nDimension : L37cm x l8,5cm x h17cm<br \/>\n(En l&rsquo;\u00e9tat, usures)<br \/>\n&#8211;<br \/>\nAmmo box &#8211; MG34\/42<br \/>\nAluminum case for 300 7.92 mm cartridges in strips.<br \/>\nManufacturer marking &#038; waffenamt present.<br \/>\nDated 1940<br \/>\n4 leather tabs present.<br \/>\nDimensions: L14,5&Prime; x w3,3&Prime; x h6,7&Prime;<br \/>\n(As is, wear)<\/p>","protected":false},"excerpt":{"rendered":"<p>Caisse \u00e0 munitions &#8211; MG34\/42 Caisse en aluminium pour 300 cartouches de 7,92 mm en bandes. Marquage fabricant &#038; waffenamt pr\u00e9sents. Dat\u00e9e 1940 4 languettes cuir pr\u00e9sentes. Dimension : L37cm x l8,5cm x h17cm (En l&rsquo;\u00e9tat, usures) &#8211; Ammo box &#8211; MG34\/42 Aluminum case for 300 7.92 mm cartridges in strips. Manufacturer marking &#038; waffenamt<a class=\"more-link\" href=\"https:\/\/military-classic-auction.com\/en\/product\/caisse-a-munitions-mg34-42-33\/\">Read more  &#10230;<\/a><\/p>","protected":false},"featured_media":11746,"template":"","meta":[],"product_brand":[],"product_cat":[27],"product_tag":[],"class_list":{"0":"post-12887","1":"product","2":"type-product","3":"status-publish","4":"has-post-thumbnail","6":"product_cat-larmee-des-caisses","8":"first","9":"instock","10":"sold-individually","11":"purchasable","12":"product-type-auction"},"aioseo_notices":[],"_links":{"self":[{"href":"https:\/\/military-classic-auction.com\/en\/wp-json\/wp\/v2\/product\/12887","targetHints":{"allow":["GET"]}}],"collection":[{"href":"https:\/\/military-classic-auction.com\/en\/wp-json\/wp\/v2\/product"}],"about":[{"href":"https:\/\/military-classic-auction.com\/en\/wp-json\/wp\/v2\/types\/product"}],"wp:featuredmedia":[{"embeddable":true,"href":"https:\/\/military-classic-auction.com\/en\/wp-json\/wp\/v2\/media\/11746"}],"wp:attachment":[{"href":"https:\/\/military-classic-auction.com\/en\/wp-json\/wp\/v2\/media?parent=12887"}],"wp:term":[{"taxonomy":"product_brand","embeddable":true,"href":"https:\/\/military-classic-auction.com\/en\/wp-json\/wp\/v2\/product_brand?post=12887"},{"taxonomy":"product_cat","embeddable":true,"href":"https:\/\/military-classic-auction.com\/en\/wp-json\/wp\/v2\/product_cat?post=12887"},{"taxonomy":"product_tag","embeddable":true,"href":"https:\/\/military-classic-auction.com\/en\/wp-json\/wp\/v2\/product_tag?post=12887"}],"curies":[{"name":"wp","href":"https:\/\/api.w.org\/{rel}","templated":true}]}}