{"id":12879,"date":"2024-06-21T16:21:39","date_gmt":"2024-06-21T16:21:39","guid":{"rendered":"https:\/\/military-classic-auction.com\/?post_type=product&#038;p=12879"},"modified":"2024-07-06T11:35:53","modified_gmt":"2024-07-06T11:35:53","slug":"caisse-a-munitions-mg34-42-25","status":"publish","type":"product","link":"https:\/\/military-classic-auction.com\/en\/product\/caisse-a-munitions-mg34-42-25\/","title":{"rendered":"Caisse \u00e0 munitions &#8211; MG34\/42"},"content":{"rendered":"<p>Caisse \u00e0 munitions &#8211; MG34\/42<br \/>\nCaisse en aluminium utilis\u00e9e pour le transport de 2 bidons d&rsquo;huiles\/p\u00e9trole.<br \/>\nMarquage fabricant &#038; waffenamt pr\u00e9sents.<br \/>\nCouvercle marqu\u00e9 \u00ab\u00a0P\u00a0\u00bb pour \u00ab\u00a0Petrol\u00a0\u00bb<br \/>\n2 bidons pr\u00e9sents dont un \u00ab\u00a0Oel\u00a0\u00bb et un \u00ab\u00a0Petroleum\u00a0\u00bb<br \/>\nAvec bouchon et chainette<br \/>\n4 languettes cuir pr\u00e9sentes.<br \/>\nDimension : L37cm x l8,5cm x h17cm<br \/>\n(En l&rsquo;\u00e9tat, usures, planchette manquante)<br \/>\n&#8211;<br \/>\nAmmo box &#8211; MG34\/42<br \/>\nAluminum box used for transporting 2 cans of oil\/oil.<br \/>\nManufacturer marking &#038; waffenamt present.<br \/>\nLid marked \u00ab\u00a0P\u00a0\u00bb for \u00ab\u00a0Petrol\u00a0\u00bb<br \/>\n2 cans present including an \u00ab\u00a0Oel\u00a0\u00bb and a \u00ab\u00a0Petroleum\u00a0\u00bb<br \/>\nWith cap and chain<br \/>\n4 leather tabs present.<br \/>\nDimensions: L14,5&Prime; x w3,3&Prime; x h6,7&Prime;<br \/>\n(As is, wear, missing board.)<\/p>","protected":false},"excerpt":{"rendered":"<p>Caisse \u00e0 munitions &#8211; MG34\/42 Caisse en aluminium utilis\u00e9e pour le transport de 2 bidons d&rsquo;huiles\/p\u00e9trole. Marquage fabricant &#038; waffenamt pr\u00e9sents. Couvercle marqu\u00e9 \u00ab\u00a0P\u00a0\u00bb pour \u00ab\u00a0Petrol\u00a0\u00bb 2 bidons pr\u00e9sents dont un \u00ab\u00a0Oel\u00a0\u00bb et un \u00ab\u00a0Petroleum\u00a0\u00bb Avec bouchon et chainette 4 languettes cuir pr\u00e9sentes. Dimension : L37cm x l8,5cm x h17cm (En l&rsquo;\u00e9tat, usures, planchette manquante)<a class=\"more-link\" href=\"https:\/\/military-classic-auction.com\/en\/product\/caisse-a-munitions-mg34-42-25\/\">Read more  &#10230;<\/a><\/p>","protected":false},"featured_media":11680,"template":"","meta":[],"product_brand":[],"product_cat":[27],"product_tag":[],"class_list":{"0":"post-12879","1":"product","2":"type-product","3":"status-publish","4":"has-post-thumbnail","6":"product_cat-larmee-des-caisses","8":"first","9":"instock","10":"sold-individually","11":"purchasable","12":"product-type-auction"},"aioseo_notices":[],"_links":{"self":[{"href":"https:\/\/military-classic-auction.com\/en\/wp-json\/wp\/v2\/product\/12879","targetHints":{"allow":["GET"]}}],"collection":[{"href":"https:\/\/military-classic-auction.com\/en\/wp-json\/wp\/v2\/product"}],"about":[{"href":"https:\/\/military-classic-auction.com\/en\/wp-json\/wp\/v2\/types\/product"}],"wp:featuredmedia":[{"embeddable":true,"href":"https:\/\/military-classic-auction.com\/en\/wp-json\/wp\/v2\/media\/11680"}],"wp:attachment":[{"href":"https:\/\/military-classic-auction.com\/en\/wp-json\/wp\/v2\/media?parent=12879"}],"wp:term":[{"taxonomy":"product_brand","embeddable":true,"href":"https:\/\/military-classic-auction.com\/en\/wp-json\/wp\/v2\/product_brand?post=12879"},{"taxonomy":"product_cat","embeddable":true,"href":"https:\/\/military-classic-auction.com\/en\/wp-json\/wp\/v2\/product_cat?post=12879"},{"taxonomy":"product_tag","embeddable":true,"href":"https:\/\/military-classic-auction.com\/en\/wp-json\/wp\/v2\/product_tag?post=12879"}],"curies":[{"name":"wp","href":"https:\/\/api.w.org\/{rel}","templated":true}]}}