{"id":12878,"date":"2024-06-21T16:21:39","date_gmt":"2024-06-21T16:21:39","guid":{"rendered":"https:\/\/military-classic-auction.com\/?post_type=product&#038;p=12878"},"modified":"2024-07-06T11:53:27","modified_gmt":"2024-07-06T11:53:27","slug":"caisse-a-munitions-mg34-42-werkzeuge","status":"publish","type":"product","link":"https:\/\/military-classic-auction.com\/en\/product\/caisse-a-munitions-mg34-42-werkzeuge\/","title":{"rendered":"Caisse \u00e0 munitions &#8211; MG34\/42 &#8211; \u00ab\u00a0Werkzeuge\u00a0\u00bb"},"content":{"rendered":"<p>Caisse \u00e0 munitions &#8211; MG34\/42 &#8211; \u00ab\u00a0Werkzeuge\u00a0\u00bb<br \/>\nCaisse en m\u00e9tal pour 300 cartouches de 7,92 mm en bandes.<br \/>\nMarquage r\u00e9affectant cette caisse comme caisse \u00e0 outils.<br \/>\nJoint d&rsquo;\u00e9tanch\u00e9it\u00e9 pr\u00e9sent &#038; languettes cuir manquantes.<br \/>\nDimension : L37cm x l8,5cm x h17,5cm<br \/>\n(En l&rsquo;\u00e9tat, usures, oxydation)<br \/>\n&#8211;<br \/>\nAmmunition box &#8211; MG34\/42 &#8211; \u00ab\u00a0Werkzeuge\u00a0\u00bb<br \/>\nMetal case for 300 7.92 mm cartridges in strips.<br \/>\nMarking repurposing this box as a tool box.<br \/>\nGasket present &#038; leather tabs missing.<br \/>\nDimensions: L14,5&Prime; x w3,3&Prime; x h6,8&Prime;<br \/>\n(As is, wear, oxidation)<\/p>","protected":false},"excerpt":{"rendered":"<p>Caisse \u00e0 munitions &#8211; MG34\/42 &#8211; \u00ab\u00a0Werkzeuge\u00a0\u00bb Caisse en m\u00e9tal pour 300 cartouches de 7,92 mm en bandes. Marquage r\u00e9affectant cette caisse comme caisse \u00e0 outils. Joint d&rsquo;\u00e9tanch\u00e9it\u00e9 pr\u00e9sent &#038; languettes cuir manquantes. Dimension : L37cm x l8,5cm x h17,5cm (En l&rsquo;\u00e9tat, usures, oxydation) &#8211; Ammunition box &#8211; MG34\/42 &#8211; \u00ab\u00a0Werkzeuge\u00a0\u00bb Metal case for 300<a class=\"more-link\" href=\"https:\/\/military-classic-auction.com\/en\/product\/caisse-a-munitions-mg34-42-werkzeuge\/\">Read more  &#10230;<\/a><\/p>","protected":false},"featured_media":11662,"template":"","meta":[],"product_brand":[],"product_cat":[27],"product_tag":[],"class_list":{"0":"post-12878","1":"product","2":"type-product","3":"status-publish","4":"has-post-thumbnail","6":"product_cat-larmee-des-caisses","8":"first","9":"instock","10":"sold-individually","11":"purchasable","12":"product-type-auction"},"aioseo_notices":[],"_links":{"self":[{"href":"https:\/\/military-classic-auction.com\/en\/wp-json\/wp\/v2\/product\/12878","targetHints":{"allow":["GET"]}}],"collection":[{"href":"https:\/\/military-classic-auction.com\/en\/wp-json\/wp\/v2\/product"}],"about":[{"href":"https:\/\/military-classic-auction.com\/en\/wp-json\/wp\/v2\/types\/product"}],"wp:featuredmedia":[{"embeddable":true,"href":"https:\/\/military-classic-auction.com\/en\/wp-json\/wp\/v2\/media\/11662"}],"wp:attachment":[{"href":"https:\/\/military-classic-auction.com\/en\/wp-json\/wp\/v2\/media?parent=12878"}],"wp:term":[{"taxonomy":"product_brand","embeddable":true,"href":"https:\/\/military-classic-auction.com\/en\/wp-json\/wp\/v2\/product_brand?post=12878"},{"taxonomy":"product_cat","embeddable":true,"href":"https:\/\/military-classic-auction.com\/en\/wp-json\/wp\/v2\/product_cat?post=12878"},{"taxonomy":"product_tag","embeddable":true,"href":"https:\/\/military-classic-auction.com\/en\/wp-json\/wp\/v2\/product_tag?post=12878"}],"curies":[{"name":"wp","href":"https:\/\/api.w.org\/{rel}","templated":true}]}}