{"id":12871,"date":"2024-06-21T16:21:31","date_gmt":"2024-06-21T16:21:31","guid":{"rendered":"https:\/\/military-classic-auction.com\/?post_type=product&#038;p=12871"},"modified":"2024-07-06T11:54:42","modified_gmt":"2024-07-06T11:54:42","slug":"porte-trommel-mg34-42-4","status":"publish","type":"product","link":"https:\/\/military-classic-auction.com\/en\/product\/porte-trommel-mg34-42-4\/","title":{"rendered":"Porte-trommel MG34\/42"},"content":{"rendered":"<p>Porte-trommel MG34\/42<br \/>\nFabrication : \u00ab\u00a0wc\u00a0\u00bb<br \/>\nDat\u00e9 1943<br \/>\nSyst\u00e8me d&rsquo;ouverture bloqu\u00e9.<br \/>\nDimension : L31cm x l14,5cm x h14cm<br \/>\n(En l&rsquo;\u00e9tat, usures, oxydation)<br \/>\n&#8211;<br \/>\nTrommel holder MG34\/42<br \/>\nManufacture: \u00ab\u00a0wc\u00a0\u00bb<br \/>\nDated 1943<br \/>\nOpening system blocked.<br \/>\nDimensions: L12,2&Prime; x w5,7&Prime; x h5,5&Prime;<br \/>\n(As is, wear, oxidation)<\/p>","protected":false},"excerpt":{"rendered":"<p>Porte-trommel MG34\/42 Fabrication : \u00ab\u00a0wc\u00a0\u00bb Dat\u00e9 1943 Syst\u00e8me d&rsquo;ouverture bloqu\u00e9. Dimension : L31cm x l14,5cm x h14cm (En l&rsquo;\u00e9tat, usures, oxydation) &#8211; Trommel holder MG34\/42 Manufacture: \u00ab\u00a0wc\u00a0\u00bb Dated 1943 Opening system blocked. Dimensions: L12,2&Prime; x w5,7&Prime; x h5,5&Prime; (As is, wear, oxidation)<\/p>","protected":false},"featured_media":11607,"template":"","meta":[],"product_brand":[],"product_cat":[27],"product_tag":[],"class_list":{"0":"post-12871","1":"product","2":"type-product","3":"status-publish","4":"has-post-thumbnail","6":"product_cat-larmee-des-caisses","8":"first","9":"instock","10":"sold-individually","11":"purchasable","12":"product-type-auction"},"aioseo_notices":[],"_links":{"self":[{"href":"https:\/\/military-classic-auction.com\/en\/wp-json\/wp\/v2\/product\/12871","targetHints":{"allow":["GET"]}}],"collection":[{"href":"https:\/\/military-classic-auction.com\/en\/wp-json\/wp\/v2\/product"}],"about":[{"href":"https:\/\/military-classic-auction.com\/en\/wp-json\/wp\/v2\/types\/product"}],"wp:featuredmedia":[{"embeddable":true,"href":"https:\/\/military-classic-auction.com\/en\/wp-json\/wp\/v2\/media\/11607"}],"wp:attachment":[{"href":"https:\/\/military-classic-auction.com\/en\/wp-json\/wp\/v2\/media?parent=12871"}],"wp:term":[{"taxonomy":"product_brand","embeddable":true,"href":"https:\/\/military-classic-auction.com\/en\/wp-json\/wp\/v2\/product_brand?post=12871"},{"taxonomy":"product_cat","embeddable":true,"href":"https:\/\/military-classic-auction.com\/en\/wp-json\/wp\/v2\/product_cat?post=12871"},{"taxonomy":"product_tag","embeddable":true,"href":"https:\/\/military-classic-auction.com\/en\/wp-json\/wp\/v2\/product_tag?post=12871"}],"curies":[{"name":"wp","href":"https:\/\/api.w.org\/{rel}","templated":true}]}}