{"id":12863,"date":"2024-06-21T16:21:25","date_gmt":"2024-06-21T16:21:25","guid":{"rendered":"https:\/\/military-classic-auction.com\/?post_type=product&#038;p=12863"},"modified":"2024-06-21T16:21:26","modified_gmt":"2024-06-21T16:21:26","slug":"caisse-a-munitions-mg34-42-14","status":"publish","type":"product","link":"https:\/\/military-classic-auction.com\/en\/product\/caisse-a-munitions-mg34-42-14\/","title":{"rendered":"Caisse \u00e0 munitions &#8211; MG34\/42"},"content":{"rendered":"<p>Caisse \u00e0 munitions &#8211; MG34\/42<br \/>\nCaisse en m\u00e9tal pour 300 cartouches de 7,92 mm en bandes.<br \/>\nCouleur jaune sable.<br \/>\nFabrication : \u00ab\u00a0ada\u00a0\u00bb<br \/>\nDat\u00e9e 1943<br \/>\nJoint d&rsquo;\u00e9tanch\u00e9it\u00e9 pr\u00e9sent.<br \/>\n2 languettes cuir pr\u00e9sentes.<br \/>\nDimension : L37cm x l8,5cm x h17cm<br \/>\n(En l&rsquo;\u00e9tat, usures, oxydation)<br \/>\n&#8211;<br \/>\nAmmo box &#8211; MG34\/42<br \/>\nMetal case for 300 7.92 mm cartridges in strips.<br \/>\nSand yellow color.<br \/>\nManufacturing: \u00ab\u00a0ada\u00a0\u00bb<br \/>\nDated 1943<br \/>\nSeal present.<br \/>\n2 leather tabs present.<br \/>\nDimensions: L14,5&Prime; x w3,3&Prime; x h6,7&Prime;<br \/>\n(As is, wear, oxidation)<\/p>","protected":false},"excerpt":{"rendered":"<p>Caisse \u00e0 munitions &#8211; MG34\/42 Caisse en m\u00e9tal pour 300 cartouches de 7,92 mm en bandes. Couleur jaune sable. Fabrication : \u00ab\u00a0ada\u00a0\u00bb Dat\u00e9e 1943 Joint d&rsquo;\u00e9tanch\u00e9it\u00e9 pr\u00e9sent. 2 languettes cuir pr\u00e9sentes. Dimension : L37cm x l8,5cm x h17cm (En l&rsquo;\u00e9tat, usures, oxydation) &#8211; Ammo box &#8211; MG34\/42 Metal case for 300 7.92 mm cartridges in<a class=\"more-link\" href=\"https:\/\/military-classic-auction.com\/en\/product\/caisse-a-munitions-mg34-42-14\/\">Read more  &#10230;<\/a><\/p>","protected":false},"featured_media":11536,"template":"","meta":[],"product_brand":[],"product_cat":[27],"product_tag":[],"class_list":{"0":"post-12863","1":"product","2":"type-product","3":"status-publish","4":"has-post-thumbnail","6":"product_cat-larmee-des-caisses","8":"first","9":"instock","10":"sold-individually","11":"purchasable","12":"product-type-auction"},"aioseo_notices":[],"_links":{"self":[{"href":"https:\/\/military-classic-auction.com\/en\/wp-json\/wp\/v2\/product\/12863","targetHints":{"allow":["GET"]}}],"collection":[{"href":"https:\/\/military-classic-auction.com\/en\/wp-json\/wp\/v2\/product"}],"about":[{"href":"https:\/\/military-classic-auction.com\/en\/wp-json\/wp\/v2\/types\/product"}],"wp:featuredmedia":[{"embeddable":true,"href":"https:\/\/military-classic-auction.com\/en\/wp-json\/wp\/v2\/media\/11536"}],"wp:attachment":[{"href":"https:\/\/military-classic-auction.com\/en\/wp-json\/wp\/v2\/media?parent=12863"}],"wp:term":[{"taxonomy":"product_brand","embeddable":true,"href":"https:\/\/military-classic-auction.com\/en\/wp-json\/wp\/v2\/product_brand?post=12863"},{"taxonomy":"product_cat","embeddable":true,"href":"https:\/\/military-classic-auction.com\/en\/wp-json\/wp\/v2\/product_cat?post=12863"},{"taxonomy":"product_tag","embeddable":true,"href":"https:\/\/military-classic-auction.com\/en\/wp-json\/wp\/v2\/product_tag?post=12863"}],"curies":[{"name":"wp","href":"https:\/\/api.w.org\/{rel}","templated":true}]}}