{"id":12857,"date":"2024-06-21T16:21:18","date_gmt":"2024-06-21T16:21:18","guid":{"rendered":"https:\/\/military-classic-auction.com\/?post_type=product&#038;p=12857"},"modified":"2024-07-06T13:09:15","modified_gmt":"2024-07-06T13:09:15","slug":"caisse-a-outils-pour-lentretien-de-la-mg-34-42","status":"publish","type":"product","link":"https:\/\/military-classic-auction.com\/en\/product\/caisse-a-outils-pour-lentretien-de-la-mg-34-42\/","title":{"rendered":"Caisse \u00e0 outils pour l&rsquo;entretien de la MG 34\/42"},"content":{"rendered":"<p>Caisse \u00e0 outils pour l&rsquo;entretien de la MG 34\/42<br \/>\nCaisse en aluminium initialement pr\u00e9vue pour les bandes \u00e0 munitions.<br \/>\nRare insert pr\u00e9sent avec la majorit\u00e9 des outils en place.<br \/>\nWaffenamt pr\u00e9sent sur l&rsquo;insert &#038; outils de plusieurs fabricants : \u00ab\u00a0H&#038;K\u00a0\u00bb,\u00a0\u00bbMauser\u00a0\u00bb,\u00a0\u00bbGlashart\u00a0\u00bb,\u00a0\u00bbEoz\u00a0\u00bb&#8230;<br \/>\nCaisse dat\u00e9e 1938. Marquage fabricant &#038; waffenamt pr\u00e9sents.<br \/>\nCamouflage 3 tons (non certifi\u00e9).<br \/>\n2 languettes cuir pr\u00e9sentes.<br \/>\nDimension : Dimension : L37cm x l8,5cm x h17cm<br \/>\n(En l&rsquo;\u00e9tat, usures, manques)<br \/>\n&#8211;<br \/>\nToolbox for maintenance of the MG 34\/42<br \/>\nAluminum case initially intended for ammunition belts.<br \/>\nRare insert present with the majority of tools in place.<br \/>\nWaffenamt present on the insert &#038; tools of several manufacturers: \u00ab\u00a0H&#038;K\u00a0\u00bb,\u00a0\u00bbMauser\u00a0\u00bb,\u00a0\u00bbGlashart\u00a0\u00bb,\u00a0\u00bbEoz\u00a0\u00bb&#8230;<br \/>\nCase dated 1938. Manufacturer &#038; waffenamt markings present.<br \/>\n3-tone camouflage (not certified).<br \/>\n2 leather tabs present.<br \/>\nDimensions: L14,5&Prime; x w3,3&Prime; x h6,7&Prime;<br \/>\n(As is, wear and tear)<\/p>","protected":false},"excerpt":{"rendered":"<p>Caisse \u00e0 outils pour l&rsquo;entretien de la MG 34\/42 Caisse en aluminium initialement pr\u00e9vue pour les bandes \u00e0 munitions. Rare insert pr\u00e9sent avec la majorit\u00e9 des outils en place. Waffenamt pr\u00e9sent sur l&rsquo;insert &#038; outils de plusieurs fabricants : \u00ab\u00a0H&#038;K\u00a0\u00bb,\u00a0\u00bbMauser\u00a0\u00bb,\u00a0\u00bbGlashart\u00a0\u00bb,\u00a0\u00bbEoz\u00a0\u00bb&#8230; Caisse dat\u00e9e 1938. Marquage fabricant &#038; waffenamt pr\u00e9sents. Camouflage 3 tons (non certifi\u00e9). 2 languettes<a class=\"more-link\" href=\"https:\/\/military-classic-auction.com\/en\/product\/caisse-a-outils-pour-lentretien-de-la-mg-34-42\/\">Read more  &#10230;<\/a><\/p>","protected":false},"featured_media":11485,"template":"","meta":[],"product_brand":[],"product_cat":[27],"product_tag":[],"class_list":{"0":"post-12857","1":"product","2":"type-product","3":"status-publish","4":"has-post-thumbnail","6":"product_cat-larmee-des-caisses","8":"first","9":"instock","10":"sold-individually","11":"purchasable","12":"product-type-auction"},"aioseo_notices":[],"_links":{"self":[{"href":"https:\/\/military-classic-auction.com\/en\/wp-json\/wp\/v2\/product\/12857","targetHints":{"allow":["GET"]}}],"collection":[{"href":"https:\/\/military-classic-auction.com\/en\/wp-json\/wp\/v2\/product"}],"about":[{"href":"https:\/\/military-classic-auction.com\/en\/wp-json\/wp\/v2\/types\/product"}],"wp:featuredmedia":[{"embeddable":true,"href":"https:\/\/military-classic-auction.com\/en\/wp-json\/wp\/v2\/media\/11485"}],"wp:attachment":[{"href":"https:\/\/military-classic-auction.com\/en\/wp-json\/wp\/v2\/media?parent=12857"}],"wp:term":[{"taxonomy":"product_brand","embeddable":true,"href":"https:\/\/military-classic-auction.com\/en\/wp-json\/wp\/v2\/product_brand?post=12857"},{"taxonomy":"product_cat","embeddable":true,"href":"https:\/\/military-classic-auction.com\/en\/wp-json\/wp\/v2\/product_cat?post=12857"},{"taxonomy":"product_tag","embeddable":true,"href":"https:\/\/military-classic-auction.com\/en\/wp-json\/wp\/v2\/product_tag?post=12857"}],"curies":[{"name":"wp","href":"https:\/\/api.w.org\/{rel}","templated":true}]}}