{"id":12856,"date":"2024-06-21T16:21:18","date_gmt":"2024-06-21T16:21:18","guid":{"rendered":"https:\/\/military-classic-auction.com\/?post_type=product&#038;p=12856"},"modified":"2024-07-06T11:56:22","modified_gmt":"2024-07-06T11:56:22","slug":"caisse-a-munitions-pour-mg-34-42-de-forteresse-2","status":"publish","type":"product","link":"https:\/\/military-classic-auction.com\/en\/product\/caisse-a-munitions-pour-mg-34-42-de-forteresse-2\/","title":{"rendered":"Caisse \u00e0 munitions pour MG 34\/42 de forteresse"},"content":{"rendered":"<p>Caisse \u00e0 munitions pour MG 34\/42 de forteresse<br \/>\nCaisse en m\u00e9tal pour 250 cartouches de 7,92 mm.<br \/>\nElle se positionnait sur l&rsquo;aff\u00fbt \u00ab\u00a0Panzernestlafetten\u00a0\u00bb con\u00e7u pour les bunkers.<br \/>\nFermeture par 3 crochets.<br \/>\nMarquage fabricant &#038; waffenamt pr\u00e9sents.<br \/>\nDat\u00e9e 1943<br \/>\nCertains guides int\u00e9rieurs manquants.<br \/>\nDimension : L20,5cm x l9cm x h34cm (environ)<br \/>\n(En l&rsquo;\u00e9tat, usures, oxydation)<br \/>\n&#8211;<br \/>\nAmmo box for fortress MG 34\/42<br \/>\nMetal case for 250 7.92 mm cartridges.<br \/>\nIt was positioned on the \u00ab\u00a0Panzernestlafetten\u00a0\u00bb lookout designed for bunkers.<br \/>\nClosure with 3 hooks.<br \/>\nManufacturer marking &#038; waffenamt present.<br \/>\nDated 1943<br \/>\nSome interior guides missing.<br \/>\nDimensions: L8&Prime; x w3,5&Prime; x h13,4&Prime; (approximately)<br \/>\n(As is, wear, oxidation)<\/p>","protected":false},"excerpt":{"rendered":"<p>Caisse \u00e0 munitions pour MG 34\/42 de forteresse Caisse en m\u00e9tal pour 250 cartouches de 7,92 mm. Elle se positionnait sur l&rsquo;aff\u00fbt \u00ab\u00a0Panzernestlafetten\u00a0\u00bb con\u00e7u pour les bunkers. Fermeture par 3 crochets. Marquage fabricant &#038; waffenamt pr\u00e9sents. Dat\u00e9e 1943 Certains guides int\u00e9rieurs manquants. Dimension : L20,5cm x l9cm x h34cm (environ) (En l&rsquo;\u00e9tat, usures, oxydation) &#8211;<a class=\"more-link\" href=\"https:\/\/military-classic-auction.com\/en\/product\/caisse-a-munitions-pour-mg-34-42-de-forteresse-2\/\">Read more  &#10230;<\/a><\/p>","protected":false},"featured_media":11465,"template":"","meta":[],"product_brand":[],"product_cat":[27],"product_tag":[],"class_list":{"0":"post-12856","1":"product","2":"type-product","3":"status-publish","4":"has-post-thumbnail","6":"product_cat-larmee-des-caisses","8":"first","9":"instock","10":"sold-individually","11":"purchasable","12":"product-type-auction"},"aioseo_notices":[],"_links":{"self":[{"href":"https:\/\/military-classic-auction.com\/en\/wp-json\/wp\/v2\/product\/12856","targetHints":{"allow":["GET"]}}],"collection":[{"href":"https:\/\/military-classic-auction.com\/en\/wp-json\/wp\/v2\/product"}],"about":[{"href":"https:\/\/military-classic-auction.com\/en\/wp-json\/wp\/v2\/types\/product"}],"wp:featuredmedia":[{"embeddable":true,"href":"https:\/\/military-classic-auction.com\/en\/wp-json\/wp\/v2\/media\/11465"}],"wp:attachment":[{"href":"https:\/\/military-classic-auction.com\/en\/wp-json\/wp\/v2\/media?parent=12856"}],"wp:term":[{"taxonomy":"product_brand","embeddable":true,"href":"https:\/\/military-classic-auction.com\/en\/wp-json\/wp\/v2\/product_brand?post=12856"},{"taxonomy":"product_cat","embeddable":true,"href":"https:\/\/military-classic-auction.com\/en\/wp-json\/wp\/v2\/product_cat?post=12856"},{"taxonomy":"product_tag","embeddable":true,"href":"https:\/\/military-classic-auction.com\/en\/wp-json\/wp\/v2\/product_tag?post=12856"}],"curies":[{"name":"wp","href":"https:\/\/api.w.org\/{rel}","templated":true}]}}