{"id":12852,"date":"2024-06-21T16:21:14","date_gmt":"2024-06-21T16:21:14","guid":{"rendered":"https:\/\/military-classic-auction.com\/?post_type=product&#038;p=12852"},"modified":"2024-07-06T11:20:02","modified_gmt":"2024-07-06T11:20:02","slug":"caissette-pour-150-cartouches-mg34-patronenkasten-36","status":"publish","type":"product","link":"https:\/\/military-classic-auction.com\/en\/product\/caissette-pour-150-cartouches-mg34-patronenkasten-36\/","title":{"rendered":"Caissette pour 150 cartouches &#8211; MG34 &#8211; \u00ab\u00a0Patronenkasten 36\u00a0\u00bb"},"content":{"rendered":"<p>Caissette pour 150 cartouches &#8211; MG34 &#8211; \u00ab\u00a0Patronenkasten 36\u00a0\u00bb<br \/>\nCette caisse \u00e9tait destin\u00e9e notamment aux aff\u00fbts doubles de MG.34.<br \/>\nFabrication : \u00ab\u00a0Hasag\u00a0\u00bb<br \/>\nDat\u00e9e 1939<br \/>\nDimension : L20cm x l9cm x h20cm<br \/>\n(En l&rsquo;\u00e9tat, usures, oxydation)<br \/>\n&#8211;<br \/>\nBox for 150 cartridges &#8211; MG34 &#8211; \u00ab\u00a0Patronenkasten 36\u00a0\u00bb<br \/>\nThis box was intended in particular for the double mounts of MG.34.<br \/>\nManufactured: \u00ab\u00a0Hasag\u00a0\u00bb<br \/>\nDated 1939<br \/>\nDimensions: L7,8&Prime; x w3,5&Prime; x h7,8&Prime;<br \/>\n(As is, wear, oxidation)<\/p>","protected":false},"excerpt":{"rendered":"<p>Caissette pour 150 cartouches &#8211; MG34 &#8211; \u00ab\u00a0Patronenkasten 36\u00a0\u00bb Cette caisse \u00e9tait destin\u00e9e notamment aux aff\u00fbts doubles de MG.34. Fabrication : \u00ab\u00a0Hasag\u00a0\u00bb Dat\u00e9e 1939 Dimension : L20cm x l9cm x h20cm (En l&rsquo;\u00e9tat, usures, oxydation) &#8211; Box for 150 cartridges &#8211; MG34 &#8211; \u00ab\u00a0Patronenkasten 36\u00a0\u00bb This box was intended in particular for the double mounts<a class=\"more-link\" href=\"https:\/\/military-classic-auction.com\/en\/product\/caissette-pour-150-cartouches-mg34-patronenkasten-36\/\">Read more  &#10230;<\/a><\/p>","protected":false},"featured_media":11432,"template":"","meta":[],"product_brand":[],"product_cat":[27],"product_tag":[],"class_list":{"0":"post-12852","1":"product","2":"type-product","3":"status-publish","4":"has-post-thumbnail","6":"product_cat-larmee-des-caisses","8":"first","9":"instock","10":"sold-individually","11":"purchasable","12":"product-type-auction"},"aioseo_notices":[],"_links":{"self":[{"href":"https:\/\/military-classic-auction.com\/en\/wp-json\/wp\/v2\/product\/12852","targetHints":{"allow":["GET"]}}],"collection":[{"href":"https:\/\/military-classic-auction.com\/en\/wp-json\/wp\/v2\/product"}],"about":[{"href":"https:\/\/military-classic-auction.com\/en\/wp-json\/wp\/v2\/types\/product"}],"wp:featuredmedia":[{"embeddable":true,"href":"https:\/\/military-classic-auction.com\/en\/wp-json\/wp\/v2\/media\/11432"}],"wp:attachment":[{"href":"https:\/\/military-classic-auction.com\/en\/wp-json\/wp\/v2\/media?parent=12852"}],"wp:term":[{"taxonomy":"product_brand","embeddable":true,"href":"https:\/\/military-classic-auction.com\/en\/wp-json\/wp\/v2\/product_brand?post=12852"},{"taxonomy":"product_cat","embeddable":true,"href":"https:\/\/military-classic-auction.com\/en\/wp-json\/wp\/v2\/product_cat?post=12852"},{"taxonomy":"product_tag","embeddable":true,"href":"https:\/\/military-classic-auction.com\/en\/wp-json\/wp\/v2\/product_tag?post=12852"}],"curies":[{"name":"wp","href":"https:\/\/api.w.org\/{rel}","templated":true}]}}