{"id":12847,"date":"2024-06-21T16:21:09","date_gmt":"2024-06-21T16:21:09","guid":{"rendered":"https:\/\/military-classic-auction.com\/?post_type=product&#038;p=12847"},"modified":"2024-07-06T11:55:20","modified_gmt":"2024-07-06T11:55:20","slug":"caisse-a-munitions-mg34-42-4","status":"publish","type":"product","link":"https:\/\/military-classic-auction.com\/en\/product\/caisse-a-munitions-mg34-42-4\/","title":{"rendered":"Caisse \u00e0 munitions &#8211; MG34\/42"},"content":{"rendered":"<p>Caisse \u00e0 munitions &#8211; MG34\/42<br \/>\nCaisse en aluminium pour 300 cartouches de 7,92 mm en bandes.<br \/>\nDat\u00e9e 1941<br \/>\n4 languettes cuir pr\u00e9sentes.<br \/>\nDimension : L37cm x l8,5cm x h17cm<br \/>\n(En l&rsquo;\u00e9tat, usures)<br \/>\n&#8211;<br \/>\nAmmo box &#8211; MG34\/42<br \/>\nAluminum case for 300 7.92 mm cartridges in strips.<br \/>\nDated 1941<br \/>\n4 leather tabs present.<br \/>\nDimensions: L14,5&Prime; x w3,3&Prime; x h6,7&Prime;<br \/>\n(As is, wear)<\/p>","protected":false},"excerpt":{"rendered":"<p>Caisse \u00e0 munitions &#8211; MG34\/42 Caisse en aluminium pour 300 cartouches de 7,92 mm en bandes. Dat\u00e9e 1941 4 languettes cuir pr\u00e9sentes. Dimension : L37cm x l8,5cm x h17cm (En l&rsquo;\u00e9tat, usures) &#8211; Ammo box &#8211; MG34\/42 Aluminum case for 300 7.92 mm cartridges in strips. Dated 1941 4 leather tabs present. Dimensions: L14,5&Prime; x<a class=\"more-link\" href=\"https:\/\/military-classic-auction.com\/en\/product\/caisse-a-munitions-mg34-42-4\/\">Read more  &#10230;<\/a><\/p>","protected":false},"featured_media":11392,"template":"","meta":[],"product_brand":[],"product_cat":[27],"product_tag":[],"class_list":{"0":"post-12847","1":"product","2":"type-product","3":"status-publish","4":"has-post-thumbnail","6":"product_cat-larmee-des-caisses","8":"first","9":"instock","10":"sold-individually","11":"purchasable","12":"product-type-auction"},"aioseo_notices":[],"_links":{"self":[{"href":"https:\/\/military-classic-auction.com\/en\/wp-json\/wp\/v2\/product\/12847","targetHints":{"allow":["GET"]}}],"collection":[{"href":"https:\/\/military-classic-auction.com\/en\/wp-json\/wp\/v2\/product"}],"about":[{"href":"https:\/\/military-classic-auction.com\/en\/wp-json\/wp\/v2\/types\/product"}],"wp:featuredmedia":[{"embeddable":true,"href":"https:\/\/military-classic-auction.com\/en\/wp-json\/wp\/v2\/media\/11392"}],"wp:attachment":[{"href":"https:\/\/military-classic-auction.com\/en\/wp-json\/wp\/v2\/media?parent=12847"}],"wp:term":[{"taxonomy":"product_brand","embeddable":true,"href":"https:\/\/military-classic-auction.com\/en\/wp-json\/wp\/v2\/product_brand?post=12847"},{"taxonomy":"product_cat","embeddable":true,"href":"https:\/\/military-classic-auction.com\/en\/wp-json\/wp\/v2\/product_cat?post=12847"},{"taxonomy":"product_tag","embeddable":true,"href":"https:\/\/military-classic-auction.com\/en\/wp-json\/wp\/v2\/product_tag?post=12847"}],"curies":[{"name":"wp","href":"https:\/\/api.w.org\/{rel}","templated":true}]}}