{"id":12844,"date":"2024-06-21T16:21:07","date_gmt":"2024-06-21T16:21:07","guid":{"rendered":"https:\/\/military-classic-auction.com\/?post_type=product&#038;p=12844"},"modified":"2024-07-05T18:09:25","modified_gmt":"2024-07-05T18:09:25","slug":"caisse-a-munitions-mg34-42","status":"publish","type":"product","link":"https:\/\/military-classic-auction.com\/en\/product\/caisse-a-munitions-mg34-42\/","title":{"rendered":"Caisse \u00e0 munitions &#8211; MG34\/42"},"content":{"rendered":"<p>Caisse \u00e0 munitions &#8211; MG34\/42<br \/>\nCaisse en m\u00e9tal pour 300 cartouches de 7,92 mm en bandes.<br \/>\nCouleur jaune sable, marquage fabricant pr\u00e9sent.<br \/>\nLanguettes cuir manquantes.<br \/>\nDimension : L37cm x l8,5cm x h17cm<br \/>\n(En l&rsquo;\u00e9tat, usures, oxydation)<br \/>\n&#8211;<br \/>\nAmmo box &#8211; MG34\/42<br \/>\nMetal case for 300 7.92 mm cartridges in strips.<br \/>\nSand yellow color, manufacturer marking present.<br \/>\nMissing leather tabs.<br \/>\nDimensions: L14,5&Prime; x w3,3&Prime; x h6,7&Prime;<br \/>\n(As is, wear, oxidation)<\/p>","protected":false},"excerpt":{"rendered":"<p>Caisse \u00e0 munitions &#8211; MG34\/42 Caisse en m\u00e9tal pour 300 cartouches de 7,92 mm en bandes. Couleur jaune sable, marquage fabricant pr\u00e9sent. Languettes cuir manquantes. Dimension : L37cm x l8,5cm x h17cm (En l&rsquo;\u00e9tat, usures, oxydation) &#8211; Ammo box &#8211; MG34\/42 Metal case for 300 7.92 mm cartridges in strips. Sand yellow color, manufacturer marking<a class=\"more-link\" href=\"https:\/\/military-classic-auction.com\/en\/product\/caisse-a-munitions-mg34-42\/\">Read more  &#10230;<\/a><\/p>","protected":false},"featured_media":11367,"template":"","meta":[],"product_brand":[],"product_cat":[27],"product_tag":[],"class_list":{"0":"post-12844","1":"product","2":"type-product","3":"status-publish","4":"has-post-thumbnail","6":"product_cat-larmee-des-caisses","8":"first","9":"instock","10":"sold-individually","11":"purchasable","12":"product-type-auction"},"aioseo_notices":[],"_links":{"self":[{"href":"https:\/\/military-classic-auction.com\/en\/wp-json\/wp\/v2\/product\/12844","targetHints":{"allow":["GET"]}}],"collection":[{"href":"https:\/\/military-classic-auction.com\/en\/wp-json\/wp\/v2\/product"}],"about":[{"href":"https:\/\/military-classic-auction.com\/en\/wp-json\/wp\/v2\/types\/product"}],"wp:featuredmedia":[{"embeddable":true,"href":"https:\/\/military-classic-auction.com\/en\/wp-json\/wp\/v2\/media\/11367"}],"wp:attachment":[{"href":"https:\/\/military-classic-auction.com\/en\/wp-json\/wp\/v2\/media?parent=12844"}],"wp:term":[{"taxonomy":"product_brand","embeddable":true,"href":"https:\/\/military-classic-auction.com\/en\/wp-json\/wp\/v2\/product_brand?post=12844"},{"taxonomy":"product_cat","embeddable":true,"href":"https:\/\/military-classic-auction.com\/en\/wp-json\/wp\/v2\/product_cat?post=12844"},{"taxonomy":"product_tag","embeddable":true,"href":"https:\/\/military-classic-auction.com\/en\/wp-json\/wp\/v2\/product_tag?post=12844"}],"curies":[{"name":"wp","href":"https:\/\/api.w.org\/{rel}","templated":true}]}}