{"id":12842,"date":"2024-06-21T16:21:05","date_gmt":"2024-06-21T16:21:05","guid":{"rendered":"https:\/\/military-classic-auction.com\/?post_type=product&#038;p=12842"},"modified":"2024-07-06T10:02:15","modified_gmt":"2024-07-06T10:02:15","slug":"panier-en-osier-pour-3-obus-de-75-cm-le-ig-18-7","status":"publish","type":"product","link":"https:\/\/military-classic-auction.com\/en\/product\/panier-en-osier-pour-3-obus-de-75-cm-le-ig-18-7\/","title":{"rendered":"Panier en osier pour 3 obus de 7,5 cm \u00ab\u00a0le.IG.18\u00a0\u00bb"},"content":{"rendered":"<p>Panier en osier pour 3 obus de 7,5 cm \u00ab\u00a0le.IG.18\u00a0\u00bb<br \/>\nFermeture par une sangle en cuir.<br \/>\nDeux charni\u00e8res en toile &#038; une poign\u00e9e de transport en toile.<br \/>\nFabrication : \u00ab\u00a0K.S.U.\u00a0\u00bb<br \/>\nDat\u00e9 1940<br \/>\nWaffenamt pr\u00e9sent.<br \/>\nDimension : L38cm x l12cm x h36cm<br \/>\n(En l&rsquo;\u00e9tat, usures, cuir sec)<br \/>\n&#8211;<br \/>\nWicker basket for 3 7.5 cm shells \u00ab\u00a0le.IG.18\u00a0\u00bb<br \/>\nClosure with a leather strap.<br \/>\nTwo canvas hinges &#038; a canvas carrying handle.<br \/>\nManufactured: \u00ab\u00a0K.S.U.\u00a0\u00bb<br \/>\nDated 1940<br \/>\nWaffenamt present.<br \/>\nDimensions: L14,9&Prime; x w4,7&Prime; x h14,1&Prime;<br \/>\n(As is, wear, dry leather)<\/p>","protected":false},"excerpt":{"rendered":"<p>Panier en osier pour 3 obus de 7,5 cm \u00ab\u00a0le.IG.18\u00a0\u00bb Fermeture par une sangle en cuir. Deux charni\u00e8res en toile &#038; une poign\u00e9e de transport en toile. Fabrication : \u00ab\u00a0K.S.U.\u00a0\u00bb Dat\u00e9 1940 Waffenamt pr\u00e9sent. Dimension : L38cm x l12cm x h36cm (En l&rsquo;\u00e9tat, usures, cuir sec) &#8211; Wicker basket for 3 7.5 cm shells \u00ab\u00a0le.IG.18\u00a0\u00bb<a class=\"more-link\" href=\"https:\/\/military-classic-auction.com\/en\/product\/panier-en-osier-pour-3-obus-de-75-cm-le-ig-18-7\/\">Read more  &#10230;<\/a><\/p>","protected":false},"featured_media":11351,"template":"","meta":[],"product_brand":[],"product_cat":[27],"product_tag":[],"class_list":{"0":"post-12842","1":"product","2":"type-product","3":"status-publish","4":"has-post-thumbnail","6":"product_cat-larmee-des-caisses","8":"first","9":"instock","10":"sold-individually","11":"purchasable","12":"product-type-auction"},"aioseo_notices":[],"_links":{"self":[{"href":"https:\/\/military-classic-auction.com\/en\/wp-json\/wp\/v2\/product\/12842","targetHints":{"allow":["GET"]}}],"collection":[{"href":"https:\/\/military-classic-auction.com\/en\/wp-json\/wp\/v2\/product"}],"about":[{"href":"https:\/\/military-classic-auction.com\/en\/wp-json\/wp\/v2\/types\/product"}],"wp:featuredmedia":[{"embeddable":true,"href":"https:\/\/military-classic-auction.com\/en\/wp-json\/wp\/v2\/media\/11351"}],"wp:attachment":[{"href":"https:\/\/military-classic-auction.com\/en\/wp-json\/wp\/v2\/media?parent=12842"}],"wp:term":[{"taxonomy":"product_brand","embeddable":true,"href":"https:\/\/military-classic-auction.com\/en\/wp-json\/wp\/v2\/product_brand?post=12842"},{"taxonomy":"product_cat","embeddable":true,"href":"https:\/\/military-classic-auction.com\/en\/wp-json\/wp\/v2\/product_cat?post=12842"},{"taxonomy":"product_tag","embeddable":true,"href":"https:\/\/military-classic-auction.com\/en\/wp-json\/wp\/v2\/product_tag?post=12842"}],"curies":[{"name":"wp","href":"https:\/\/api.w.org\/{rel}","templated":true}]}}