{"id":12827,"date":"2024-06-21T16:20:50","date_gmt":"2024-06-21T16:20:50","guid":{"rendered":"https:\/\/military-classic-auction.com\/?post_type=product&#038;p=12827"},"modified":"2024-07-06T11:50:10","modified_gmt":"2024-07-06T11:50:10","slug":"caisse-de-necessaire-dentretien-pour-canon-antichar-37cm-pak36","status":"publish","type":"product","link":"https:\/\/military-classic-auction.com\/en\/product\/caisse-de-necessaire-dentretien-pour-canon-antichar-37cm-pak36\/","title":{"rendered":"Caisse de n\u00e9cessaire d&rsquo;entretien pour canon antichar 3,7cm Pak36"},"content":{"rendered":"<p>Caisse de n\u00e9cessaire d&rsquo;entretien pour canon antichar 3,7cm Pak36<br \/>\nFermeture par deux crochets &#038; deux poign\u00e9es de transport en cuir (abim\u00e9es).<br \/>\nMarquage : \u00ab\u00a0C Erg\u00e4nzungskasten Pak 3,7cm\u00a0\u00bb<br \/>\nInt\u00e9rieur comprenant :<br \/>\n&#8211; Un bidon \u00ab\u00a0Glyzerin-Mischung\u00a0\u00bb avec bouchon et chainette.<br \/>\n&#8211; Une cl\u00e9 marqu\u00e9e \u00ab\u00a0Schlagbolzenspitze 3,7cm\u00a0\u00bb<br \/>\nPlusieurs compartiments pr\u00e9sents mais outillage incomplet.<br \/>\nDimension : L38cm x l38cm x h13cm<br \/>\n(En l&rsquo;\u00e9tat, usures, oxydation, incomplet)<br \/>\n&#8211;<br \/>\nBox of maintenance kits for 3.7cm Pak36 anti-tank gun<br \/>\nClosure with two hooks &#038; two leather carrying handles (damaged).<br \/>\nMarking: \u00ab\u00a0C Erg\u00e4nzungskasten Pak 3.7cm\u00a0\u00bb<br \/>\nInterior including:<br \/>\n&#8211; A \u00ab\u00a0Glyzerin-Mischung\u00a0\u00bb can with cap and chain.<br \/>\n&#8211; A key marked \u00ab\u00a0Schlagbolzenspitze 3.7cm\u00a0\u00bb<br \/>\nSeveral compartments present but tools incomplete.<br \/>\nDimensions: L15&Prime; x w15&Prime; x h5,1&Prime;<br \/>\n(As is, wear, oxidation, incomplete)<\/p>","protected":false},"excerpt":{"rendered":"<p>Caisse de n\u00e9cessaire d&rsquo;entretien pour canon antichar 3,7cm Pak36 Fermeture par deux crochets &#038; deux poign\u00e9es de transport en cuir (abim\u00e9es). Marquage : \u00ab\u00a0C Erg\u00e4nzungskasten Pak 3,7cm\u00a0\u00bb Int\u00e9rieur comprenant : &#8211; Un bidon \u00ab\u00a0Glyzerin-Mischung\u00a0\u00bb avec bouchon et chainette. &#8211; Une cl\u00e9 marqu\u00e9e \u00ab\u00a0Schlagbolzenspitze 3,7cm\u00a0\u00bb Plusieurs compartiments pr\u00e9sents mais outillage incomplet. Dimension : L38cm x l38cm<a class=\"more-link\" href=\"https:\/\/military-classic-auction.com\/en\/product\/caisse-de-necessaire-dentretien-pour-canon-antichar-37cm-pak36\/\">Read more  &#10230;<\/a><\/p>","protected":false},"featured_media":11244,"template":"","meta":[],"product_brand":[],"product_cat":[27],"product_tag":[],"class_list":{"0":"post-12827","1":"product","2":"type-product","3":"status-publish","4":"has-post-thumbnail","6":"product_cat-larmee-des-caisses","8":"first","9":"instock","10":"sold-individually","11":"purchasable","12":"product-type-auction"},"aioseo_notices":[],"_links":{"self":[{"href":"https:\/\/military-classic-auction.com\/en\/wp-json\/wp\/v2\/product\/12827","targetHints":{"allow":["GET"]}}],"collection":[{"href":"https:\/\/military-classic-auction.com\/en\/wp-json\/wp\/v2\/product"}],"about":[{"href":"https:\/\/military-classic-auction.com\/en\/wp-json\/wp\/v2\/types\/product"}],"wp:featuredmedia":[{"embeddable":true,"href":"https:\/\/military-classic-auction.com\/en\/wp-json\/wp\/v2\/media\/11244"}],"wp:attachment":[{"href":"https:\/\/military-classic-auction.com\/en\/wp-json\/wp\/v2\/media?parent=12827"}],"wp:term":[{"taxonomy":"product_brand","embeddable":true,"href":"https:\/\/military-classic-auction.com\/en\/wp-json\/wp\/v2\/product_brand?post=12827"},{"taxonomy":"product_cat","embeddable":true,"href":"https:\/\/military-classic-auction.com\/en\/wp-json\/wp\/v2\/product_cat?post=12827"},{"taxonomy":"product_tag","embeddable":true,"href":"https:\/\/military-classic-auction.com\/en\/wp-json\/wp\/v2\/product_tag?post=12827"}],"curies":[{"name":"wp","href":"https:\/\/api.w.org\/{rel}","templated":true}]}}