{"id":12824,"date":"2024-06-21T16:20:48","date_gmt":"2024-06-21T16:20:48","guid":{"rendered":"https:\/\/military-classic-auction.com\/?post_type=product&#038;p=12824"},"modified":"2024-07-06T11:10:38","modified_gmt":"2024-07-06T11:10:38","slug":"caisse-en-carton-pour-16-obus-de-37cm-flak","status":"publish","type":"product","link":"https:\/\/military-classic-auction.com\/en\/product\/caisse-en-carton-pour-16-obus-de-37cm-flak\/","title":{"rendered":"Caisse en carton pour 16 obus de 3,7cm Flak"},"content":{"rendered":"<p>Caisse en carton pour 16 obus de 3,7cm Flak<br \/>\nFabrication : \u00ab\u00a0bdq\u00a0\u00bb<br \/>\nDat\u00e9e 1945<br \/>\nWaffenamt pr\u00e9sent.<br \/>\nPoign\u00e9e bois.<br \/>\nDimension : L40cm x l24,5cm x h24cm<br \/>\n(En l&rsquo;\u00e9tat, usures)<br \/>\n&#8211;<br \/>\nCardboard case for 16 3.7cm Flak shells<br \/>\nManufacture: \u00ab\u00a0bdq\u00a0\u00bb<br \/>\nDated 1945<br \/>\nWaffenamt present.<br \/>\nWooden handle.<br \/>\nDimensions: L15,7&Prime; x w9,6&Prime; x h9,4&Prime;<br \/>\n(As is, wear)<\/p>","protected":false},"excerpt":{"rendered":"<p>Caisse en carton pour 16 obus de 3,7cm Flak Fabrication : \u00ab\u00a0bdq\u00a0\u00bb Dat\u00e9e 1945 Waffenamt pr\u00e9sent. Poign\u00e9e bois. Dimension : L40cm x l24,5cm x h24cm (En l&rsquo;\u00e9tat, usures) &#8211; Cardboard case for 16 3.7cm Flak shells Manufacture: \u00ab\u00a0bdq\u00a0\u00bb Dated 1945 Waffenamt present. Wooden handle. Dimensions: L15,7&Prime; x w9,6&Prime; x h9,4&Prime; (As is, wear)<\/p>","protected":false},"featured_media":11216,"template":"","meta":[],"product_brand":[],"product_cat":[27],"product_tag":[],"class_list":{"0":"post-12824","1":"product","2":"type-product","3":"status-publish","4":"has-post-thumbnail","6":"product_cat-larmee-des-caisses","8":"first","9":"instock","10":"sold-individually","11":"purchasable","12":"product-type-auction"},"aioseo_notices":[],"_links":{"self":[{"href":"https:\/\/military-classic-auction.com\/en\/wp-json\/wp\/v2\/product\/12824","targetHints":{"allow":["GET"]}}],"collection":[{"href":"https:\/\/military-classic-auction.com\/en\/wp-json\/wp\/v2\/product"}],"about":[{"href":"https:\/\/military-classic-auction.com\/en\/wp-json\/wp\/v2\/types\/product"}],"wp:featuredmedia":[{"embeddable":true,"href":"https:\/\/military-classic-auction.com\/en\/wp-json\/wp\/v2\/media\/11216"}],"wp:attachment":[{"href":"https:\/\/military-classic-auction.com\/en\/wp-json\/wp\/v2\/media?parent=12824"}],"wp:term":[{"taxonomy":"product_brand","embeddable":true,"href":"https:\/\/military-classic-auction.com\/en\/wp-json\/wp\/v2\/product_brand?post=12824"},{"taxonomy":"product_cat","embeddable":true,"href":"https:\/\/military-classic-auction.com\/en\/wp-json\/wp\/v2\/product_cat?post=12824"},{"taxonomy":"product_tag","embeddable":true,"href":"https:\/\/military-classic-auction.com\/en\/wp-json\/wp\/v2\/product_tag?post=12824"}],"curies":[{"name":"wp","href":"https:\/\/api.w.org\/{rel}","templated":true}]}}