{"id":12822,"date":"2024-06-21T16:20:46","date_gmt":"2024-06-21T16:20:46","guid":{"rendered":"https:\/\/military-classic-auction.com\/?post_type=product&#038;p=12822"},"modified":"2024-07-05T17:48:36","modified_gmt":"2024-07-05T17:48:36","slug":"caisse-daccessoires-pour-la-canon-37cm-kw-k-18-f","status":"publish","type":"product","link":"https:\/\/military-classic-auction.com\/en\/product\/caisse-daccessoires-pour-la-canon-37cm-kw-k-18-f\/","title":{"rendered":"Caisse d&rsquo;accessoires pour la canon 3,7cm Kw.K. 18.(f)"},"content":{"rendered":"<p>Caisse d&rsquo;accessoires pour la canon 3,7cm Kw.K. 18.(f)<br \/>\nFermeture par deux crochets.<br \/>\nPas de marquage fabricant visible.<br \/>\nCouvercle clout\u00e9, charni\u00e8res manquantes.<br \/>\nDimension : L77cm x l37cm x h15cm<br \/>\n(En l&rsquo;\u00e9tat, usures, manques)<br \/>\n&#8211;<br \/>\nAccessories box for the 3.7cm Kw.K cannon. 18.(f)<br \/>\nClosure with two hooks.<br \/>\nNo visible manufacturer marking.<br \/>\nStudded lid, missing hinges.<br \/>\nDimensions: L30,3&Prime; x w14,5&Prime; x h5,9&Prime;<br \/>\n(As is, wear and tear)<\/p>","protected":false},"excerpt":{"rendered":"<p>Caisse d&rsquo;accessoires pour la canon 3,7cm Kw.K. 18.(f) Fermeture par deux crochets. Pas de marquage fabricant visible. Couvercle clout\u00e9, charni\u00e8res manquantes. Dimension : L77cm x l37cm x h15cm (En l&rsquo;\u00e9tat, usures, manques) &#8211; Accessories box for the 3.7cm Kw.K cannon. 18.(f) Closure with two hooks. No visible manufacturer marking. Studded lid, missing hinges. Dimensions: L30,3&Prime;<a class=\"more-link\" href=\"https:\/\/military-classic-auction.com\/en\/product\/caisse-daccessoires-pour-la-canon-37cm-kw-k-18-f\/\">Read more  &#10230;<\/a><\/p>","protected":false},"featured_media":11199,"template":"","meta":[],"product_brand":[],"product_cat":[27],"product_tag":[],"class_list":{"0":"post-12822","1":"product","2":"type-product","3":"status-publish","4":"has-post-thumbnail","6":"product_cat-larmee-des-caisses","8":"first","9":"instock","10":"sold-individually","11":"purchasable","12":"product-type-auction"},"aioseo_notices":[],"_links":{"self":[{"href":"https:\/\/military-classic-auction.com\/en\/wp-json\/wp\/v2\/product\/12822","targetHints":{"allow":["GET"]}}],"collection":[{"href":"https:\/\/military-classic-auction.com\/en\/wp-json\/wp\/v2\/product"}],"about":[{"href":"https:\/\/military-classic-auction.com\/en\/wp-json\/wp\/v2\/types\/product"}],"wp:featuredmedia":[{"embeddable":true,"href":"https:\/\/military-classic-auction.com\/en\/wp-json\/wp\/v2\/media\/11199"}],"wp:attachment":[{"href":"https:\/\/military-classic-auction.com\/en\/wp-json\/wp\/v2\/media?parent=12822"}],"wp:term":[{"taxonomy":"product_brand","embeddable":true,"href":"https:\/\/military-classic-auction.com\/en\/wp-json\/wp\/v2\/product_brand?post=12822"},{"taxonomy":"product_cat","embeddable":true,"href":"https:\/\/military-classic-auction.com\/en\/wp-json\/wp\/v2\/product_cat?post=12822"},{"taxonomy":"product_tag","embeddable":true,"href":"https:\/\/military-classic-auction.com\/en\/wp-json\/wp\/v2\/product_tag?post=12822"}],"curies":[{"name":"wp","href":"https:\/\/api.w.org\/{rel}","templated":true}]}}