{"id":12815,"date":"2024-06-21T16:20:39","date_gmt":"2024-06-21T16:20:39","guid":{"rendered":"https:\/\/military-classic-auction.com\/?post_type=product&#038;p=12815"},"modified":"2024-07-06T11:52:21","modified_gmt":"2024-07-06T11:52:21","slug":"caisse-dentretien-reparation-pour-le-canon-anti-aerien-2cm-flak38","status":"publish","type":"product","link":"https:\/\/military-classic-auction.com\/en\/product\/caisse-dentretien-reparation-pour-le-canon-anti-aerien-2cm-flak38\/","title":{"rendered":"Caisse d&rsquo;entretien &#038; r\u00e9paration pour le canon anti-a\u00e9rien 2cm Flak38"},"content":{"rendered":"<p>Caisse d&rsquo;entretien &#038; r\u00e9paration pour le canon anti-a\u00e9rien 2cm Flak38<br \/>\nRare caisse avec la quasi totalit\u00e9 de ses accessoires.<br \/>\nFermeture par deux crochets &#038; une poign\u00e9e de transport en toile (accident\u00e9e).<br \/>\nOutillage comprenant notamment :<br \/>\n&#8211; Deux bidons d&rsquo;huile (\u00ab\u00a0Oel\u00a0\u00bb)<br \/>\n&#8211; Un entonnoir<br \/>\n&#8211; Cl\u00e9s de d\u00e9montage<br \/>\n&#8211; Ressorts<br \/>\n&#8211; Douille<br \/>\n&#8211; Burette<br \/>\nFabricant \u00ab\u00a0fnh\u00a0\u00bb &#038; plusieurs waffenamt pr\u00e9sents sur une partie de l&rsquo;outillage.<br \/>\nDimension : L38cm x l39cm x h12,5cm<br \/>\n(En l&rsquo;\u00e9tat, usures, oxydation, incomplet)<br \/>\n&#8211;<br \/>\nMaintenance &#038; repair box for the 2cm Flak38 anti-aircraft gun<br \/>\nRare box with almost all of its accessories.<br \/>\nClosure with two hooks &#038; a canvas carrying handle (damaged).<br \/>\nTools including:<br \/>\n&#8211; Two cans of oil (\u00ab\u00a0Oel\u00a0\u00bb)<br \/>\n&#8211; A funnel<br \/>\n&#8211; Disassembly keys<br \/>\n&#8211; Springs<br \/>\n&#8211; Socket<br \/>\n&#8211; Cruet<br \/>\nManufacturer \u00ab\u00a0fnh\u00a0\u00bb &#038; several waffenamt present on part of the tools.<br \/>\nDimensions: L14,9&Prime; x w15,3&Prime; x h4,9&Prime;<br \/>\n(As is, wear, oxidation, incomplete)<\/p>","protected":false},"excerpt":{"rendered":"<p>Caisse d&rsquo;entretien &#038; r\u00e9paration pour le canon anti-a\u00e9rien 2cm Flak38 Rare caisse avec la quasi totalit\u00e9 de ses accessoires. Fermeture par deux crochets &#038; une poign\u00e9e de transport en toile (accident\u00e9e). Outillage comprenant notamment : &#8211; Deux bidons d&rsquo;huile (\u00ab\u00a0Oel\u00a0\u00bb) &#8211; Un entonnoir &#8211; Cl\u00e9s de d\u00e9montage &#8211; Ressorts &#8211; Douille &#8211; Burette Fabricant \u00ab\u00a0fnh\u00a0\u00bb<a class=\"more-link\" href=\"https:\/\/military-classic-auction.com\/en\/product\/caisse-dentretien-reparation-pour-le-canon-anti-aerien-2cm-flak38\/\">Read more  &#10230;<\/a><\/p>","protected":false},"featured_media":11147,"template":"","meta":[],"product_brand":[],"product_cat":[27],"product_tag":[],"class_list":{"0":"post-12815","1":"product","2":"type-product","3":"status-publish","4":"has-post-thumbnail","6":"product_cat-larmee-des-caisses","8":"first","9":"instock","10":"sold-individually","11":"purchasable","12":"product-type-auction"},"aioseo_notices":[],"_links":{"self":[{"href":"https:\/\/military-classic-auction.com\/en\/wp-json\/wp\/v2\/product\/12815","targetHints":{"allow":["GET"]}}],"collection":[{"href":"https:\/\/military-classic-auction.com\/en\/wp-json\/wp\/v2\/product"}],"about":[{"href":"https:\/\/military-classic-auction.com\/en\/wp-json\/wp\/v2\/types\/product"}],"wp:featuredmedia":[{"embeddable":true,"href":"https:\/\/military-classic-auction.com\/en\/wp-json\/wp\/v2\/media\/11147"}],"wp:attachment":[{"href":"https:\/\/military-classic-auction.com\/en\/wp-json\/wp\/v2\/media?parent=12815"}],"wp:term":[{"taxonomy":"product_brand","embeddable":true,"href":"https:\/\/military-classic-auction.com\/en\/wp-json\/wp\/v2\/product_brand?post=12815"},{"taxonomy":"product_cat","embeddable":true,"href":"https:\/\/military-classic-auction.com\/en\/wp-json\/wp\/v2\/product_cat?post=12815"},{"taxonomy":"product_tag","embeddable":true,"href":"https:\/\/military-classic-auction.com\/en\/wp-json\/wp\/v2\/product_tag?post=12815"}],"curies":[{"name":"wp","href":"https:\/\/api.w.org\/{rel}","templated":true}]}}