{"id":12812,"date":"2024-06-21T16:20:37","date_gmt":"2024-06-21T16:20:37","guid":{"rendered":"https:\/\/military-classic-auction.com\/?post_type=product&#038;p=12812"},"modified":"2024-07-06T10:07:23","modified_gmt":"2024-07-06T10:07:23","slug":"caisse-dentretien-camouflee-pour-canon-flak-4","status":"publish","type":"product","link":"https:\/\/military-classic-auction.com\/en\/product\/caisse-dentretien-camouflee-pour-canon-flak-4\/","title":{"rendered":"Caisse d&rsquo;entretien camoufl\u00e9e pour canon Flak"},"content":{"rendered":"<p>Caisse d&rsquo;entretien camoufl\u00e9e pour canon Flak<br \/>\nCamouflage trois tons.<br \/>\nMarquage fabricant, date et waffenamt pr\u00e9sents.<br \/>\nDimension : L38cm x l18cm x h17cm<br \/>\n(En l&rsquo;\u00e9tat, oxydation)<br \/>\n&#8211;<br \/>\nCamouflaged maintenance box for Flak cannon<br \/>\nThree-tone camouflage.<br \/>\nManufacturer&rsquo;s marking, date and waffenamt present.<br \/>\nDimensions: L14,9&Prime; x w7&Prime; x h6,7&Prime;<br \/>\n(As is, oxidation)<\/p>","protected":false},"excerpt":{"rendered":"<p>Caisse d&rsquo;entretien camoufl\u00e9e pour canon Flak Camouflage trois tons. Marquage fabricant, date et waffenamt pr\u00e9sents. Dimension : L38cm x l18cm x h17cm (En l&rsquo;\u00e9tat, oxydation) &#8211; Camouflaged maintenance box for Flak cannon Three-tone camouflage. Manufacturer&rsquo;s marking, date and waffenamt present. Dimensions: L14,9&Prime; x w7&Prime; x h6,7&Prime; (As is, oxidation)<\/p>","protected":false},"featured_media":11122,"template":"","meta":[],"product_brand":[],"product_cat":[27],"product_tag":[],"class_list":{"0":"post-12812","1":"product","2":"type-product","3":"status-publish","4":"has-post-thumbnail","6":"product_cat-larmee-des-caisses","8":"first","9":"instock","10":"sold-individually","11":"purchasable","12":"product-type-auction"},"aioseo_notices":[],"_links":{"self":[{"href":"https:\/\/military-classic-auction.com\/en\/wp-json\/wp\/v2\/product\/12812","targetHints":{"allow":["GET"]}}],"collection":[{"href":"https:\/\/military-classic-auction.com\/en\/wp-json\/wp\/v2\/product"}],"about":[{"href":"https:\/\/military-classic-auction.com\/en\/wp-json\/wp\/v2\/types\/product"}],"wp:featuredmedia":[{"embeddable":true,"href":"https:\/\/military-classic-auction.com\/en\/wp-json\/wp\/v2\/media\/11122"}],"wp:attachment":[{"href":"https:\/\/military-classic-auction.com\/en\/wp-json\/wp\/v2\/media?parent=12812"}],"wp:term":[{"taxonomy":"product_brand","embeddable":true,"href":"https:\/\/military-classic-auction.com\/en\/wp-json\/wp\/v2\/product_brand?post=12812"},{"taxonomy":"product_cat","embeddable":true,"href":"https:\/\/military-classic-auction.com\/en\/wp-json\/wp\/v2\/product_cat?post=12812"},{"taxonomy":"product_tag","embeddable":true,"href":"https:\/\/military-classic-auction.com\/en\/wp-json\/wp\/v2\/product_tag?post=12812"}],"curies":[{"name":"wp","href":"https:\/\/api.w.org\/{rel}","templated":true}]}}