{"id":12808,"date":"2024-06-21T16:20:32","date_gmt":"2024-06-21T16:20:32","guid":{"rendered":"https:\/\/military-classic-auction.com\/?post_type=product&#038;p=12808"},"modified":"2024-07-06T11:53:03","modified_gmt":"2024-07-06T11:53:03","slug":"caisse-pour-2-chargeurs-2cm-flak-30-38-5","status":"publish","type":"product","link":"https:\/\/military-classic-auction.com\/en\/product\/caisse-pour-2-chargeurs-2cm-flak-30-38-5\/","title":{"rendered":"Caisse pour 2 chargeurs 2cm Flak. 30\/38"},"content":{"rendered":"<p>Caisse pour 2 chargeurs 2cm Flak. 30\/38<br \/>\nWaffenamt pr\u00e9sent.<br \/>\nNum\u00e9ro \u00ab\u00a01\u00a0\u00bb &#038; marquage \u00ab\u00a0EX\u00a0\u00bb.<br \/>\nPeinture jaune sable &#038; bande rouge.<br \/>\nCaisse attribu\u00e9e \u00e0 des munitions d&rsquo;exercice.<br \/>\nTampons int\u00e9rieurs pr\u00e9sents sous le couvercle.<br \/>\nUn r\u00e2telier int\u00e9rieur manquant.<br \/>\nDimension : L26cm x l13cm x h38cm<br \/>\n(En l&rsquo;\u00e9tat, usures, chocs, oxydation)<br \/>\n&#8211;<br \/>\nCase for 2 2cm Flak magazines. 30\/38<br \/>\nWaffenamt present.<br \/>\nNumber \u00ab\u00a01\u00a0\u00bb &#038; marking \u00ab\u00a0EX\u00a0\u00bb.<br \/>\nSand yellow paint &#038; red stripe.<br \/>\nBox allocated to exercise ammunition.<br \/>\nInterior pads present under the lid.<br \/>\nA missing interior rack.<br \/>\nDimensions: L10,2&Prime; x w5,1&Prime; x h14,9&Prime;<br \/>\n(As is, wear, shocks, oxidation)<\/p>","protected":false},"excerpt":{"rendered":"<p>Caisse pour 2 chargeurs 2cm Flak. 30\/38 Waffenamt pr\u00e9sent. Num\u00e9ro \u00ab\u00a01\u00a0\u00bb &#038; marquage \u00ab\u00a0EX\u00a0\u00bb. Peinture jaune sable &#038; bande rouge. Caisse attribu\u00e9e \u00e0 des munitions d&rsquo;exercice. Tampons int\u00e9rieurs pr\u00e9sents sous le couvercle. Un r\u00e2telier int\u00e9rieur manquant. Dimension : L26cm x l13cm x h38cm (En l&rsquo;\u00e9tat, usures, chocs, oxydation) &#8211; Case for 2 2cm Flak magazines.<a class=\"more-link\" href=\"https:\/\/military-classic-auction.com\/en\/product\/caisse-pour-2-chargeurs-2cm-flak-30-38-5\/\">Read more  &#10230;<\/a><\/p>","protected":false},"featured_media":11094,"template":"","meta":[],"product_brand":[],"product_cat":[27],"product_tag":[],"class_list":{"0":"post-12808","1":"product","2":"type-product","3":"status-publish","4":"has-post-thumbnail","6":"product_cat-larmee-des-caisses","8":"first","9":"instock","10":"sold-individually","11":"purchasable","12":"product-type-auction"},"aioseo_notices":[],"_links":{"self":[{"href":"https:\/\/military-classic-auction.com\/en\/wp-json\/wp\/v2\/product\/12808","targetHints":{"allow":["GET"]}}],"collection":[{"href":"https:\/\/military-classic-auction.com\/en\/wp-json\/wp\/v2\/product"}],"about":[{"href":"https:\/\/military-classic-auction.com\/en\/wp-json\/wp\/v2\/types\/product"}],"wp:featuredmedia":[{"embeddable":true,"href":"https:\/\/military-classic-auction.com\/en\/wp-json\/wp\/v2\/media\/11094"}],"wp:attachment":[{"href":"https:\/\/military-classic-auction.com\/en\/wp-json\/wp\/v2\/media?parent=12808"}],"wp:term":[{"taxonomy":"product_brand","embeddable":true,"href":"https:\/\/military-classic-auction.com\/en\/wp-json\/wp\/v2\/product_brand?post=12808"},{"taxonomy":"product_cat","embeddable":true,"href":"https:\/\/military-classic-auction.com\/en\/wp-json\/wp\/v2\/product_cat?post=12808"},{"taxonomy":"product_tag","embeddable":true,"href":"https:\/\/military-classic-auction.com\/en\/wp-json\/wp\/v2\/product_tag?post=12808"}],"curies":[{"name":"wp","href":"https:\/\/api.w.org\/{rel}","templated":true}]}}