{"id":12804,"date":"2024-06-21T16:20:29","date_gmt":"2024-06-21T16:20:29","guid":{"rendered":"https:\/\/military-classic-auction.com\/?post_type=product&#038;p=12804"},"modified":"2024-07-06T11:42:15","modified_gmt":"2024-07-06T11:42:15","slug":"caisse-pour-2-chargeurs-2cm-flak-30-38-3","status":"publish","type":"product","link":"https:\/\/military-classic-auction.com\/en\/product\/caisse-pour-2-chargeurs-2cm-flak-30-38-3\/","title":{"rendered":"Caisse pour 2 chargeurs 2cm Flak. 30\/38"},"content":{"rendered":"<p>Caisse pour 2 chargeurs 2cm Flak. 30\/38<br \/>\nMarquage fabricant &#038; waffenamt pr\u00e9sents.<br \/>\nNum\u00e9ro \u00ab\u00a014\u00a0\u00bb<br \/>\nTampons int\u00e9rieurs pr\u00e9sents sous le couvercle.<br \/>\nR\u00e2teliers int\u00e9rieurs manquants.<br \/>\nDimension : L26cm x l13cm x h38cm<br \/>\n(En l&rsquo;\u00e9tat, usures, oxydation)<br \/>\n&#8211;<br \/>\nCase for 2 2cm Flak magazines. 30\/38<br \/>\nManufacturer marking &#038; waffenamt present.<br \/>\nNumber \u00ab\u00a014\u00a0\u00bb<br \/>\nInterior pads present under the lid.<br \/>\nMissing interior racks.<br \/>\nDimensions: L10,2&Prime; x w5,1&Prime; x h14,9&Prime;<br \/>\n(As is, wear, oxidation)<\/p>","protected":false},"excerpt":{"rendered":"<p>Caisse pour 2 chargeurs 2cm Flak. 30\/38 Marquage fabricant &#038; waffenamt pr\u00e9sents. Num\u00e9ro \u00ab\u00a014\u00a0\u00bb Tampons int\u00e9rieurs pr\u00e9sents sous le couvercle. R\u00e2teliers int\u00e9rieurs manquants. Dimension : L26cm x l13cm x h38cm (En l&rsquo;\u00e9tat, usures, oxydation) &#8211; Case for 2 2cm Flak magazines. 30\/38 Manufacturer marking &#038; waffenamt present. Number \u00ab\u00a014\u00a0\u00bb Interior pads present under the lid.<a class=\"more-link\" href=\"https:\/\/military-classic-auction.com\/en\/product\/caisse-pour-2-chargeurs-2cm-flak-30-38-3\/\">Read more  &#10230;<\/a><\/p>","protected":false},"featured_media":11060,"template":"","meta":[],"product_brand":[],"product_cat":[27],"product_tag":[],"class_list":{"0":"post-12804","1":"product","2":"type-product","3":"status-publish","4":"has-post-thumbnail","6":"product_cat-larmee-des-caisses","8":"first","9":"instock","10":"sold-individually","11":"purchasable","12":"product-type-auction"},"aioseo_notices":[],"_links":{"self":[{"href":"https:\/\/military-classic-auction.com\/en\/wp-json\/wp\/v2\/product\/12804","targetHints":{"allow":["GET"]}}],"collection":[{"href":"https:\/\/military-classic-auction.com\/en\/wp-json\/wp\/v2\/product"}],"about":[{"href":"https:\/\/military-classic-auction.com\/en\/wp-json\/wp\/v2\/types\/product"}],"wp:featuredmedia":[{"embeddable":true,"href":"https:\/\/military-classic-auction.com\/en\/wp-json\/wp\/v2\/media\/11060"}],"wp:attachment":[{"href":"https:\/\/military-classic-auction.com\/en\/wp-json\/wp\/v2\/media?parent=12804"}],"wp:term":[{"taxonomy":"product_brand","embeddable":true,"href":"https:\/\/military-classic-auction.com\/en\/wp-json\/wp\/v2\/product_brand?post=12804"},{"taxonomy":"product_cat","embeddable":true,"href":"https:\/\/military-classic-auction.com\/en\/wp-json\/wp\/v2\/product_cat?post=12804"},{"taxonomy":"product_tag","embeddable":true,"href":"https:\/\/military-classic-auction.com\/en\/wp-json\/wp\/v2\/product_tag?post=12804"}],"curies":[{"name":"wp","href":"https:\/\/api.w.org\/{rel}","templated":true}]}}