{"id":12803,"date":"2024-06-21T16:20:28","date_gmt":"2024-06-21T16:20:28","guid":{"rendered":"https:\/\/military-classic-auction.com\/?post_type=product&#038;p=12803"},"modified":"2024-07-06T11:28:27","modified_gmt":"2024-07-06T11:28:27","slug":"caisse-pour-2-chargeurs-2cm-flak-30-38-2","status":"publish","type":"product","link":"https:\/\/military-classic-auction.com\/en\/product\/caisse-pour-2-chargeurs-2cm-flak-30-38-2\/","title":{"rendered":"Caisse pour 2 chargeurs 2cm Flak. 30\/38"},"content":{"rendered":"<p>Caisse pour 2 chargeurs 2cm Flak. 30\/38<br \/>\nPas de marquage visible.<br \/>\nNum\u00e9ro \u00ab\u00a05500\u00a0\u00bb<br \/>\nTampons &#038; r\u00e2teliers int\u00e9rieurs pr\u00e9sents.<br \/>\nDimension : L26cm x l13cm x h38cm<br \/>\n(En l&rsquo;\u00e9tat, usures, oxydation)<br \/>\n&#8211;<\/p>\n<p>Case for 2 2cm Flak magazines. 30\/38<br \/>\nNo visible marking.<br \/>\nNumber \u00ab\u00a05500\u00a0\u00bb<br \/>\nBuffers &#038; interior racks present.<br \/>\nDimensions: L10,2&Prime; x w5,1&Prime; x h14,9&Prime;<br \/>\n(As is, wear, oxidation)<\/p>","protected":false},"excerpt":{"rendered":"<p>Caisse pour 2 chargeurs 2cm Flak. 30\/38 Pas de marquage visible. Num\u00e9ro \u00ab\u00a05500\u00a0\u00bb Tampons &#038; r\u00e2teliers int\u00e9rieurs pr\u00e9sents. Dimension : L26cm x l13cm x h38cm (En l&rsquo;\u00e9tat, usures, oxydation) &#8211; Case for 2 2cm Flak magazines. 30\/38 No visible marking. Number \u00ab\u00a05500\u00a0\u00bb Buffers &#038; interior racks present. Dimensions: L10,2&Prime; x w5,1&Prime; x h14,9&Prime; (As is,<a class=\"more-link\" href=\"https:\/\/military-classic-auction.com\/en\/product\/caisse-pour-2-chargeurs-2cm-flak-30-38-2\/\">Read more  &#10230;<\/a><\/p>","protected":false},"featured_media":11050,"template":"","meta":[],"product_brand":[],"product_cat":[27],"product_tag":[],"class_list":{"0":"post-12803","1":"product","2":"type-product","3":"status-publish","4":"has-post-thumbnail","6":"product_cat-larmee-des-caisses","8":"first","9":"instock","10":"sold-individually","11":"purchasable","12":"product-type-auction"},"aioseo_notices":[],"_links":{"self":[{"href":"https:\/\/military-classic-auction.com\/en\/wp-json\/wp\/v2\/product\/12803","targetHints":{"allow":["GET"]}}],"collection":[{"href":"https:\/\/military-classic-auction.com\/en\/wp-json\/wp\/v2\/product"}],"about":[{"href":"https:\/\/military-classic-auction.com\/en\/wp-json\/wp\/v2\/types\/product"}],"wp:featuredmedia":[{"embeddable":true,"href":"https:\/\/military-classic-auction.com\/en\/wp-json\/wp\/v2\/media\/11050"}],"wp:attachment":[{"href":"https:\/\/military-classic-auction.com\/en\/wp-json\/wp\/v2\/media?parent=12803"}],"wp:term":[{"taxonomy":"product_brand","embeddable":true,"href":"https:\/\/military-classic-auction.com\/en\/wp-json\/wp\/v2\/product_brand?post=12803"},{"taxonomy":"product_cat","embeddable":true,"href":"https:\/\/military-classic-auction.com\/en\/wp-json\/wp\/v2\/product_cat?post=12803"},{"taxonomy":"product_tag","embeddable":true,"href":"https:\/\/military-classic-auction.com\/en\/wp-json\/wp\/v2\/product_tag?post=12803"}],"curies":[{"name":"wp","href":"https:\/\/api.w.org\/{rel}","templated":true}]}}