{"id":12802,"date":"2024-06-21T16:20:27","date_gmt":"2024-06-21T16:20:27","guid":{"rendered":"https:\/\/military-classic-auction.com\/?post_type=product&#038;p=12802"},"modified":"2024-07-06T11:41:30","modified_gmt":"2024-07-06T11:41:30","slug":"caisse-pour-2-chargeurs-2cm-flak-30-38","status":"publish","type":"product","link":"https:\/\/military-classic-auction.com\/en\/product\/caisse-pour-2-chargeurs-2cm-flak-30-38\/","title":{"rendered":"Caisse pour 2 chargeurs 2cm Flak. 30\/38"},"content":{"rendered":"<p>Caisse pour 2 chargeurs 2cm Flak. 30\/38<br \/>\nPas de marquage visible.<br \/>\nTampons &#038; r\u00e2teliers int\u00e9rieurs manquants.<br \/>\nDimension : L26cm x l13cm x h38cm<br \/>\n(En l&rsquo;\u00e9tat, usures, oxydation)<br \/>\n&#8211;<br \/>\nCase for 2 2cm Flak magazines. 30\/38<br \/>\nNo visible marking.<br \/>\nBuffers &#038; interior racks missing.<br \/>\nDimensions: L10,2&Prime; x w5,1&Prime; x h14,9&Prime;<br \/>\n(As is, wear, oxidation)<\/p>","protected":false},"excerpt":{"rendered":"<p>Caisse pour 2 chargeurs 2cm Flak. 30\/38 Pas de marquage visible. Tampons &#038; r\u00e2teliers int\u00e9rieurs manquants. Dimension : L26cm x l13cm x h38cm (En l&rsquo;\u00e9tat, usures, oxydation) &#8211; Case for 2 2cm Flak magazines. 30\/38 No visible marking. Buffers &#038; interior racks missing. Dimensions: L10,2&Prime; x w5,1&Prime; x h14,9&Prime; (As is, wear, oxidation)<\/p>","protected":false},"featured_media":11039,"template":"","meta":[],"product_brand":[],"product_cat":[27],"product_tag":[],"class_list":{"0":"post-12802","1":"product","2":"type-product","3":"status-publish","4":"has-post-thumbnail","6":"product_cat-larmee-des-caisses","8":"first","9":"instock","10":"sold-individually","11":"purchasable","12":"product-type-auction"},"aioseo_notices":[],"_links":{"self":[{"href":"https:\/\/military-classic-auction.com\/en\/wp-json\/wp\/v2\/product\/12802","targetHints":{"allow":["GET"]}}],"collection":[{"href":"https:\/\/military-classic-auction.com\/en\/wp-json\/wp\/v2\/product"}],"about":[{"href":"https:\/\/military-classic-auction.com\/en\/wp-json\/wp\/v2\/types\/product"}],"wp:featuredmedia":[{"embeddable":true,"href":"https:\/\/military-classic-auction.com\/en\/wp-json\/wp\/v2\/media\/11039"}],"wp:attachment":[{"href":"https:\/\/military-classic-auction.com\/en\/wp-json\/wp\/v2\/media?parent=12802"}],"wp:term":[{"taxonomy":"product_brand","embeddable":true,"href":"https:\/\/military-classic-auction.com\/en\/wp-json\/wp\/v2\/product_brand?post=12802"},{"taxonomy":"product_cat","embeddable":true,"href":"https:\/\/military-classic-auction.com\/en\/wp-json\/wp\/v2\/product_cat?post=12802"},{"taxonomy":"product_tag","embeddable":true,"href":"https:\/\/military-classic-auction.com\/en\/wp-json\/wp\/v2\/product_tag?post=12802"}],"curies":[{"name":"wp","href":"https:\/\/api.w.org\/{rel}","templated":true}]}}