{"id":12797,"date":"2024-06-21T16:20:21","date_gmt":"2024-06-21T16:20:21","guid":{"rendered":"https:\/\/military-classic-auction.com\/?post_type=product&#038;p=12797"},"modified":"2024-07-06T11:39:03","modified_gmt":"2024-07-06T11:39:03","slug":"caisse-en-bois-pour-100-cartouches-de-2cm-flak-30-flak-38-7","status":"publish","type":"product","link":"https:\/\/military-classic-auction.com\/en\/product\/caisse-en-bois-pour-100-cartouches-de-2cm-flak-30-flak-38-7\/","title":{"rendered":"Caisse en bois pour 100 cartouches de 2cm Flak.30 &#038; Flak.38"},"content":{"rendered":"<p>Caisse en bois pour 100 cartouches de 2cm Flak.30 &#038; Flak.38<br \/>\nFermeture par deux clapets &#038; deux poign\u00e9es de transport en m\u00e9tal.<br \/>\nFabrication : PM<br \/>\nDat\u00e9e 1939<br \/>\n\u00c9tiquettes pr\u00e9sentes mais incompl\u00e8tes.<br \/>\nCaisson int\u00e9rieur en zinc manquant.<br \/>\nDimension : L67cm x l25,5cm x h20,5cm<br \/>\n(En l&rsquo;\u00e9tat, usures)<br \/>\n&#8211;<br \/>\nWooden case for 100 cartridges of 2cm Flak.30 &#038; Flak.38<br \/>\nClosing with two flaps &#038; two metal carrying handles.<br \/>\nManufacturing: PM<br \/>\nDated 1939<br \/>\nLabels present but incomplete.<br \/>\nMissing interior zinc box.<br \/>\nDimensions: L26,3&Prime; x w10&Prime; x h8&Prime;<br \/>\n(As is, wear)<\/p>","protected":false},"excerpt":{"rendered":"<p>Caisse en bois pour 100 cartouches de 2cm Flak.30 &#038; Flak.38 Fermeture par deux clapets &#038; deux poign\u00e9es de transport en m\u00e9tal. Fabrication : PM Dat\u00e9e 1939 \u00c9tiquettes pr\u00e9sentes mais incompl\u00e8tes. Caisson int\u00e9rieur en zinc manquant. Dimension : L67cm x l25,5cm x h20,5cm (En l&rsquo;\u00e9tat, usures) &#8211; Wooden case for 100 cartridges of 2cm Flak.30<a class=\"more-link\" href=\"https:\/\/military-classic-auction.com\/en\/product\/caisse-en-bois-pour-100-cartouches-de-2cm-flak-30-flak-38-7\/\">Read more  &#10230;<\/a><\/p>","protected":false},"featured_media":10996,"template":"","meta":[],"product_brand":[],"product_cat":[27],"product_tag":[],"class_list":{"0":"post-12797","1":"product","2":"type-product","3":"status-publish","4":"has-post-thumbnail","6":"product_cat-larmee-des-caisses","8":"first","9":"instock","10":"sold-individually","11":"purchasable","12":"product-type-auction"},"aioseo_notices":[],"_links":{"self":[{"href":"https:\/\/military-classic-auction.com\/en\/wp-json\/wp\/v2\/product\/12797","targetHints":{"allow":["GET"]}}],"collection":[{"href":"https:\/\/military-classic-auction.com\/en\/wp-json\/wp\/v2\/product"}],"about":[{"href":"https:\/\/military-classic-auction.com\/en\/wp-json\/wp\/v2\/types\/product"}],"wp:featuredmedia":[{"embeddable":true,"href":"https:\/\/military-classic-auction.com\/en\/wp-json\/wp\/v2\/media\/10996"}],"wp:attachment":[{"href":"https:\/\/military-classic-auction.com\/en\/wp-json\/wp\/v2\/media?parent=12797"}],"wp:term":[{"taxonomy":"product_brand","embeddable":true,"href":"https:\/\/military-classic-auction.com\/en\/wp-json\/wp\/v2\/product_brand?post=12797"},{"taxonomy":"product_cat","embeddable":true,"href":"https:\/\/military-classic-auction.com\/en\/wp-json\/wp\/v2\/product_cat?post=12797"},{"taxonomy":"product_tag","embeddable":true,"href":"https:\/\/military-classic-auction.com\/en\/wp-json\/wp\/v2\/product_tag?post=12797"}],"curies":[{"name":"wp","href":"https:\/\/api.w.org\/{rel}","templated":true}]}}