{"id":12792,"date":"2024-06-21T16:20:17","date_gmt":"2024-06-21T16:20:17","guid":{"rendered":"https:\/\/military-classic-auction.com\/?post_type=product&#038;p=12792"},"modified":"2024-07-06T11:35:40","modified_gmt":"2024-07-06T11:35:40","slug":"caisse-en-bois-pour-100-cartouches-de-2cm-flak-30-flak-38-2","status":"publish","type":"product","link":"https:\/\/military-classic-auction.com\/en\/product\/caisse-en-bois-pour-100-cartouches-de-2cm-flak-30-flak-38-2\/","title":{"rendered":"Caisse en bois pour 100 cartouches de 2cm Flak.30 &#038; Flak.38"},"content":{"rendered":"<p>Caisse en bois pour 100 cartouches de 2cm Flak.30 &#038; Flak.38<br \/>\nFermeture par deux crochets &#038; deux poign\u00e9es de transport en cordelette.<br \/>\nFabrication : \u00ab\u00a0gsv\u00a0\u00bb<br \/>\nDate illisible.<br \/>\n\u00c9tiquettes pr\u00e9sentes mais incompl\u00e8tes.<br \/>\nCaisson int\u00e9rieur en zinc manquant.<br \/>\nDimension : L67cm x l25,5cm x h20,5cm<br \/>\n(En l&rsquo;\u00e9tat, usures)<br \/>\n&#8211;<br \/>\nWooden case for 100 cartridges of 2cm Flak.30 &#038; Flak.38<br \/>\nClosure with two hooks &#038; two cord carrying handles.<br \/>\nManufactured: \u00ab\u00a0gsv\u00a0\u00bb<br \/>\nIllegible date.<br \/>\nLabels present but incomplete.<br \/>\nMissing interior zinc box.<br \/>\nDimensions: L26,3&Prime; x w10&Prime; x h8&Prime;<br \/>\n(As is, wear and tear)<\/p>","protected":false},"excerpt":{"rendered":"<p>Caisse en bois pour 100 cartouches de 2cm Flak.30 &#038; Flak.38 Fermeture par deux crochets &#038; deux poign\u00e9es de transport en cordelette. Fabrication : \u00ab\u00a0gsv\u00a0\u00bb Date illisible. \u00c9tiquettes pr\u00e9sentes mais incompl\u00e8tes. Caisson int\u00e9rieur en zinc manquant. Dimension : L67cm x l25,5cm x h20,5cm (En l&rsquo;\u00e9tat, usures) &#8211; Wooden case for 100 cartridges of 2cm Flak.30<a class=\"more-link\" href=\"https:\/\/military-classic-auction.com\/en\/product\/caisse-en-bois-pour-100-cartouches-de-2cm-flak-30-flak-38-2\/\">Read more  &#10230;<\/a><\/p>","protected":false},"featured_media":10950,"template":"","meta":[],"product_brand":[],"product_cat":[27],"product_tag":[],"class_list":{"0":"post-12792","1":"product","2":"type-product","3":"status-publish","4":"has-post-thumbnail","6":"product_cat-larmee-des-caisses","8":"first","9":"instock","10":"sold-individually","11":"purchasable","12":"product-type-auction"},"aioseo_notices":[],"_links":{"self":[{"href":"https:\/\/military-classic-auction.com\/en\/wp-json\/wp\/v2\/product\/12792","targetHints":{"allow":["GET"]}}],"collection":[{"href":"https:\/\/military-classic-auction.com\/en\/wp-json\/wp\/v2\/product"}],"about":[{"href":"https:\/\/military-classic-auction.com\/en\/wp-json\/wp\/v2\/types\/product"}],"wp:featuredmedia":[{"embeddable":true,"href":"https:\/\/military-classic-auction.com\/en\/wp-json\/wp\/v2\/media\/10950"}],"wp:attachment":[{"href":"https:\/\/military-classic-auction.com\/en\/wp-json\/wp\/v2\/media?parent=12792"}],"wp:term":[{"taxonomy":"product_brand","embeddable":true,"href":"https:\/\/military-classic-auction.com\/en\/wp-json\/wp\/v2\/product_brand?post=12792"},{"taxonomy":"product_cat","embeddable":true,"href":"https:\/\/military-classic-auction.com\/en\/wp-json\/wp\/v2\/product_cat?post=12792"},{"taxonomy":"product_tag","embeddable":true,"href":"https:\/\/military-classic-auction.com\/en\/wp-json\/wp\/v2\/product_tag?post=12792"}],"curies":[{"name":"wp","href":"https:\/\/api.w.org\/{rel}","templated":true}]}}