{"id":12790,"date":"2024-06-21T16:20:13","date_gmt":"2024-06-21T16:20:13","guid":{"rendered":"https:\/\/military-classic-auction.com\/?post_type=product&#038;p=12790"},"modified":"2024-06-30T17:39:23","modified_gmt":"2024-06-30T17:39:23","slug":"caisse-pour-3-obus-de-mortier-de-81mm-italienne","status":"publish","type":"product","link":"https:\/\/military-classic-auction.com\/en\/product\/caisse-pour-3-obus-de-mortier-de-81mm-italienne\/","title":{"rendered":"Caisse pour 3 obus de mortier de 81mm &#8211; Italienne"},"content":{"rendered":"<p>Caisse pour 3 obus de mortier de 81mm &#8211; Italienne<br \/>\nDouble poign\u00e9e en m\u00e9tal.<br \/>\nR\u00e2telier int\u00e9rieur manquant.<br \/>\nDImension : L32cm x l29cm x h9cm<br \/>\n(En l&rsquo;\u00e9tat, usures, oxydation)<br \/>\n&#8211;<br \/>\nCase for 3 81mm mortar shells &#8211; Italian<br \/>\nDouble metal handle.<br \/>\nMissing interior rack.<br \/>\nDimensions: L12,6&Prime; x w11,4&Prime; x h3,5&Prime;<br \/>\n(As is, wear, oxidation)<\/p>","protected":false},"excerpt":{"rendered":"<p>Caisse pour 3 obus de mortier de 81mm &#8211; Italienne Double poign\u00e9e en m\u00e9tal. R\u00e2telier int\u00e9rieur manquant. DImension : L32cm x l29cm x h9cm (En l&rsquo;\u00e9tat, usures, oxydation) &#8211; Case for 3 81mm mortar shells &#8211; Italian Double metal handle. Missing interior rack. Dimensions: L12,6&Prime; x w11,4&Prime; x h3,5&Prime; (As is, wear, oxidation)<\/p>","protected":false},"featured_media":10931,"template":"","meta":[],"product_brand":[],"product_cat":[27],"product_tag":[],"class_list":{"0":"post-12790","1":"product","2":"type-product","3":"status-publish","4":"has-post-thumbnail","6":"product_cat-larmee-des-caisses","8":"first","9":"instock","10":"sold-individually","11":"purchasable","12":"product-type-auction"},"aioseo_notices":[],"_links":{"self":[{"href":"https:\/\/military-classic-auction.com\/en\/wp-json\/wp\/v2\/product\/12790","targetHints":{"allow":["GET"]}}],"collection":[{"href":"https:\/\/military-classic-auction.com\/en\/wp-json\/wp\/v2\/product"}],"about":[{"href":"https:\/\/military-classic-auction.com\/en\/wp-json\/wp\/v2\/types\/product"}],"wp:featuredmedia":[{"embeddable":true,"href":"https:\/\/military-classic-auction.com\/en\/wp-json\/wp\/v2\/media\/10931"}],"wp:attachment":[{"href":"https:\/\/military-classic-auction.com\/en\/wp-json\/wp\/v2\/media?parent=12790"}],"wp:term":[{"taxonomy":"product_brand","embeddable":true,"href":"https:\/\/military-classic-auction.com\/en\/wp-json\/wp\/v2\/product_brand?post=12790"},{"taxonomy":"product_cat","embeddable":true,"href":"https:\/\/military-classic-auction.com\/en\/wp-json\/wp\/v2\/product_cat?post=12790"},{"taxonomy":"product_tag","embeddable":true,"href":"https:\/\/military-classic-auction.com\/en\/wp-json\/wp\/v2\/product_tag?post=12790"}],"curies":[{"name":"wp","href":"https:\/\/api.w.org\/{rel}","templated":true}]}}