{"id":12789,"date":"2024-06-21T16:20:12","date_gmt":"2024-06-21T16:20:12","guid":{"rendered":"https:\/\/military-classic-auction.com\/?post_type=product&#038;p=12789"},"modified":"2024-07-06T11:47:06","modified_gmt":"2024-07-06T11:47:06","slug":"caisse-pour-3-obus-de-mortier-de-8-cm-gr-w-34","status":"publish","type":"product","link":"https:\/\/military-classic-auction.com\/en\/product\/caisse-pour-3-obus-de-mortier-de-8-cm-gr-w-34\/","title":{"rendered":"Caisse pour 3 obus de mortier de 8 cm Gr.W.34"},"content":{"rendered":"<p>Caisse pour 3 obus de mortier de 8 cm Gr.W.34<br \/>\nMarquage fabricant &#038; waffenamt pr\u00e9sent.<br \/>\nDat\u00e9e 1940.<br \/>\nR\u00e2telier int\u00e9rieur pr\u00e9sent.<br \/>\nPoign\u00e9e bois &#038; charni\u00e8re accident\u00e9es.<br \/>\nDimension : L35cm x l28cm x h10cm<br \/>\n(En l&rsquo;\u00e9tat, usures, oxydation)<br \/>\n&#8211;<br \/>\nBox for 3 mortar shells of 8 cm Gr.W.34<br \/>\nManufacturer &#038; waffenamt marking present.<br \/>\nDated 1940.<br \/>\nInterior rack present.<br \/>\nDamaged wooden handle &#038; hinge.<br \/>\nDimensions: L13,8&Prime; x w11&Prime; x h3,9&Prime;<br \/>\n(As is, wear, oxidation)<\/p>","protected":false},"excerpt":{"rendered":"<p>Caisse pour 3 obus de mortier de 8 cm Gr.W.34 Marquage fabricant &#038; waffenamt pr\u00e9sent. Dat\u00e9e 1940. R\u00e2telier int\u00e9rieur pr\u00e9sent. Poign\u00e9e bois &#038; charni\u00e8re accident\u00e9es. Dimension : L35cm x l28cm x h10cm (En l&rsquo;\u00e9tat, usures, oxydation) &#8211; Box for 3 mortar shells of 8 cm Gr.W.34 Manufacturer &#038; waffenamt marking present. Dated 1940. Interior rack<a class=\"more-link\" href=\"https:\/\/military-classic-auction.com\/en\/product\/caisse-pour-3-obus-de-mortier-de-8-cm-gr-w-34\/\">Read more  &#10230;<\/a><\/p>","protected":false},"featured_media":10926,"template":"","meta":[],"product_brand":[],"product_cat":[27],"product_tag":[],"class_list":{"0":"post-12789","1":"product","2":"type-product","3":"status-publish","4":"has-post-thumbnail","6":"product_cat-larmee-des-caisses","8":"first","9":"instock","10":"sold-individually","11":"purchasable","12":"product-type-auction"},"aioseo_notices":[],"_links":{"self":[{"href":"https:\/\/military-classic-auction.com\/en\/wp-json\/wp\/v2\/product\/12789","targetHints":{"allow":["GET"]}}],"collection":[{"href":"https:\/\/military-classic-auction.com\/en\/wp-json\/wp\/v2\/product"}],"about":[{"href":"https:\/\/military-classic-auction.com\/en\/wp-json\/wp\/v2\/types\/product"}],"wp:featuredmedia":[{"embeddable":true,"href":"https:\/\/military-classic-auction.com\/en\/wp-json\/wp\/v2\/media\/10926"}],"wp:attachment":[{"href":"https:\/\/military-classic-auction.com\/en\/wp-json\/wp\/v2\/media?parent=12789"}],"wp:term":[{"taxonomy":"product_brand","embeddable":true,"href":"https:\/\/military-classic-auction.com\/en\/wp-json\/wp\/v2\/product_brand?post=12789"},{"taxonomy":"product_cat","embeddable":true,"href":"https:\/\/military-classic-auction.com\/en\/wp-json\/wp\/v2\/product_cat?post=12789"},{"taxonomy":"product_tag","embeddable":true,"href":"https:\/\/military-classic-auction.com\/en\/wp-json\/wp\/v2\/product_tag?post=12789"}],"curies":[{"name":"wp","href":"https:\/\/api.w.org\/{rel}","templated":true}]}}