{"id":12787,"date":"2024-06-21T16:20:11","date_gmt":"2024-06-21T16:20:11","guid":{"rendered":"https:\/\/military-classic-auction.com\/?post_type=product&#038;p=12787"},"modified":"2024-07-06T11:06:16","modified_gmt":"2024-07-06T11:06:16","slug":"caisse-pour-10-obus-de-mortier-de-5-cm-l-gr-w-36-5","status":"publish","type":"product","link":"https:\/\/military-classic-auction.com\/en\/product\/caisse-pour-10-obus-de-mortier-de-5-cm-l-gr-w-36-5\/","title":{"rendered":"Caisse pour 10 obus de mortier de 5 cm L.Gr.W.36"},"content":{"rendered":"<p>Caisse pour 10 obus de mortier de 5 cm L.Gr.W.36<br \/>\nFabrication : \u00ab\u00a0EB\u00a0\u00bb<br \/>\nDat\u00e9e 1940<br \/>\nWaffenamt pr\u00e9sent.<br \/>\nDouble r\u00e2telier int\u00e9rieur pr\u00e9sent.<br \/>\nTirettes de verrouillage manquantes.<br \/>\nDimension : L24cm x l30cm x h13cm<br \/>\n(En l&rsquo;\u00e9tat, usures, chocs, oxydation)<br \/>\n&#8211;<br \/>\nBox for 10 mortar shells of 5 cm L.Gr.W.36<br \/>\nManufacture: \u00ab\u00a0EB\u00a0\u00bb<br \/>\nDated 1940<br \/>\nWaffenamt present.<br \/>\nDouble interior rack present.<br \/>\nMissing locking pulls.<br \/>\nDimensions: L9,4&Prime; x w11,8&Prime; x h5,1&Prime;<br \/>\n(As is, wear, shock, oxidation)<\/p>","protected":false},"excerpt":{"rendered":"<p>Caisse pour 10 obus de mortier de 5 cm L.Gr.W.36 Fabrication : \u00ab\u00a0EB\u00a0\u00bb Dat\u00e9e 1940 Waffenamt pr\u00e9sent. Double r\u00e2telier int\u00e9rieur pr\u00e9sent. Tirettes de verrouillage manquantes. Dimension : L24cm x l30cm x h13cm (En l&rsquo;\u00e9tat, usures, chocs, oxydation) &#8211; Box for 10 mortar shells of 5 cm L.Gr.W.36 Manufacture: \u00ab\u00a0EB\u00a0\u00bb Dated 1940 Waffenamt present. Double interior<a class=\"more-link\" href=\"https:\/\/military-classic-auction.com\/en\/product\/caisse-pour-10-obus-de-mortier-de-5-cm-l-gr-w-36-5\/\">Read more  &#10230;<\/a><\/p>","protected":false},"featured_media":10909,"template":"","meta":[],"product_brand":[],"product_cat":[27],"product_tag":[],"class_list":{"0":"post-12787","1":"product","2":"type-product","3":"status-publish","4":"has-post-thumbnail","6":"product_cat-larmee-des-caisses","8":"first","9":"instock","10":"sold-individually","11":"purchasable","12":"product-type-auction"},"aioseo_notices":[],"_links":{"self":[{"href":"https:\/\/military-classic-auction.com\/en\/wp-json\/wp\/v2\/product\/12787","targetHints":{"allow":["GET"]}}],"collection":[{"href":"https:\/\/military-classic-auction.com\/en\/wp-json\/wp\/v2\/product"}],"about":[{"href":"https:\/\/military-classic-auction.com\/en\/wp-json\/wp\/v2\/types\/product"}],"wp:featuredmedia":[{"embeddable":true,"href":"https:\/\/military-classic-auction.com\/en\/wp-json\/wp\/v2\/media\/10909"}],"wp:attachment":[{"href":"https:\/\/military-classic-auction.com\/en\/wp-json\/wp\/v2\/media?parent=12787"}],"wp:term":[{"taxonomy":"product_brand","embeddable":true,"href":"https:\/\/military-classic-auction.com\/en\/wp-json\/wp\/v2\/product_brand?post=12787"},{"taxonomy":"product_cat","embeddable":true,"href":"https:\/\/military-classic-auction.com\/en\/wp-json\/wp\/v2\/product_cat?post=12787"},{"taxonomy":"product_tag","embeddable":true,"href":"https:\/\/military-classic-auction.com\/en\/wp-json\/wp\/v2\/product_tag?post=12787"}],"curies":[{"name":"wp","href":"https:\/\/api.w.org\/{rel}","templated":true}]}}