{"id":12784,"date":"2024-06-21T16:20:09","date_gmt":"2024-06-21T16:20:09","guid":{"rendered":"https:\/\/military-classic-auction.com\/?post_type=product&#038;p=12784"},"modified":"2024-07-06T12:01:07","modified_gmt":"2024-07-06T12:01:07","slug":"caisse-pour-10-obus-de-mortier-de-5-cm-l-gr-w-36-2","status":"publish","type":"product","link":"https:\/\/military-classic-auction.com\/en\/product\/caisse-pour-10-obus-de-mortier-de-5-cm-l-gr-w-36-2\/","title":{"rendered":"Caisse pour 10 obus de mortier de 5 cm L.Gr.W.36"},"content":{"rendered":"<p>Caisse pour 10 obus de mortier de 5 cm L.Gr.W.36<br \/>\nFabrication : \u00ab\u00a0bpo\u00a0\u00bb<br \/>\nDat\u00e9e 1943<br \/>\nWaffenamt pr\u00e9sent.<br \/>\nDouble r\u00e2telier int\u00e9rieur pr\u00e9sent.<br \/>\nTirettes de verrouillage pr\u00e9sentes.<br \/>\nDimension : L24cm x l30cm x h13cm<br \/>\n(En l&rsquo;\u00e9tat, usures, chocs, oxydation)<br \/>\n&#8211;<br \/>\nBox for 10 mortar shells of 5 cm L.Gr.W.36<br \/>\nManufacturing: \u00ab\u00a0bpo\u00a0\u00bb<br \/>\nDated 1943<br \/>\nWaffenamt present.<br \/>\nDouble interior rack present.<br \/>\nLocking pulls present.<br \/>\nDimensions: L9,4&Prime; x w11,8&Prime; x h5,1&Prime;<br \/>\n(As is, wear, shock, oxidation)<\/p>","protected":false},"excerpt":{"rendered":"<p>Caisse pour 10 obus de mortier de 5 cm L.Gr.W.36 Fabrication : \u00ab\u00a0bpo\u00a0\u00bb Dat\u00e9e 1943 Waffenamt pr\u00e9sent. Double r\u00e2telier int\u00e9rieur pr\u00e9sent. Tirettes de verrouillage pr\u00e9sentes. Dimension : L24cm x l30cm x h13cm (En l&rsquo;\u00e9tat, usures, chocs, oxydation) &#8211; Box for 10 mortar shells of 5 cm L.Gr.W.36 Manufacturing: \u00ab\u00a0bpo\u00a0\u00bb Dated 1943 Waffenamt present. Double interior<a class=\"more-link\" href=\"https:\/\/military-classic-auction.com\/en\/product\/caisse-pour-10-obus-de-mortier-de-5-cm-l-gr-w-36-2\/\">Read more  &#10230;<\/a><\/p>","protected":false},"featured_media":10885,"template":"","meta":[],"product_brand":[],"product_cat":[27],"product_tag":[],"class_list":{"0":"post-12784","1":"product","2":"type-product","3":"status-publish","4":"has-post-thumbnail","6":"product_cat-larmee-des-caisses","8":"first","9":"instock","10":"sold-individually","11":"purchasable","12":"product-type-auction"},"aioseo_notices":[],"_links":{"self":[{"href":"https:\/\/military-classic-auction.com\/en\/wp-json\/wp\/v2\/product\/12784","targetHints":{"allow":["GET"]}}],"collection":[{"href":"https:\/\/military-classic-auction.com\/en\/wp-json\/wp\/v2\/product"}],"about":[{"href":"https:\/\/military-classic-auction.com\/en\/wp-json\/wp\/v2\/types\/product"}],"wp:featuredmedia":[{"embeddable":true,"href":"https:\/\/military-classic-auction.com\/en\/wp-json\/wp\/v2\/media\/10885"}],"wp:attachment":[{"href":"https:\/\/military-classic-auction.com\/en\/wp-json\/wp\/v2\/media?parent=12784"}],"wp:term":[{"taxonomy":"product_brand","embeddable":true,"href":"https:\/\/military-classic-auction.com\/en\/wp-json\/wp\/v2\/product_brand?post=12784"},{"taxonomy":"product_cat","embeddable":true,"href":"https:\/\/military-classic-auction.com\/en\/wp-json\/wp\/v2\/product_cat?post=12784"},{"taxonomy":"product_tag","embeddable":true,"href":"https:\/\/military-classic-auction.com\/en\/wp-json\/wp\/v2\/product_tag?post=12784"}],"curies":[{"name":"wp","href":"https:\/\/api.w.org\/{rel}","templated":true}]}}