{"id":12782,"date":"2024-06-21T16:20:07","date_gmt":"2024-06-21T16:20:07","guid":{"rendered":"https:\/\/military-classic-auction.com\/?post_type=product&#038;p=12782"},"modified":"2024-07-06T10:12:58","modified_gmt":"2024-07-06T10:12:58","slug":"caisse-pour-20-grenades-a-fusil-antichar-gr-g-pzgr-5","status":"publish","type":"product","link":"https:\/\/military-classic-auction.com\/en\/product\/caisse-pour-20-grenades-a-fusil-antichar-gr-g-pzgr-5\/","title":{"rendered":"Caisse pour 20 grenades \u00e0 fusil antichar \u00ab\u00a0gr.G.Pzgr.\u00a0\u00bb"},"content":{"rendered":"<p>Caisse pour 20 grenades \u00e0 fusil antichar \u00ab\u00a0gr.G.Pzgr.\u00a0\u00bb<br \/>\nFermeture par un crochet &#038; poign\u00e9e de transport en toile manquante.<br \/>\nPas de marquage fabricant visible.<br \/>\n\u00c9tiquette int\u00e9rieure pr\u00e9sente (incompl\u00e8te).<br \/>\nDimension : L45,5cm x l23cm x h20cm<br \/>\n(En l&rsquo;\u00e9tat, usures, modifications)<br \/>\n&#8211;<br \/>\nCase for 20 anti-tank rifle grenades \u00ab\u00a0gr.G.Pzgr.\u00a0\u00bb<br \/>\nHook closure &#038; missing canvas carrying handle.<br \/>\nNo visible manufacturer marking.<br \/>\nInterior label present (incomplete).<br \/>\nDimensions: L17,9&Prime; x w9&Prime; x h7,8&Prime;<br \/>\n(As is, wear, modifications)<\/p>","protected":false},"excerpt":{"rendered":"<p>Caisse pour 20 grenades \u00e0 fusil antichar \u00ab\u00a0gr.G.Pzgr.\u00a0\u00bb Fermeture par un crochet &#038; poign\u00e9e de transport en toile manquante. Pas de marquage fabricant visible. \u00c9tiquette int\u00e9rieure pr\u00e9sente (incompl\u00e8te). Dimension : L45,5cm x l23cm x h20cm (En l&rsquo;\u00e9tat, usures, modifications) &#8211; Case for 20 anti-tank rifle grenades \u00ab\u00a0gr.G.Pzgr.\u00a0\u00bb Hook closure &#038; missing canvas carrying handle. No<a class=\"more-link\" href=\"https:\/\/military-classic-auction.com\/en\/product\/caisse-pour-20-grenades-a-fusil-antichar-gr-g-pzgr-5\/\">Read more  &#10230;<\/a><\/p>","protected":false},"featured_media":10869,"template":"","meta":[],"product_brand":[],"product_cat":[27],"product_tag":[],"class_list":{"0":"post-12782","1":"product","2":"type-product","3":"status-publish","4":"has-post-thumbnail","6":"product_cat-larmee-des-caisses","8":"first","9":"instock","10":"sold-individually","11":"purchasable","12":"product-type-auction"},"aioseo_notices":[],"_links":{"self":[{"href":"https:\/\/military-classic-auction.com\/en\/wp-json\/wp\/v2\/product\/12782","targetHints":{"allow":["GET"]}}],"collection":[{"href":"https:\/\/military-classic-auction.com\/en\/wp-json\/wp\/v2\/product"}],"about":[{"href":"https:\/\/military-classic-auction.com\/en\/wp-json\/wp\/v2\/types\/product"}],"wp:featuredmedia":[{"embeddable":true,"href":"https:\/\/military-classic-auction.com\/en\/wp-json\/wp\/v2\/media\/10869"}],"wp:attachment":[{"href":"https:\/\/military-classic-auction.com\/en\/wp-json\/wp\/v2\/media?parent=12782"}],"wp:term":[{"taxonomy":"product_brand","embeddable":true,"href":"https:\/\/military-classic-auction.com\/en\/wp-json\/wp\/v2\/product_brand?post=12782"},{"taxonomy":"product_cat","embeddable":true,"href":"https:\/\/military-classic-auction.com\/en\/wp-json\/wp\/v2\/product_cat?post=12782"},{"taxonomy":"product_tag","embeddable":true,"href":"https:\/\/military-classic-auction.com\/en\/wp-json\/wp\/v2\/product_tag?post=12782"}],"curies":[{"name":"wp","href":"https:\/\/api.w.org\/{rel}","templated":true}]}}