{"id":12780,"date":"2024-06-21T16:20:04","date_gmt":"2024-06-21T16:20:04","guid":{"rendered":"https:\/\/military-classic-auction.com\/?post_type=product&#038;p=12780"},"modified":"2024-07-06T11:46:33","modified_gmt":"2024-07-06T11:46:33","slug":"caisse-pour-20-grenades-a-fusil-antichar-gr-g-pzgr-3","status":"publish","type":"product","link":"https:\/\/military-classic-auction.com\/en\/product\/caisse-pour-20-grenades-a-fusil-antichar-gr-g-pzgr-3\/","title":{"rendered":"Caisse pour 20 grenades \u00e0 fusil antichar \u00ab\u00a0gr.G.Pzgr.\u00a0\u00bb"},"content":{"rendered":"<p>Caisse pour 20 grenades \u00e0 fusil antichar \u00ab\u00a0gr.G.Pzgr.\u00a0\u00bb<br \/>\nFermeture par un crochet &#038; poign\u00e9e de transport en toile.<br \/>\nMarquage fabricant, date &#038; waffenamt pr\u00e9sents.<br \/>\n\u00c9tiquette int\u00e9rieure pr\u00e9sente (incompl\u00e8te).<br \/>\nDimension : L46cm x l23cm x h20cm<br \/>\n(En l&rsquo;\u00e9tat, usures)<br \/>\n&#8211;<br \/>\nCase for 20 anti-tank rifle grenades \u00ab\u00a0gr.G.Pzgr.\u00a0\u00bb<br \/>\nClosure with a hook and canvas carrying handle.<br \/>\nManufacturer&rsquo;s marking, date &#038; waffenamt present.<br \/>\nInterior label present (incomplete).<br \/>\nDimensions: L18,1&Prime; x w9&Prime; x h7,8&Prime;<br \/>\n(As is, wear)<\/p>","protected":false},"excerpt":{"rendered":"<p>Caisse pour 20 grenades \u00e0 fusil antichar \u00ab\u00a0gr.G.Pzgr.\u00a0\u00bb Fermeture par un crochet &#038; poign\u00e9e de transport en toile. Marquage fabricant, date &#038; waffenamt pr\u00e9sents. \u00c9tiquette int\u00e9rieure pr\u00e9sente (incompl\u00e8te). Dimension : L46cm x l23cm x h20cm (En l&rsquo;\u00e9tat, usures) &#8211; Case for 20 anti-tank rifle grenades \u00ab\u00a0gr.G.Pzgr.\u00a0\u00bb Closure with a hook and canvas carrying handle. Manufacturer&rsquo;s<a class=\"more-link\" href=\"https:\/\/military-classic-auction.com\/en\/product\/caisse-pour-20-grenades-a-fusil-antichar-gr-g-pzgr-3\/\">Read more  &#10230;<\/a><\/p>","protected":false},"featured_media":10852,"template":"","meta":[],"product_brand":[],"product_cat":[27],"product_tag":[],"class_list":{"0":"post-12780","1":"product","2":"type-product","3":"status-publish","4":"has-post-thumbnail","6":"product_cat-larmee-des-caisses","8":"first","9":"instock","10":"sold-individually","11":"purchasable","12":"product-type-auction"},"aioseo_notices":[],"_links":{"self":[{"href":"https:\/\/military-classic-auction.com\/en\/wp-json\/wp\/v2\/product\/12780","targetHints":{"allow":["GET"]}}],"collection":[{"href":"https:\/\/military-classic-auction.com\/en\/wp-json\/wp\/v2\/product"}],"about":[{"href":"https:\/\/military-classic-auction.com\/en\/wp-json\/wp\/v2\/types\/product"}],"wp:featuredmedia":[{"embeddable":true,"href":"https:\/\/military-classic-auction.com\/en\/wp-json\/wp\/v2\/media\/10852"}],"wp:attachment":[{"href":"https:\/\/military-classic-auction.com\/en\/wp-json\/wp\/v2\/media?parent=12780"}],"wp:term":[{"taxonomy":"product_brand","embeddable":true,"href":"https:\/\/military-classic-auction.com\/en\/wp-json\/wp\/v2\/product_brand?post=12780"},{"taxonomy":"product_cat","embeddable":true,"href":"https:\/\/military-classic-auction.com\/en\/wp-json\/wp\/v2\/product_cat?post=12780"},{"taxonomy":"product_tag","embeddable":true,"href":"https:\/\/military-classic-auction.com\/en\/wp-json\/wp\/v2\/product_tag?post=12780"}],"curies":[{"name":"wp","href":"https:\/\/api.w.org\/{rel}","templated":true}]}}