{"id":12778,"date":"2024-06-21T16:20:02","date_gmt":"2024-06-21T16:20:02","guid":{"rendered":"https:\/\/military-classic-auction.com\/?post_type=product&#038;p=12778"},"modified":"2024-07-06T11:57:40","modified_gmt":"2024-07-06T11:57:40","slug":"caisse-pour-48-grenades-a-fusil-eclairante-a-parachute","status":"publish","type":"product","link":"https:\/\/military-classic-auction.com\/en\/product\/caisse-pour-48-grenades-a-fusil-eclairante-a-parachute\/","title":{"rendered":"Caisse pour 48 grenades \u00e0 fusil \u00e9clairante \u00e0 parachute"},"content":{"rendered":"<p>Caisse pour 48 grenades \u00e0 fusil \u00e9clairante \u00e0 parachute<br \/>\nRare caisse pour 48 grenades l\u00e9g\u00e8re \u00e0 fusil \u00e9clairante avec syst\u00e8me de parachute.<br \/>\nFermeture par un crochet &#038; poign\u00e9e de transport en toile.<br \/>\nPas de marquage fabricant visible.<br \/>\n\u00c9tiquettes pr\u00e9sentes \u00e0 l&rsquo;int\u00e9rieur et sur un cot\u00e9 (incompl\u00e8te).<br \/>\nDimension : L45,5cm x l23cm x h20cm<br \/>\n(En l&rsquo;\u00e9tat, usures)<br \/>\n&#8211;<br \/>\nCase for 48 parachute flare rifle grenades<br \/>\nRare box for 48 light rifle grenades with parachute system.<br \/>\nClosure with a hook and canvas carrying handle.<br \/>\nNo visible manufacturer marking.<br \/>\nLabels present inside and on one side (incomplete).<br \/>\nDimensions: L17,9&Prime; x w9&Prime; x h7,8&Prime;<br \/>\n(As is, wear)<\/p>","protected":false},"excerpt":{"rendered":"<p>Caisse pour 48 grenades \u00e0 fusil \u00e9clairante \u00e0 parachute Rare caisse pour 48 grenades l\u00e9g\u00e8re \u00e0 fusil \u00e9clairante avec syst\u00e8me de parachute. Fermeture par un crochet &#038; poign\u00e9e de transport en toile. Pas de marquage fabricant visible. \u00c9tiquettes pr\u00e9sentes \u00e0 l&rsquo;int\u00e9rieur et sur un cot\u00e9 (incompl\u00e8te). Dimension : L45,5cm x l23cm x h20cm (En l&rsquo;\u00e9tat,<a class=\"more-link\" href=\"https:\/\/military-classic-auction.com\/en\/product\/caisse-pour-48-grenades-a-fusil-eclairante-a-parachute\/\">Read more  &#10230;<\/a><\/p>","protected":false},"featured_media":10835,"template":"","meta":[],"product_brand":[],"product_cat":[27],"product_tag":[],"class_list":{"0":"post-12778","1":"product","2":"type-product","3":"status-publish","4":"has-post-thumbnail","6":"product_cat-larmee-des-caisses","8":"first","9":"instock","10":"sold-individually","11":"purchasable","12":"product-type-auction"},"aioseo_notices":[],"_links":{"self":[{"href":"https:\/\/military-classic-auction.com\/en\/wp-json\/wp\/v2\/product\/12778","targetHints":{"allow":["GET"]}}],"collection":[{"href":"https:\/\/military-classic-auction.com\/en\/wp-json\/wp\/v2\/product"}],"about":[{"href":"https:\/\/military-classic-auction.com\/en\/wp-json\/wp\/v2\/types\/product"}],"wp:featuredmedia":[{"embeddable":true,"href":"https:\/\/military-classic-auction.com\/en\/wp-json\/wp\/v2\/media\/10835"}],"wp:attachment":[{"href":"https:\/\/military-classic-auction.com\/en\/wp-json\/wp\/v2\/media?parent=12778"}],"wp:term":[{"taxonomy":"product_brand","embeddable":true,"href":"https:\/\/military-classic-auction.com\/en\/wp-json\/wp\/v2\/product_brand?post=12778"},{"taxonomy":"product_cat","embeddable":true,"href":"https:\/\/military-classic-auction.com\/en\/wp-json\/wp\/v2\/product_cat?post=12778"},{"taxonomy":"product_tag","embeddable":true,"href":"https:\/\/military-classic-auction.com\/en\/wp-json\/wp\/v2\/product_tag?post=12778"}],"curies":[{"name":"wp","href":"https:\/\/api.w.org\/{rel}","templated":true}]}}