{"id":12776,"date":"2024-06-21T16:20:01","date_gmt":"2024-06-21T16:20:01","guid":{"rendered":"https:\/\/military-classic-auction.com\/?post_type=product&#038;p=12776"},"modified":"2024-07-06T11:22:17","modified_gmt":"2024-07-06T11:22:17","slug":"caisse-pour-30-grenades-a-fusil-antipersonnelles-g-sprgr-4","status":"publish","type":"product","link":"https:\/\/military-classic-auction.com\/en\/product\/caisse-pour-30-grenades-a-fusil-antipersonnelles-g-sprgr-4\/","title":{"rendered":"Caisse pour 30 grenades \u00e0 fusil antipersonnelles \u00ab\u00a0G.Sprgr.\u00a0\u00bb"},"content":{"rendered":"<p>Caisse pour 30 grenades \u00e0 fusil antipersonnelles \u00ab\u00a0G.Sprgr.\u00a0\u00bb<br \/>\nFermeture par un crochet &#038; poign\u00e9e de transport en toile.<br \/>\nPas de marquage fabricant visible.<br \/>\n\u00c9tiquette int\u00e9rieure pr\u00e9sente, dat\u00e9e 1944.<br \/>\nDimension : L41,5cm x l19cm x h16cm<br \/>\n(En l&rsquo;\u00e9tat, usures)<br \/>\n&#8211;<br \/>\nCase for 30 anti-personnel rifle grenades \u00ab\u00a0G.Sprgr.\u00a0\u00bb<br \/>\nClosure with a hook and canvas carrying handle.<br \/>\nNo visible manufacturer marking.<br \/>\nInterior label present, dated 1944.<br \/>\nDimensions: L16,3&Prime; x w7,5&Prime; x h6,3&Prime;<br \/>\n(As is, wear)<\/p>","protected":false},"excerpt":{"rendered":"<p>Caisse pour 30 grenades \u00e0 fusil antipersonnelles \u00ab\u00a0G.Sprgr.\u00a0\u00bb Fermeture par un crochet &#038; poign\u00e9e de transport en toile. Pas de marquage fabricant visible. \u00c9tiquette int\u00e9rieure pr\u00e9sente, dat\u00e9e 1944. Dimension : L41,5cm x l19cm x h16cm (En l&rsquo;\u00e9tat, usures) &#8211; Case for 30 anti-personnel rifle grenades \u00ab\u00a0G.Sprgr.\u00a0\u00bb Closure with a hook and canvas carrying handle. No<a class=\"more-link\" href=\"https:\/\/military-classic-auction.com\/en\/product\/caisse-pour-30-grenades-a-fusil-antipersonnelles-g-sprgr-4\/\">Read more  &#10230;<\/a><\/p>","protected":false},"featured_media":10818,"template":"","meta":[],"product_brand":[],"product_cat":[27],"product_tag":[],"class_list":{"0":"post-12776","1":"product","2":"type-product","3":"status-publish","4":"has-post-thumbnail","6":"product_cat-larmee-des-caisses","8":"first","9":"instock","10":"sold-individually","11":"purchasable","12":"product-type-auction"},"aioseo_notices":[],"_links":{"self":[{"href":"https:\/\/military-classic-auction.com\/en\/wp-json\/wp\/v2\/product\/12776","targetHints":{"allow":["GET"]}}],"collection":[{"href":"https:\/\/military-classic-auction.com\/en\/wp-json\/wp\/v2\/product"}],"about":[{"href":"https:\/\/military-classic-auction.com\/en\/wp-json\/wp\/v2\/types\/product"}],"wp:featuredmedia":[{"embeddable":true,"href":"https:\/\/military-classic-auction.com\/en\/wp-json\/wp\/v2\/media\/10818"}],"wp:attachment":[{"href":"https:\/\/military-classic-auction.com\/en\/wp-json\/wp\/v2\/media?parent=12776"}],"wp:term":[{"taxonomy":"product_brand","embeddable":true,"href":"https:\/\/military-classic-auction.com\/en\/wp-json\/wp\/v2\/product_brand?post=12776"},{"taxonomy":"product_cat","embeddable":true,"href":"https:\/\/military-classic-auction.com\/en\/wp-json\/wp\/v2\/product_cat?post=12776"},{"taxonomy":"product_tag","embeddable":true,"href":"https:\/\/military-classic-auction.com\/en\/wp-json\/wp\/v2\/product_tag?post=12776"}],"curies":[{"name":"wp","href":"https:\/\/api.w.org\/{rel}","templated":true}]}}