{"id":12773,"date":"2024-06-21T16:19:58","date_gmt":"2024-06-21T16:19:58","guid":{"rendered":"https:\/\/military-classic-auction.com\/?post_type=product&#038;p=12773"},"modified":"2024-07-06T11:03:54","modified_gmt":"2024-07-06T11:03:54","slug":"caisse-pour-30-grenades-a-fusil-antipersonnelles-g-sprgr","status":"publish","type":"product","link":"https:\/\/military-classic-auction.com\/en\/product\/caisse-pour-30-grenades-a-fusil-antipersonnelles-g-sprgr\/","title":{"rendered":"Caisse pour 30 grenades \u00e0 fusil antipersonnelles \u00ab\u00a0G.Sprgr.\u00a0\u00bb"},"content":{"rendered":"<p>Caisse pour 30 grenades \u00e0 fusil antipersonnelles \u00ab\u00a0G.Sprgr.\u00a0\u00bb<br \/>\nFermeture par deux crochets &#038; poign\u00e9e de transport en toile.<br \/>\nFabrication : \u00ab\u00a0drv\u00a0\u00bb<br \/>\nDat\u00e9e 1942<br \/>\n\u00c9tiquette int\u00e9rieure pr\u00e9sente (incompl\u00e8te)<br \/>\nDimension : L41,5cm x l19,5cm x h16cm<br \/>\n(En l&rsquo;\u00e9tat, usures, modification)<br \/>\n&#8211;<br \/>\nCase for 30 anti-personnel rifle grenades \u00ab\u00a0G.Sprgr.\u00a0\u00bb<br \/>\nClosure with two hooks &#038; canvas carrying handle.<br \/>\nManufacture: \u00ab\u00a0drv\u00a0\u00bb<br \/>\nDated 1942<br \/>\nInterior label present (incomplete)<br \/>\nDimensions: L16,3&Prime; x w7,6&Prime; x h6,3&Prime;<br \/>\n(As is, wear, modification)<\/p>","protected":false},"excerpt":{"rendered":"<p>Caisse pour 30 grenades \u00e0 fusil antipersonnelles \u00ab\u00a0G.Sprgr.\u00a0\u00bb Fermeture par deux crochets &#038; poign\u00e9e de transport en toile. Fabrication : \u00ab\u00a0drv\u00a0\u00bb Dat\u00e9e 1942 \u00c9tiquette int\u00e9rieure pr\u00e9sente (incompl\u00e8te) Dimension : L41,5cm x l19,5cm x h16cm (En l&rsquo;\u00e9tat, usures, modification) &#8211; Case for 30 anti-personnel rifle grenades \u00ab\u00a0G.Sprgr.\u00a0\u00bb Closure with two hooks &#038; canvas carrying handle. Manufacture:<a class=\"more-link\" href=\"https:\/\/military-classic-auction.com\/en\/product\/caisse-pour-30-grenades-a-fusil-antipersonnelles-g-sprgr\/\">Read more  &#10230;<\/a><\/p>","protected":false},"featured_media":10793,"template":"","meta":[],"product_brand":[],"product_cat":[27],"product_tag":[],"class_list":{"0":"post-12773","1":"product","2":"type-product","3":"status-publish","4":"has-post-thumbnail","6":"product_cat-larmee-des-caisses","8":"first","9":"instock","10":"sold-individually","11":"purchasable","12":"product-type-auction"},"aioseo_notices":[],"_links":{"self":[{"href":"https:\/\/military-classic-auction.com\/en\/wp-json\/wp\/v2\/product\/12773","targetHints":{"allow":["GET"]}}],"collection":[{"href":"https:\/\/military-classic-auction.com\/en\/wp-json\/wp\/v2\/product"}],"about":[{"href":"https:\/\/military-classic-auction.com\/en\/wp-json\/wp\/v2\/types\/product"}],"wp:featuredmedia":[{"embeddable":true,"href":"https:\/\/military-classic-auction.com\/en\/wp-json\/wp\/v2\/media\/10793"}],"wp:attachment":[{"href":"https:\/\/military-classic-auction.com\/en\/wp-json\/wp\/v2\/media?parent=12773"}],"wp:term":[{"taxonomy":"product_brand","embeddable":true,"href":"https:\/\/military-classic-auction.com\/en\/wp-json\/wp\/v2\/product_brand?post=12773"},{"taxonomy":"product_cat","embeddable":true,"href":"https:\/\/military-classic-auction.com\/en\/wp-json\/wp\/v2\/product_cat?post=12773"},{"taxonomy":"product_tag","embeddable":true,"href":"https:\/\/military-classic-auction.com\/en\/wp-json\/wp\/v2\/product_tag?post=12773"}],"curies":[{"name":"wp","href":"https:\/\/api.w.org\/{rel}","templated":true}]}}