{"id":12772,"date":"2024-06-21T16:19:58","date_gmt":"2024-06-21T16:19:58","guid":{"rendered":"https:\/\/military-classic-auction.com\/?post_type=product&#038;p=12772"},"modified":"2024-07-06T11:56:23","modified_gmt":"2024-07-06T11:56:23","slug":"caisse-a-grenades-2","status":"publish","type":"product","link":"https:\/\/military-classic-auction.com\/en\/product\/caisse-a-grenades-2\/","title":{"rendered":"Caisse \u00e0 grenades"},"content":{"rendered":"<p>Caisse \u00e0 grenades<br \/>\nCaisse pouvant contenir des grenades \u00e0 manche ou \u0153ufs.<br \/>\nPas de marquage visible.<br \/>\n\u00c9tiquettes incompl\u00e8tes.<br \/>\nR\u00e2telier manquant.<br \/>\nDimension : L48cm x l38cm x h13,5cm (environ)<br \/>\n(En l&rsquo;\u00e9tat, usures, chocs)<br \/>\n&#8211;<br \/>\nGrenade box<br \/>\nBox that can hold stick grenades or eggs.<br \/>\nNo visible marking.<br \/>\nIncomplete labels.<br \/>\nMissing rack.<br \/>\nDimensions: L18,9&Prime; x w14,9&Prime; x h5,3&Prime; (approximately)<br \/>\n(As is, wear, shocks)<\/p>","protected":false},"excerpt":{"rendered":"<p>Caisse \u00e0 grenades Caisse pouvant contenir des grenades \u00e0 manche ou \u0153ufs. Pas de marquage visible. \u00c9tiquettes incompl\u00e8tes. R\u00e2telier manquant. Dimension : L48cm x l38cm x h13,5cm (environ) (En l&rsquo;\u00e9tat, usures, chocs) &#8211; Grenade box Box that can hold stick grenades or eggs. No visible marking. Incomplete labels. Missing rack. Dimensions: L18,9&Prime; x w14,9&Prime; x<a class=\"more-link\" href=\"https:\/\/military-classic-auction.com\/en\/product\/caisse-a-grenades-2\/\">Read more  &#10230;<\/a><\/p>","protected":false},"featured_media":10776,"template":"","meta":[],"product_brand":[],"product_cat":[27],"product_tag":[],"class_list":{"0":"post-12772","1":"product","2":"type-product","3":"status-publish","4":"has-post-thumbnail","6":"product_cat-larmee-des-caisses","8":"first","9":"instock","10":"sold-individually","11":"purchasable","12":"product-type-auction"},"aioseo_notices":[],"_links":{"self":[{"href":"https:\/\/military-classic-auction.com\/en\/wp-json\/wp\/v2\/product\/12772","targetHints":{"allow":["GET"]}}],"collection":[{"href":"https:\/\/military-classic-auction.com\/en\/wp-json\/wp\/v2\/product"}],"about":[{"href":"https:\/\/military-classic-auction.com\/en\/wp-json\/wp\/v2\/types\/product"}],"wp:featuredmedia":[{"embeddable":true,"href":"https:\/\/military-classic-auction.com\/en\/wp-json\/wp\/v2\/media\/10776"}],"wp:attachment":[{"href":"https:\/\/military-classic-auction.com\/en\/wp-json\/wp\/v2\/media?parent=12772"}],"wp:term":[{"taxonomy":"product_brand","embeddable":true,"href":"https:\/\/military-classic-auction.com\/en\/wp-json\/wp\/v2\/product_brand?post=12772"},{"taxonomy":"product_cat","embeddable":true,"href":"https:\/\/military-classic-auction.com\/en\/wp-json\/wp\/v2\/product_cat?post=12772"},{"taxonomy":"product_tag","embeddable":true,"href":"https:\/\/military-classic-auction.com\/en\/wp-json\/wp\/v2\/product_tag?post=12772"}],"curies":[{"name":"wp","href":"https:\/\/api.w.org\/{rel}","templated":true}]}}