{"id":12770,"date":"2024-06-21T16:19:54","date_gmt":"2024-06-21T16:19:54","guid":{"rendered":"https:\/\/military-classic-auction.com\/?post_type=product&#038;p=12770"},"modified":"2024-07-06T11:39:10","modified_gmt":"2024-07-06T11:39:10","slug":"caisse-pour-15-grenades-a-manche-mle-24-3","status":"publish","type":"product","link":"https:\/\/military-classic-auction.com\/en\/product\/caisse-pour-15-grenades-a-manche-mle-24-3\/","title":{"rendered":"Caisse pour 15 grenades \u00e0 manche Mle. 24"},"content":{"rendered":"<p>Caisse pour 15 grenades \u00e0 manche Mle. 24<br \/>\nFabrication : \u00ab\u00a0ggm\u00a0\u00bb<br \/>\nDat\u00e9e 1941<br \/>\n\u00c9tiquette pr\u00e9sente mais abim\u00e9e.<br \/>\nR\u00e2telier manquant.<br \/>\nDimension : L48cm x l38cm x h13,5cm (environ)<br \/>\n(En l&rsquo;\u00e9tat, usures, chocs)<br \/>\n&#8211;<br \/>\nCase for 15 Mle handle grenades. 24<br \/>\nManufacture: \u00ab\u00a0ggm\u00a0\u00bb<br \/>\nDated 1941<br \/>\nLabel present but damaged.<br \/>\nMissing rack.<br \/>\nDimensions: L18,9&Prime; x w14,9&Prime; x h5,3&Prime; (approximately)<br \/>\n(As is, wear, shocks)<\/p>","protected":false},"excerpt":{"rendered":"<p>Caisse pour 15 grenades \u00e0 manche Mle. 24 Fabrication : \u00ab\u00a0ggm\u00a0\u00bb Dat\u00e9e 1941 \u00c9tiquette pr\u00e9sente mais abim\u00e9e. R\u00e2telier manquant. Dimension : L48cm x l38cm x h13,5cm (environ) (En l&rsquo;\u00e9tat, usures, chocs) &#8211; Case for 15 Mle handle grenades. 24 Manufacture: \u00ab\u00a0ggm\u00a0\u00bb Dated 1941 Label present but damaged. Missing rack. Dimensions: L18,9&Prime; x w14,9&Prime; x h5,3&Prime;<a class=\"more-link\" href=\"https:\/\/military-classic-auction.com\/en\/product\/caisse-pour-15-grenades-a-manche-mle-24-3\/\">Read more  &#10230;<\/a><\/p>","protected":false},"featured_media":10743,"template":"","meta":[],"product_brand":[],"product_cat":[27],"product_tag":[],"class_list":{"0":"post-12770","1":"product","2":"type-product","3":"status-publish","4":"has-post-thumbnail","6":"product_cat-larmee-des-caisses","8":"first","9":"instock","10":"sold-individually","11":"purchasable","12":"product-type-auction"},"aioseo_notices":[],"_links":{"self":[{"href":"https:\/\/military-classic-auction.com\/en\/wp-json\/wp\/v2\/product\/12770","targetHints":{"allow":["GET"]}}],"collection":[{"href":"https:\/\/military-classic-auction.com\/en\/wp-json\/wp\/v2\/product"}],"about":[{"href":"https:\/\/military-classic-auction.com\/en\/wp-json\/wp\/v2\/types\/product"}],"wp:featuredmedia":[{"embeddable":true,"href":"https:\/\/military-classic-auction.com\/en\/wp-json\/wp\/v2\/media\/10743"}],"wp:attachment":[{"href":"https:\/\/military-classic-auction.com\/en\/wp-json\/wp\/v2\/media?parent=12770"}],"wp:term":[{"taxonomy":"product_brand","embeddable":true,"href":"https:\/\/military-classic-auction.com\/en\/wp-json\/wp\/v2\/product_brand?post=12770"},{"taxonomy":"product_cat","embeddable":true,"href":"https:\/\/military-classic-auction.com\/en\/wp-json\/wp\/v2\/product_cat?post=12770"},{"taxonomy":"product_tag","embeddable":true,"href":"https:\/\/military-classic-auction.com\/en\/wp-json\/wp\/v2\/product_tag?post=12770"}],"curies":[{"name":"wp","href":"https:\/\/api.w.org\/{rel}","templated":true}]}}