{"id":12769,"date":"2024-06-21T16:19:53","date_gmt":"2024-06-21T16:19:53","guid":{"rendered":"https:\/\/military-classic-auction.com\/?post_type=product&#038;p=12769"},"modified":"2024-07-06T11:39:17","modified_gmt":"2024-07-06T11:39:17","slug":"caisse-pour-15-grenades-a-manche-mle-24-2","status":"publish","type":"product","link":"https:\/\/military-classic-auction.com\/en\/product\/caisse-pour-15-grenades-a-manche-mle-24-2\/","title":{"rendered":"Caisse pour 15 grenades \u00e0 manche Mle. 24"},"content":{"rendered":"<p>Caisse pour 15 grenades \u00e0 manche Mle. 24<br \/>\nDat\u00e9e 1939<br \/>\nMarquage : \u00ab\u00a015 Stielhgr.24.\u00a0\u00bb<br \/>\nPlusieurs marquages \u00e0 l&rsquo;int\u00e9rieur et sur la face avant.<br \/>\n\u00c9tiquette &#038; r\u00e2telier manquants.<br \/>\nDimension : L48cm x l38cm x h13,5cm (environ)<br \/>\n(En l&rsquo;\u00e9tat, usures, chocs)<br \/>\n&#8211;<br \/>\nCase for 15 Mle handle grenades. 24<br \/>\nDated 1939<br \/>\nMarking: \u00ab\u00a015 Stielhgr.24.\u00a0\u00bb<br \/>\nSeveral markings inside and on the front.<br \/>\nMissing label &#038; rack.<br \/>\nDimensions: L18,9&Prime; x w14,9&Prime; x h5,3&Prime; (approximately)<br \/>\n(As is, wear, shocks)<\/p>","protected":false},"excerpt":{"rendered":"<p>Caisse pour 15 grenades \u00e0 manche Mle. 24 Dat\u00e9e 1939 Marquage : \u00ab\u00a015 Stielhgr.24.\u00a0\u00bb Plusieurs marquages \u00e0 l&rsquo;int\u00e9rieur et sur la face avant. \u00c9tiquette &#038; r\u00e2telier manquants. Dimension : L48cm x l38cm x h13,5cm (environ) (En l&rsquo;\u00e9tat, usures, chocs) &#8211; Case for 15 Mle handle grenades. 24 Dated 1939 Marking: \u00ab\u00a015 Stielhgr.24.\u00a0\u00bb Several markings inside<a class=\"more-link\" href=\"https:\/\/military-classic-auction.com\/en\/product\/caisse-pour-15-grenades-a-manche-mle-24-2\/\">Read more  &#10230;<\/a><\/p>","protected":false},"featured_media":10733,"template":"","meta":[],"product_brand":[],"product_cat":[27],"product_tag":[],"class_list":{"0":"post-12769","1":"product","2":"type-product","3":"status-publish","4":"has-post-thumbnail","6":"product_cat-larmee-des-caisses","8":"first","9":"instock","10":"sold-individually","11":"purchasable","12":"product-type-auction"},"aioseo_notices":[],"_links":{"self":[{"href":"https:\/\/military-classic-auction.com\/en\/wp-json\/wp\/v2\/product\/12769","targetHints":{"allow":["GET"]}}],"collection":[{"href":"https:\/\/military-classic-auction.com\/en\/wp-json\/wp\/v2\/product"}],"about":[{"href":"https:\/\/military-classic-auction.com\/en\/wp-json\/wp\/v2\/types\/product"}],"wp:featuredmedia":[{"embeddable":true,"href":"https:\/\/military-classic-auction.com\/en\/wp-json\/wp\/v2\/media\/10733"}],"wp:attachment":[{"href":"https:\/\/military-classic-auction.com\/en\/wp-json\/wp\/v2\/media?parent=12769"}],"wp:term":[{"taxonomy":"product_brand","embeddable":true,"href":"https:\/\/military-classic-auction.com\/en\/wp-json\/wp\/v2\/product_brand?post=12769"},{"taxonomy":"product_cat","embeddable":true,"href":"https:\/\/military-classic-auction.com\/en\/wp-json\/wp\/v2\/product_cat?post=12769"},{"taxonomy":"product_tag","embeddable":true,"href":"https:\/\/military-classic-auction.com\/en\/wp-json\/wp\/v2\/product_tag?post=12769"}],"curies":[{"name":"wp","href":"https:\/\/api.w.org\/{rel}","templated":true}]}}