{"id":12767,"date":"2024-06-21T16:19:51","date_gmt":"2024-06-21T16:19:51","guid":{"rendered":"https:\/\/military-classic-auction.com\/?post_type=product&#038;p=12767"},"modified":"2024-07-06T11:26:56","modified_gmt":"2024-07-06T11:26:57","slug":"caisse-pour-30-grenades-oeufs-mle-39","status":"publish","type":"product","link":"https:\/\/military-classic-auction.com\/en\/product\/caisse-pour-30-grenades-oeufs-mle-39\/","title":{"rendered":"Caisse pour 30 grenades \u0153ufs Mle. 39"},"content":{"rendered":"<p>Caisse pour 30 grenades \u0153ufs Mle. 39<br \/>\nMarquage : \u00ab\u00a030Ei-Hdgr.39\u00a0\u00bb<br \/>\n\u00c9tiquette &#038; r\u00e2telier manquants.<br \/>\nDimension : L48cm x l38cm x h13,5cm (environ)<br \/>\n(En l&rsquo;\u00e9tat, usures, chocs)<br \/>\n&#8211;<br \/>\nCase for 30 Mle egg grenades. 39<br \/>\nMarking: \u00ab\u00a030Ei-Hdgr.39&Prime;<br \/>\nMissing label &#038; rack.<br \/>\nDimensions: L18,9&Prime; x w14,9&Prime; x h5,3\u00a0\u00bb (approximately)<br \/>\n(As is, wear, shocks)<\/p>","protected":false},"excerpt":{"rendered":"<p>Caisse pour 30 grenades \u0153ufs Mle. 39 Marquage : \u00ab\u00a030Ei-Hdgr.39\u00a0\u00bb \u00c9tiquette &#038; r\u00e2telier manquants. Dimension : L48cm x l38cm x h13,5cm (environ) (En l&rsquo;\u00e9tat, usures, chocs) &#8211; Case for 30 Mle egg grenades. 39 Marking: \u00ab\u00a030Ei-Hdgr.39&Prime; Missing label &#038; rack. Dimensions: L18,9&Prime; x w14,9&Prime; x h5,3\u00a0\u00bb (approximately) (As is, wear, shocks)<\/p>","protected":false},"featured_media":10709,"template":"","meta":[],"product_brand":[],"product_cat":[27],"product_tag":[],"class_list":{"0":"post-12767","1":"product","2":"type-product","3":"status-publish","4":"has-post-thumbnail","6":"product_cat-larmee-des-caisses","8":"first","9":"instock","10":"sold-individually","11":"purchasable","12":"product-type-auction"},"aioseo_notices":[],"_links":{"self":[{"href":"https:\/\/military-classic-auction.com\/en\/wp-json\/wp\/v2\/product\/12767","targetHints":{"allow":["GET"]}}],"collection":[{"href":"https:\/\/military-classic-auction.com\/en\/wp-json\/wp\/v2\/product"}],"about":[{"href":"https:\/\/military-classic-auction.com\/en\/wp-json\/wp\/v2\/types\/product"}],"wp:featuredmedia":[{"embeddable":true,"href":"https:\/\/military-classic-auction.com\/en\/wp-json\/wp\/v2\/media\/10709"}],"wp:attachment":[{"href":"https:\/\/military-classic-auction.com\/en\/wp-json\/wp\/v2\/media?parent=12767"}],"wp:term":[{"taxonomy":"product_brand","embeddable":true,"href":"https:\/\/military-classic-auction.com\/en\/wp-json\/wp\/v2\/product_brand?post=12767"},{"taxonomy":"product_cat","embeddable":true,"href":"https:\/\/military-classic-auction.com\/en\/wp-json\/wp\/v2\/product_cat?post=12767"},{"taxonomy":"product_tag","embeddable":true,"href":"https:\/\/military-classic-auction.com\/en\/wp-json\/wp\/v2\/product_tag?post=12767"}],"curies":[{"name":"wp","href":"https:\/\/api.w.org\/{rel}","templated":true}]}}